{"id":3359,"date":"2020-12-25T16:09:04","date_gmt":"2020-12-25T16:09:04","guid":{"rendered":"https:\/\/kyzen-finance.com\/product\/evaluation-par-le-revenu-residuel-residual-income\/"},"modified":"2020-12-25T16:09:04","modified_gmt":"2020-12-25T16:09:04","slug":"evaluation-par-le-revenu-residuel-residual-income","status":"publish","type":"product","link":"https:\/\/kyzen-finance.com\/fr\/product\/evaluation-par-le-revenu-residuel-residual-income\/","title":{"rendered":"\u00c9valuation par le revenu r\u00e9siduel (Residual Income)"},"content":{"rendered":"<p><strong>Connaissances pr\u00e9alables:<\/strong><\/p>\n<p>&#8211; Comprendre les \u00e9tats financiers<\/p>\n<p>&#8211; \u00c9valuation de base des actions<\/p>\n<p>&#8211; La valeur temps de l&rsquo;argent<\/p>\n<p><strong>Niveau du cours:<\/strong><\/p>\n<p>Avanc\u00e9<\/p>\n<p><strong>Objectifs d&rsquo;apprentissage du cours:<\/strong><\/p>\n<p>&#8211; D\u00e9finition du revenu r\u00e9siduel<\/p>\n<p>&#8211; Calculer le revenu r\u00e9siduel<\/p>\n<p>&#8211; Calculer la valeur d&rsquo;une entreprise \u00e0 l&rsquo;aide du mod\u00e8le de revenu r\u00e9siduel<\/p>\n<p>&#8211; Comparer le mod\u00e8le de revenu r\u00e9siduel \u00e0 d&rsquo;autres mod\u00e8les de valorisation<\/p>\n<p><strong>Concepts cl\u00e9s:<\/strong><\/p>\n<p>&#8211; Revenu r\u00e9siduel<\/p>\n<p>&#8211; Facteur de persistance<\/p>\n<p>&#8211; Valeur comptable des fonds propres<\/p>\n<p><strong>Ce cours comprend:<\/strong><\/p>\n<p>&#8211; Vid\u00e9os de cours \u00e0 la demande<\/p>\n<p>&#8211; Diapositives de cours t\u00e9l\u00e9chargeables<\/p>\n<p>&#8211; Questions pratiques<\/p>\n<p>&#8211; \u00c9tudes de cas<\/p>\n<p>&#8211; Quiz final<\/p>\n<p>&#8211; Certificat de cours<\/p>\n","protected":false},"excerpt":{"rendered":"<p>Connaissances pr\u00e9alables: &#8211; Comprendre les \u00e9tats financiers &#8211; \u00c9valuation de base des actions &#8211; La valeur temps de l&rsquo;argent Niveau &hellip;<\/p>\n","protected":false},"featured_media":921,"template":"","meta":{"_vibebp_attr":"","_vibebp_dimensions":"","_vibebp_responsive_height":"","_vibebp_accordion_ie_support":"","_joinchat":[]},"product_brand":[],"product_cat":[],"product_tag":[],"class_list":{"0":"post-3359","1":"product","2":"type-product","3":"status-publish","4":"has-post-thumbnail","7":"first","8":"instock","9":"downloadable","10":"virtual","11":"sold-individually","12":"purchasable","13":"product-type-simple"},"aioseo_notices":[],"jetpack-related-posts":[{"id":3465,"url":"https:\/\/kyzen-finance.com\/fr\/product\/modeles-de-valorisation-non-conventionnels\/","url_meta":{"origin":3359,"position":0},"title":"Mod\u00e8les de valorisation non conventionnels","author":"Charles Patrick, CFA","date":"","format":false,"excerpt":"Connaissances pr\u00e9alables: - La valeur temps de l'argent - Comprendre les \u00e9tats financiers - Mod\u00e8les de base de valorisation des actions Niveau du cours: Expert Concepts cl\u00e9s: - Revenu r\u00e9siduel - La valeur ajout\u00e9e \u00e9conomique - Options r\u00e9elles - Mod\u00e8le H Ce cours comprend: - Vid\u00e9os de cours \u00e0 la\u2026","rel":"","context":"Article similaire","block_context":{"text":"Article similaire","link":""},"img":{"alt_text":"Practice Book \u2013 Bond Valuation | Finance eBook","src":"https:\/\/i0.wp.com\/kyzen-finance.com\/wp-content\/uploads\/2020\/07\/ecb-5377160_1920.jpg?fit=1200%2C960&ssl=1&resize=350%2C200","width":350,"height":200,"srcset":"https:\/\/i0.wp.com\/kyzen-finance.com\/wp-content\/uploads\/2020\/07\/ecb-5377160_1920.jpg?fit=1200%2C960&ssl=1&resize=350%2C200 1x, https:\/\/i0.wp.com\/kyzen-finance.com\/wp-content\/uploads\/2020\/07\/ecb-5377160_1920.jpg?fit=1200%2C960&ssl=1&resize=525%2C300 1.5x, https:\/\/i0.wp.com\/kyzen-finance.com\/wp-content\/uploads\/2020\/07\/ecb-5377160_1920.jpg?fit=1200%2C960&ssl=1&resize=700%2C400 2x, https:\/\/i0.wp.com\/kyzen-finance.com\/wp-content\/uploads\/2020\/07\/ecb-5377160_1920.jpg?fit=1200%2C960&ssl=1&resize=1050%2C600 3x"},"classes":[]},{"id":3231,"url":"https:\/\/kyzen-finance.com\/fr\/product\/restructuration-dentreprises\/","url_meta":{"origin":3359,"position":1},"title":"Restructuration d&rsquo;entreprises","author":"Charles Patrick, CFA","date":"","format":false,"excerpt":"Connaissances pr\u00e9alables: - Comprendre les \u00e9tats financiers - Comprendre la structure du capital des entreprises - La valeur temps de l'argent Niveau du cours: Avanc\u00e9e Concepts cl\u00e9s: - Processus de restructuration d'entreprise - Restructuration de la dette - Scissions - Mod\u00e8le de revenu r\u00e9siduel (Residual Income) - Mod\u00e8les \u00e9conomiques \u00e0\u2026","rel":"","context":"Article similaire","block_context":{"text":"Article similaire","link":""},"img":{"alt_text":"Practice Book \u2013 Capital Asset Pricing Model","src":"https:\/\/i0.wp.com\/kyzen-finance.com\/wp-content\/uploads\/2020\/07\/dubai-city-difc-5268376_1920.jpg?fit=1200%2C800&ssl=1&resize=350%2C200","width":350,"height":200,"srcset":"https:\/\/i0.wp.com\/kyzen-finance.com\/wp-content\/uploads\/2020\/07\/dubai-city-difc-5268376_1920.jpg?fit=1200%2C800&ssl=1&resize=350%2C200 1x, https:\/\/i0.wp.com\/kyzen-finance.com\/wp-content\/uploads\/2020\/07\/dubai-city-difc-5268376_1920.jpg?fit=1200%2C800&ssl=1&resize=525%2C300 1.5x, https:\/\/i0.wp.com\/kyzen-finance.com\/wp-content\/uploads\/2020\/07\/dubai-city-difc-5268376_1920.jpg?fit=1200%2C800&ssl=1&resize=700%2C400 2x, https:\/\/i0.wp.com\/kyzen-finance.com\/wp-content\/uploads\/2020\/07\/dubai-city-difc-5268376_1920.jpg?fit=1200%2C800&ssl=1&resize=1050%2C600 3x"},"classes":[]},{"id":3204,"url":"https:\/\/kyzen-finance.com\/fr\/product\/politique-de-dividendes\/","url_meta":{"origin":3359,"position":2},"title":"Politique de Dividendes","author":"Charles Patrick, CFA","date":"","format":false,"excerpt":"Connaissances pr\u00e9alables: Comprendre les \u00e9tats financiers Niveau du cours: Interm\u00e9diaire Concepts cl\u00e9s: - Dividendes r\u00e9siduels - Dividendes stables - Dividendes proportionnels - Th\u00e9orie du \u201cBird In Hand\u201d - Dividendes faits maison - La d\u00e9tresse financi\u00e8re Ce cours comprend: - Vid\u00e9os de cours \u00e0 la demande - Diapositives de cours t\u00e9l\u00e9chargeables\u2026","rel":"","context":"Article similaire","block_context":{"text":"Article similaire","link":""},"img":{"alt_text":"Online Finance Courses","src":"https:\/\/i0.wp.com\/kyzen-finance.com\/wp-content\/uploads\/2020\/07\/person-731479_1920.jpg?fit=1200%2C794&ssl=1&resize=350%2C200","width":350,"height":200,"srcset":"https:\/\/i0.wp.com\/kyzen-finance.com\/wp-content\/uploads\/2020\/07\/person-731479_1920.jpg?fit=1200%2C794&ssl=1&resize=350%2C200 1x, https:\/\/i0.wp.com\/kyzen-finance.com\/wp-content\/uploads\/2020\/07\/person-731479_1920.jpg?fit=1200%2C794&ssl=1&resize=525%2C300 1.5x, https:\/\/i0.wp.com\/kyzen-finance.com\/wp-content\/uploads\/2020\/07\/person-731479_1920.jpg?fit=1200%2C794&ssl=1&resize=700%2C400 2x, https:\/\/i0.wp.com\/kyzen-finance.com\/wp-content\/uploads\/2020\/07\/person-731479_1920.jpg?fit=1200%2C794&ssl=1&resize=1050%2C600 3x"},"classes":[]},{"id":3119,"url":"https:\/\/kyzen-finance.com\/fr\/product\/le-modele-eva\/","url_meta":{"origin":3359,"position":3},"title":"Le Mod\u00e8le EVA","author":"Charles Patrick, CFA","date":"","format":false,"excerpt":"Conditions pr\u00e9alables: - Comprendre les \u00e9tats financiers - La valeur temps de l'argent - Valorisation des flux de tr\u00e9sorerie actualis\u00e9s - Mesurer le co\u00fbt du capital - Outils de d\u00e9cision d'investissement Niveau du cours: Expert Concepts cl\u00e9s: - Profit \u00e9conomique - Revenu \u00e9conomique - NOPAT - Dollar WACC - La\u2026","rel":"","context":"Article similaire","block_context":{"text":"Article similaire","link":""},"img":{"alt_text":"","src":"https:\/\/i0.wp.com\/kyzen-finance.com\/wp-content\/uploads\/2020\/07\/financial-2860753_1920.jpg?fit=1200%2C794&ssl=1&resize=350%2C200","width":350,"height":200,"srcset":"https:\/\/i0.wp.com\/kyzen-finance.com\/wp-content\/uploads\/2020\/07\/financial-2860753_1920.jpg?fit=1200%2C794&ssl=1&resize=350%2C200 1x, https:\/\/i0.wp.com\/kyzen-finance.com\/wp-content\/uploads\/2020\/07\/financial-2860753_1920.jpg?fit=1200%2C794&ssl=1&resize=525%2C300 1.5x, https:\/\/i0.wp.com\/kyzen-finance.com\/wp-content\/uploads\/2020\/07\/financial-2860753_1920.jpg?fit=1200%2C794&ssl=1&resize=700%2C400 2x, https:\/\/i0.wp.com\/kyzen-finance.com\/wp-content\/uploads\/2020\/07\/financial-2860753_1920.jpg?fit=1200%2C794&ssl=1&resize=1050%2C600 3x"},"classes":[]},{"id":2724,"url":"https:\/\/kyzen-finance.com\/fr\/product\/outils-de-decision-d-investissement\/","url_meta":{"origin":3359,"position":4},"title":"Outils de prise de d\u00e9cision d&rsquo;investissement","author":"Cheikh NIANG, PhD, CFA","date":"","format":false,"excerpt":"Pr\u00e9-requis - Valeur temps de l'argent Niveau du cours D\u00e9butant Objectifs d' apprentissage - Calculer et interpr\u00e9ter la Valeur Actuelle Nette (VAN) - Calculer et interpr\u00e9ter le Taux de Rendement Interne (TRI) - Calculer et interpr\u00e9ter le d\u00e9lai de r\u00e9cup\u00e9ration - Calculer et interpr\u00e9ter le d\u00e9lai de r\u00e9cup\u00e9ration actualis\u00e9 -\u2026","rel":"","context":"Article similaire","block_context":{"text":"Article similaire","link":""},"img":{"alt_text":"Online Courses For Finance","src":"https:\/\/i0.wp.com\/kyzen-finance.com\/wp-content\/uploads\/2020\/07\/business-man-1031755_1920.jpg?fit=1200%2C806&ssl=1&resize=350%2C200","width":350,"height":200,"srcset":"https:\/\/i0.wp.com\/kyzen-finance.com\/wp-content\/uploads\/2020\/07\/business-man-1031755_1920.jpg?fit=1200%2C806&ssl=1&resize=350%2C200 1x, https:\/\/i0.wp.com\/kyzen-finance.com\/wp-content\/uploads\/2020\/07\/business-man-1031755_1920.jpg?fit=1200%2C806&ssl=1&resize=525%2C300 1.5x, https:\/\/i0.wp.com\/kyzen-finance.com\/wp-content\/uploads\/2020\/07\/business-man-1031755_1920.jpg?fit=1200%2C806&ssl=1&resize=700%2C400 2x, https:\/\/i0.wp.com\/kyzen-finance.com\/wp-content\/uploads\/2020\/07\/business-man-1031755_1920.jpg?fit=1200%2C806&ssl=1&resize=1050%2C600 3x"},"classes":[]},{"id":2738,"url":"https:\/\/kyzen-finance.com\/fr\/product\/actualisation-des-cash-flows\/","url_meta":{"origin":3359,"position":5},"title":"M\u00e9thodes de valorisation par l&rsquo;actualisation des flux de tr\u00e9sorerie","author":"Cheikh NIANG, PhD, CFA","date":"","format":false,"excerpt":"Pr\u00e9-requis - Valeur temps de l'argent - Le co\u00fbt du capital - Calcul des free cash flow Niveau du cours Avanc\u00e9 Concepts cl\u00e9s - Free cash flow - Actualisation des cash flow - Valeur terminale - Le co\u00fbt du capital Ce cours inclut: - Vid\u00e9os de cours \u00e0 la demande\u2026","rel":"","context":"Article similaire","block_context":{"text":"Article similaire","link":""},"img":{"alt_text":"Valorisation d\u2019entreprises par la m\u00e9thode des flux de tr\u00e9sorerie actualis\u00e9s","src":"https:\/\/i0.wp.com\/kyzen-finance.com\/wp-content\/uploads\/2020\/07\/people-2568603_1920.jpg?fit=1200%2C801&ssl=1&resize=350%2C200","width":350,"height":200,"srcset":"https:\/\/i0.wp.com\/kyzen-finance.com\/wp-content\/uploads\/2020\/07\/people-2568603_1920.jpg?fit=1200%2C801&ssl=1&resize=350%2C200 1x, https:\/\/i0.wp.com\/kyzen-finance.com\/wp-content\/uploads\/2020\/07\/people-2568603_1920.jpg?fit=1200%2C801&ssl=1&resize=525%2C300 1.5x, https:\/\/i0.wp.com\/kyzen-finance.com\/wp-content\/uploads\/2020\/07\/people-2568603_1920.jpg?fit=1200%2C801&ssl=1&resize=700%2C400 2x, https:\/\/i0.wp.com\/kyzen-finance.com\/wp-content\/uploads\/2020\/07\/people-2568603_1920.jpg?fit=1200%2C801&ssl=1&resize=1050%2C600 3x"},"classes":[]}],"jetpack_sharing_enabled":true,"_links":{"self":[{"href":"https:\/\/kyzen-finance.com\/fr\/wp-json\/wp\/v2\/product\/3359","targetHints":{"allow":["GET"]}}],"collection":[{"href":"https:\/\/kyzen-finance.com\/fr\/wp-json\/wp\/v2\/product"}],"about":[{"href":"https:\/\/kyzen-finance.com\/fr\/wp-json\/wp\/v2\/types\/product"}],"version-history":[{"count":0,"href":"https:\/\/kyzen-finance.com\/fr\/wp-json\/wp\/v2\/product\/3359\/revisions"}],"wp:featuredmedia":[{"embeddable":true,"href":"https:\/\/kyzen-finance.com\/fr\/wp-json\/wp\/v2\/media\/921"}],"wp:attachment":[{"href":"https:\/\/kyzen-finance.com\/fr\/wp-json\/wp\/v2\/media?parent=3359"}],"wp:term":[{"taxonomy":"product_brand","embeddable":true,"href":"https:\/\/kyzen-finance.com\/fr\/wp-json\/wp\/v2\/product_brand?post=3359"},{"taxonomy":"product_cat","embeddable":true,"href":"https:\/\/kyzen-finance.com\/fr\/wp-json\/wp\/v2\/product_cat?post=3359"},{"taxonomy":"product_tag","embeddable":true,"href":"https:\/\/kyzen-finance.com\/fr\/wp-json\/wp\/v2\/product_tag?post=3359"}],"curies":[{"name":"wp","href":"https:\/\/api.w.org\/{rel}","templated":true}]}}