{"id":3310,"date":"2020-12-25T11:48:17","date_gmt":"2020-12-25T11:48:17","guid":{"rendered":"https:\/\/kyzen-finance.com\/product\/introductions-en-bourse-2\/"},"modified":"2020-12-25T11:48:17","modified_gmt":"2020-12-25T11:48:17","slug":"introductions-en-bourse-2","status":"publish","type":"product","link":"https:\/\/kyzen-finance.com\/fr\/product\/introductions-en-bourse-2\/","title":{"rendered":"Introductions en bourse"},"content":{"rendered":"<p><strong>Connaissances pr\u00e9alables:<\/strong><\/p>\n<p>Connaissances approfondies des march\u00e9s actions<\/p>\n<p><strong>Niveau du cours:<\/strong><\/p>\n<p>Avanc\u00e9<\/p>\n<p><strong>Concepts cl\u00e9s:<\/strong><\/p>\n<p>&#8211; Offres publiques initiales<\/p>\n<p>&#8211; March\u00e9s boursiers<\/p>\n<p>&#8211; March\u00e9s actions primaires<\/p>\n<p>&#8211; March\u00e9s actions secondaires<\/p>\n<p><strong>Ce cours comprend:<\/strong><\/p>\n<p>&#8211; Vid\u00e9os de cours \u00e0 la demande<\/p>\n<p>&#8211; Diapositives de cours t\u00e9l\u00e9chargeables<\/p>\n<p>&#8211; Pratique questions<\/p>\n<p>&#8211; \u00c9tudes de cas<\/p>\n<p>&#8211; Quiz final<\/p>\n<p>&#8211; Certificat de cours<\/p>\n","protected":false},"excerpt":{"rendered":"<p>Connaissances pr\u00e9alables: Connaissances approfondies des march\u00e9s actions Niveau du cours: Avanc\u00e9 Concepts cl\u00e9s: &#8211; Offres publiques initiales &#8211; March\u00e9s boursiers &hellip;<\/p>\n","protected":false},"featured_media":971,"template":"","meta":{"_vibebp_attr":"","_vibebp_dimensions":"","_vibebp_responsive_height":"","_vibebp_accordion_ie_support":"","_joinchat":[]},"product_brand":[],"product_cat":[],"product_tag":[],"class_list":{"0":"post-3310","1":"product","2":"type-product","3":"status-publish","4":"has-post-thumbnail","7":"first","8":"instock","9":"downloadable","10":"virtual","11":"sold-individually","12":"purchasable","13":"product-type-simple"},"aioseo_notices":[],"jetpack-related-posts":[{"id":3073,"url":"https:\/\/kyzen-finance.com\/fr\/product\/gestion-de-portefeuilles-action\/","url_meta":{"origin":3310,"position":0},"title":"Gestion de portefeuilles action","author":"Charles Patrick, CFA","date":"","format":false,"excerpt":"Conditions pr\u00e9alables: - La valeur temps de l'argent - Connaissances avanc\u00e9es des march\u00e9s actions - Mod\u00e8le d'\u00e9valuation des actifs financiers Objectifs d'apprentissage du cours: - Comprendre la th\u00e9orie du portefeuille - Comprendre les strat\u00e9gies d'investissement - Mesure du risque et du rendement - \u00c9valuation de la performance du portefeuille -\u2026","rel":"","context":"Article similaire","block_context":{"text":"Article similaire","link":""},"img":{"alt_text":"","src":"https:\/\/i0.wp.com\/kyzen-finance.com\/wp-content\/uploads\/2020\/07\/business-4677631_1920.jpg?fit=1200%2C800&ssl=1&resize=350%2C200","width":350,"height":200,"srcset":"https:\/\/i0.wp.com\/kyzen-finance.com\/wp-content\/uploads\/2020\/07\/business-4677631_1920.jpg?fit=1200%2C800&ssl=1&resize=350%2C200 1x, https:\/\/i0.wp.com\/kyzen-finance.com\/wp-content\/uploads\/2020\/07\/business-4677631_1920.jpg?fit=1200%2C800&ssl=1&resize=525%2C300 1.5x, https:\/\/i0.wp.com\/kyzen-finance.com\/wp-content\/uploads\/2020\/07\/business-4677631_1920.jpg?fit=1200%2C800&ssl=1&resize=700%2C400 2x, https:\/\/i0.wp.com\/kyzen-finance.com\/wp-content\/uploads\/2020\/07\/business-4677631_1920.jpg?fit=1200%2C800&ssl=1&resize=1050%2C600 3x"},"classes":[]},{"id":3324,"url":"https:\/\/kyzen-finance.com\/fr\/product\/fondamentaux-de-la-valorisation-des-actions\/","url_meta":{"origin":3310,"position":1},"title":"Fondamentaux de la Valorisation des Actions","author":"Charles Patrick, CFA","date":"","format":false,"excerpt":"Connaissances pr\u00e9alables: Aucun pr\u00e9requis Niveau du cours: D\u00e9butant Concepts cl\u00e9s: - M\u00e9thodes li\u00e9es au co\u00fbt des capitaux propres - Fonctionnement des march\u00e9s actions - Classes d'actifs - La valeur temps de l'argent - D\u00e9terminants du prix d\u2019une action - Valorisation relative - Valorisation absolue - Mod\u00e8le de base d'actualisation des\u2026","rel":"","context":"Article similaire","block_context":{"text":"Article similaire","link":""},"img":{"alt_text":"","src":"https:\/\/i0.wp.com\/kyzen-finance.com\/wp-content\/uploads\/2020\/07\/city-of-london-4481399_1920.jpg?fit=1200%2C800&ssl=1&resize=350%2C200","width":350,"height":200,"srcset":"https:\/\/i0.wp.com\/kyzen-finance.com\/wp-content\/uploads\/2020\/07\/city-of-london-4481399_1920.jpg?fit=1200%2C800&ssl=1&resize=350%2C200 1x, https:\/\/i0.wp.com\/kyzen-finance.com\/wp-content\/uploads\/2020\/07\/city-of-london-4481399_1920.jpg?fit=1200%2C800&ssl=1&resize=525%2C300 1.5x, https:\/\/i0.wp.com\/kyzen-finance.com\/wp-content\/uploads\/2020\/07\/city-of-london-4481399_1920.jpg?fit=1200%2C800&ssl=1&resize=700%2C400 2x, https:\/\/i0.wp.com\/kyzen-finance.com\/wp-content\/uploads\/2020\/07\/city-of-london-4481399_1920.jpg?fit=1200%2C800&ssl=1&resize=1050%2C600 3x"},"classes":[]},{"id":3268,"url":"https:\/\/kyzen-finance.com\/fr\/product\/theories-de-lefficience-des-marches-financiers\/","url_meta":{"origin":3310,"position":2},"title":"Th\u00e9ories de l&rsquo;efficience des march\u00e9s financiers","author":"Charles Patrick, CFA","date":"","format":false,"excerpt":"Connaissances pr\u00e9alables: Aucun pr\u00e9requis Niveau du cours: Interm\u00e9diaire Concepts cl\u00e9s: - Forme forte de l\u2019efficience des march\u00e9s - Forme semi-forte de l\u2019efficience des march\u00e9s - Forme faible de l\u2019efficience des march\u00e9s Ce cours comprend: - Vid\u00e9os de cours \u00e0 la demande - Diapositives de cours t\u00e9l\u00e9chargeables - Questions pratiques -\u2026","rel":"","context":"Article similaire","block_context":{"text":"Article similaire","link":""},"img":{"alt_text":"Options financi\u00e8res","src":"https:\/\/i0.wp.com\/kyzen-finance.com\/wp-content\/uploads\/2020\/07\/usa-2661656_1920.jpg?fit=1200%2C866&ssl=1&resize=350%2C200","width":350,"height":200,"srcset":"https:\/\/i0.wp.com\/kyzen-finance.com\/wp-content\/uploads\/2020\/07\/usa-2661656_1920.jpg?fit=1200%2C866&ssl=1&resize=350%2C200 1x, https:\/\/i0.wp.com\/kyzen-finance.com\/wp-content\/uploads\/2020\/07\/usa-2661656_1920.jpg?fit=1200%2C866&ssl=1&resize=525%2C300 1.5x, https:\/\/i0.wp.com\/kyzen-finance.com\/wp-content\/uploads\/2020\/07\/usa-2661656_1920.jpg?fit=1200%2C866&ssl=1&resize=700%2C400 2x, https:\/\/i0.wp.com\/kyzen-finance.com\/wp-content\/uploads\/2020\/07\/usa-2661656_1920.jpg?fit=1200%2C866&ssl=1&resize=1050%2C600 3x"},"classes":[]},{"id":3144,"url":"https:\/\/kyzen-finance.com\/fr\/product\/les-operations-de-lbo\/","url_meta":{"origin":3310,"position":3},"title":"Les op\u00e9rations de LBO","author":"Charles Patrick, CFA","date":"","format":false,"excerpt":"Connaissances pr\u00e9alables: - Comprendre les \u00e9tats financiers - La valeur temps de l'argent Niveau du cours: Avanc\u00e9 Concepts cl\u00e9s: - Free Cash Flows - Valorisation des actions - Rachats par effet de levier - Multiples de sortie - Multiples d\u2019entr\u00e9e Ce cours comprend: - Vid\u00e9os de cours \u00e0 la demande\u2026","rel":"","context":"Article similaire","block_context":{"text":"Article similaire","link":""},"img":{"alt_text":"","src":"https:\/\/i0.wp.com\/kyzen-finance.com\/wp-content\/uploads\/2020\/07\/phone-4060860_1920.jpg?fit=1200%2C800&ssl=1&resize=350%2C200","width":350,"height":200,"srcset":"https:\/\/i0.wp.com\/kyzen-finance.com\/wp-content\/uploads\/2020\/07\/phone-4060860_1920.jpg?fit=1200%2C800&ssl=1&resize=350%2C200 1x, https:\/\/i0.wp.com\/kyzen-finance.com\/wp-content\/uploads\/2020\/07\/phone-4060860_1920.jpg?fit=1200%2C800&ssl=1&resize=525%2C300 1.5x, https:\/\/i0.wp.com\/kyzen-finance.com\/wp-content\/uploads\/2020\/07\/phone-4060860_1920.jpg?fit=1200%2C800&ssl=1&resize=700%2C400 2x, https:\/\/i0.wp.com\/kyzen-finance.com\/wp-content\/uploads\/2020\/07\/phone-4060860_1920.jpg?fit=1200%2C800&ssl=1&resize=1050%2C600 3x"},"classes":[]},{"id":3465,"url":"https:\/\/kyzen-finance.com\/fr\/product\/modeles-de-valorisation-non-conventionnels\/","url_meta":{"origin":3310,"position":4},"title":"Mod\u00e8les de valorisation non conventionnels","author":"Charles Patrick, CFA","date":"","format":false,"excerpt":"Connaissances pr\u00e9alables: - La valeur temps de l'argent - Comprendre les \u00e9tats financiers - Mod\u00e8les de base de valorisation des actions Niveau du cours: Expert Concepts cl\u00e9s: - Revenu r\u00e9siduel - La valeur ajout\u00e9e \u00e9conomique - Options r\u00e9elles - Mod\u00e8le H Ce cours comprend: - Vid\u00e9os de cours \u00e0 la\u2026","rel":"","context":"Article similaire","block_context":{"text":"Article similaire","link":""},"img":{"alt_text":"Practice Book \u2013 Bond Valuation | Finance eBook","src":"https:\/\/i0.wp.com\/kyzen-finance.com\/wp-content\/uploads\/2020\/07\/ecb-5377160_1920.jpg?fit=1200%2C960&ssl=1&resize=350%2C200","width":350,"height":200,"srcset":"https:\/\/i0.wp.com\/kyzen-finance.com\/wp-content\/uploads\/2020\/07\/ecb-5377160_1920.jpg?fit=1200%2C960&ssl=1&resize=350%2C200 1x, https:\/\/i0.wp.com\/kyzen-finance.com\/wp-content\/uploads\/2020\/07\/ecb-5377160_1920.jpg?fit=1200%2C960&ssl=1&resize=525%2C300 1.5x, https:\/\/i0.wp.com\/kyzen-finance.com\/wp-content\/uploads\/2020\/07\/ecb-5377160_1920.jpg?fit=1200%2C960&ssl=1&resize=700%2C400 2x, https:\/\/i0.wp.com\/kyzen-finance.com\/wp-content\/uploads\/2020\/07\/ecb-5377160_1920.jpg?fit=1200%2C960&ssl=1&resize=1050%2C600 3x"},"classes":[]},{"id":2765,"url":"https:\/\/kyzen-finance.com\/fr\/product\/regroupements-d-entreprises\/","url_meta":{"origin":3310,"position":5},"title":"Regroupements d&rsquo;entreprises","author":"Cheikh NIANG, PhD, CFA","date":"","format":false,"excerpt":"Pr\u00e9-requis: - Fondamentaux de la valorisation des entreprises - Connaissance de base des march\u00e9s financiers Niveau du cours: Advanced \/ Expert Concepts cl\u00e9s: - Fusions & Acquisitions - Spin-offs & split-offs - Restructuration d'entreprises - Restructuration d'entreprises - Int\u00e9r\u00eat majoritaire - Prise de participation - Structure du capital - Regroupements\u2026","rel":"","context":"Article similaire","block_context":{"text":"Article similaire","link":""},"img":{"alt_text":"Online Courses For Finance","src":"https:\/\/i0.wp.com\/kyzen-finance.com\/wp-content\/uploads\/2020\/07\/business-man-1031755_1920.jpg?fit=1200%2C806&ssl=1&resize=350%2C200","width":350,"height":200,"srcset":"https:\/\/i0.wp.com\/kyzen-finance.com\/wp-content\/uploads\/2020\/07\/business-man-1031755_1920.jpg?fit=1200%2C806&ssl=1&resize=350%2C200 1x, https:\/\/i0.wp.com\/kyzen-finance.com\/wp-content\/uploads\/2020\/07\/business-man-1031755_1920.jpg?fit=1200%2C806&ssl=1&resize=525%2C300 1.5x, https:\/\/i0.wp.com\/kyzen-finance.com\/wp-content\/uploads\/2020\/07\/business-man-1031755_1920.jpg?fit=1200%2C806&ssl=1&resize=700%2C400 2x, https:\/\/i0.wp.com\/kyzen-finance.com\/wp-content\/uploads\/2020\/07\/business-man-1031755_1920.jpg?fit=1200%2C806&ssl=1&resize=1050%2C600 3x"},"classes":[]}],"jetpack_sharing_enabled":true,"_links":{"self":[{"href":"https:\/\/kyzen-finance.com\/fr\/wp-json\/wp\/v2\/product\/3310","targetHints":{"allow":["GET"]}}],"collection":[{"href":"https:\/\/kyzen-finance.com\/fr\/wp-json\/wp\/v2\/product"}],"about":[{"href":"https:\/\/kyzen-finance.com\/fr\/wp-json\/wp\/v2\/types\/product"}],"version-history":[{"count":0,"href":"https:\/\/kyzen-finance.com\/fr\/wp-json\/wp\/v2\/product\/3310\/revisions"}],"wp:featuredmedia":[{"embeddable":true,"href":"https:\/\/kyzen-finance.com\/fr\/wp-json\/wp\/v2\/media\/971"}],"wp:attachment":[{"href":"https:\/\/kyzen-finance.com\/fr\/wp-json\/wp\/v2\/media?parent=3310"}],"wp:term":[{"taxonomy":"product_brand","embeddable":true,"href":"https:\/\/kyzen-finance.com\/fr\/wp-json\/wp\/v2\/product_brand?post=3310"},{"taxonomy":"product_cat","embeddable":true,"href":"https:\/\/kyzen-finance.com\/fr\/wp-json\/wp\/v2\/product_cat?post=3310"},{"taxonomy":"product_tag","embeddable":true,"href":"https:\/\/kyzen-finance.com\/fr\/wp-json\/wp\/v2\/product_tag?post=3310"}],"curies":[{"name":"wp","href":"https:\/\/api.w.org\/{rel}","templated":true}]}}