{"id":3231,"date":"2020-12-24T16:28:34","date_gmt":"2020-12-24T16:28:34","guid":{"rendered":"https:\/\/kyzen-finance.com\/product\/restructuration-dentreprises\/"},"modified":"2020-12-24T16:28:34","modified_gmt":"2020-12-24T16:28:34","slug":"restructuration-dentreprises","status":"publish","type":"product","link":"https:\/\/kyzen-finance.com\/fr\/product\/restructuration-dentreprises\/","title":{"rendered":"Restructuration d&rsquo;entreprises"},"content":{"rendered":"<p><strong>Connaissances pr\u00e9alables:<\/strong><\/p>\n<p>&#8211; Comprendre les \u00e9tats financiers<\/p>\n<p>&#8211; Comprendre la structure du capital des entreprises<\/p>\n<p>&#8211; La valeur temps de l&rsquo;argent<\/p>\n<p><strong>Niveau du cours:<\/strong><\/p>\n<p>Avanc\u00e9e<\/p>\n<p><strong>Concepts cl\u00e9s:<\/strong><\/p>\n<p>&#8211; Processus de restructuration d&rsquo;entreprise<\/p>\n<p>&#8211; Restructuration de la dette<\/p>\n<p>&#8211; Scissions<\/p>\n<p>&#8211; Mod\u00e8le de revenu r\u00e9siduel (Residual Income)<\/p>\n<p>&#8211; Mod\u00e8les \u00e9conomiques \u00e0 valeur ajout\u00e9e<\/p>\n<p>&#8211; Ratio P \/ Chiffre d\u2019affaires<\/p>\n<p>&#8211; Ratio P \/ Book<\/p>\n<p><strong>Ce cours comprend:<\/strong><\/p>\n<p>&#8211; Vid\u00e9os de cours \u00e0 la demande<\/p>\n<p>&#8211; Diapositives de cours t\u00e9l\u00e9chargeables<\/p>\n<p>&#8211; Questions pratiques<\/p>\n<p>&#8211; \u00c9tudes de cas<\/p>\n<p>&#8211; Quiz final<\/p>\n<p>&#8211; Certificat de cours<\/p>\n","protected":false},"excerpt":{"rendered":"<p>Connaissances pr\u00e9alables: &#8211; Comprendre les \u00e9tats financiers &#8211; Comprendre la structure du capital des entreprises &#8211; La valeur temps de &hellip;<\/p>\n","protected":false},"featured_media":989,"template":"","meta":{"_vibebp_attr":"","_vibebp_dimensions":"","_vibebp_responsive_height":"","_vibebp_accordion_ie_support":"","_joinchat":[]},"product_brand":[],"product_cat":[],"product_tag":[],"class_list":{"0":"post-3231","1":"product","2":"type-product","3":"status-publish","4":"has-post-thumbnail","7":"first","8":"instock","9":"downloadable","10":"virtual","11":"sold-individually","12":"purchasable","13":"product-type-simple"},"aioseo_notices":[],"jetpack-related-posts":[{"id":2765,"url":"https:\/\/kyzen-finance.com\/fr\/product\/regroupements-d-entreprises\/","url_meta":{"origin":3231,"position":0},"title":"Regroupements d&rsquo;entreprises","author":"Cheikh NIANG, PhD, CFA","date":"","format":false,"excerpt":"Pr\u00e9-requis: - Fondamentaux de la valorisation des entreprises - Connaissance de base des march\u00e9s financiers Niveau du cours: Advanced \/ Expert Concepts cl\u00e9s: - Fusions & Acquisitions - Spin-offs & split-offs - Restructuration d'entreprises - Restructuration d'entreprises - Int\u00e9r\u00eat majoritaire - Prise de participation - Structure du capital - Regroupements\u2026","rel":"","context":"Article similaire","block_context":{"text":"Article similaire","link":""},"img":{"alt_text":"Online Courses For Finance","src":"https:\/\/i0.wp.com\/kyzen-finance.com\/wp-content\/uploads\/2020\/07\/business-man-1031755_1920.jpg?fit=1200%2C806&ssl=1&resize=350%2C200","width":350,"height":200,"srcset":"https:\/\/i0.wp.com\/kyzen-finance.com\/wp-content\/uploads\/2020\/07\/business-man-1031755_1920.jpg?fit=1200%2C806&ssl=1&resize=350%2C200 1x, https:\/\/i0.wp.com\/kyzen-finance.com\/wp-content\/uploads\/2020\/07\/business-man-1031755_1920.jpg?fit=1200%2C806&ssl=1&resize=525%2C300 1.5x, https:\/\/i0.wp.com\/kyzen-finance.com\/wp-content\/uploads\/2020\/07\/business-man-1031755_1920.jpg?fit=1200%2C806&ssl=1&resize=700%2C400 2x, https:\/\/i0.wp.com\/kyzen-finance.com\/wp-content\/uploads\/2020\/07\/business-man-1031755_1920.jpg?fit=1200%2C806&ssl=1&resize=1050%2C600 3x"},"classes":[]},{"id":3359,"url":"https:\/\/kyzen-finance.com\/fr\/product\/evaluation-par-le-revenu-residuel-residual-income\/","url_meta":{"origin":3231,"position":1},"title":"\u00c9valuation par le revenu r\u00e9siduel (Residual Income)","author":"Charles Patrick, CFA","date":"","format":false,"excerpt":"Connaissances pr\u00e9alables: - Comprendre les \u00e9tats financiers - \u00c9valuation de base des actions - La valeur temps de l'argent Niveau du cours: Avanc\u00e9 Objectifs d'apprentissage du cours: - D\u00e9finition du revenu r\u00e9siduel - Calculer le revenu r\u00e9siduel - Calculer la valeur d'une entreprise \u00e0 l'aide du mod\u00e8le de revenu r\u00e9siduel\u2026","rel":"","context":"Article similaire","block_context":{"text":"Article similaire","link":""},"img":{"alt_text":"office","src":"https:\/\/i0.wp.com\/kyzen-finance.com\/wp-content\/uploads\/2020\/07\/right-4703934_1920.jpg?fit=1200%2C800&ssl=1&resize=350%2C200","width":350,"height":200,"srcset":"https:\/\/i0.wp.com\/kyzen-finance.com\/wp-content\/uploads\/2020\/07\/right-4703934_1920.jpg?fit=1200%2C800&ssl=1&resize=350%2C200 1x, https:\/\/i0.wp.com\/kyzen-finance.com\/wp-content\/uploads\/2020\/07\/right-4703934_1920.jpg?fit=1200%2C800&ssl=1&resize=525%2C300 1.5x, https:\/\/i0.wp.com\/kyzen-finance.com\/wp-content\/uploads\/2020\/07\/right-4703934_1920.jpg?fit=1200%2C800&ssl=1&resize=700%2C400 2x, https:\/\/i0.wp.com\/kyzen-finance.com\/wp-content\/uploads\/2020\/07\/right-4703934_1920.jpg?fit=1200%2C800&ssl=1&resize=1050%2C600 3x"},"classes":[]},{"id":3119,"url":"https:\/\/kyzen-finance.com\/fr\/product\/le-modele-eva\/","url_meta":{"origin":3231,"position":2},"title":"Le Mod\u00e8le EVA","author":"Charles Patrick, CFA","date":"","format":false,"excerpt":"Conditions pr\u00e9alables: - Comprendre les \u00e9tats financiers - La valeur temps de l'argent - Valorisation des flux de tr\u00e9sorerie actualis\u00e9s - Mesurer le co\u00fbt du capital - Outils de d\u00e9cision d'investissement Niveau du cours: Expert Concepts cl\u00e9s: - Profit \u00e9conomique - Revenu \u00e9conomique - NOPAT - Dollar WACC - La\u2026","rel":"","context":"Article similaire","block_context":{"text":"Article similaire","link":""},"img":{"alt_text":"","src":"https:\/\/i0.wp.com\/kyzen-finance.com\/wp-content\/uploads\/2020\/07\/financial-2860753_1920.jpg?fit=1200%2C794&ssl=1&resize=350%2C200","width":350,"height":200,"srcset":"https:\/\/i0.wp.com\/kyzen-finance.com\/wp-content\/uploads\/2020\/07\/financial-2860753_1920.jpg?fit=1200%2C794&ssl=1&resize=350%2C200 1x, https:\/\/i0.wp.com\/kyzen-finance.com\/wp-content\/uploads\/2020\/07\/financial-2860753_1920.jpg?fit=1200%2C794&ssl=1&resize=525%2C300 1.5x, https:\/\/i0.wp.com\/kyzen-finance.com\/wp-content\/uploads\/2020\/07\/financial-2860753_1920.jpg?fit=1200%2C794&ssl=1&resize=700%2C400 2x, https:\/\/i0.wp.com\/kyzen-finance.com\/wp-content\/uploads\/2020\/07\/financial-2860753_1920.jpg?fit=1200%2C794&ssl=1&resize=1050%2C600 3x"},"classes":[]},{"id":3465,"url":"https:\/\/kyzen-finance.com\/fr\/product\/modeles-de-valorisation-non-conventionnels\/","url_meta":{"origin":3231,"position":3},"title":"Mod\u00e8les de valorisation non conventionnels","author":"Charles Patrick, CFA","date":"","format":false,"excerpt":"Connaissances pr\u00e9alables: - La valeur temps de l'argent - Comprendre les \u00e9tats financiers - Mod\u00e8les de base de valorisation des actions Niveau du cours: Expert Concepts cl\u00e9s: - Revenu r\u00e9siduel - La valeur ajout\u00e9e \u00e9conomique - Options r\u00e9elles - Mod\u00e8le H Ce cours comprend: - Vid\u00e9os de cours \u00e0 la\u2026","rel":"","context":"Article similaire","block_context":{"text":"Article similaire","link":""},"img":{"alt_text":"Practice Book \u2013 Bond Valuation | Finance eBook","src":"https:\/\/i0.wp.com\/kyzen-finance.com\/wp-content\/uploads\/2020\/07\/ecb-5377160_1920.jpg?fit=1200%2C960&ssl=1&resize=350%2C200","width":350,"height":200,"srcset":"https:\/\/i0.wp.com\/kyzen-finance.com\/wp-content\/uploads\/2020\/07\/ecb-5377160_1920.jpg?fit=1200%2C960&ssl=1&resize=350%2C200 1x, https:\/\/i0.wp.com\/kyzen-finance.com\/wp-content\/uploads\/2020\/07\/ecb-5377160_1920.jpg?fit=1200%2C960&ssl=1&resize=525%2C300 1.5x, https:\/\/i0.wp.com\/kyzen-finance.com\/wp-content\/uploads\/2020\/07\/ecb-5377160_1920.jpg?fit=1200%2C960&ssl=1&resize=700%2C400 2x, https:\/\/i0.wp.com\/kyzen-finance.com\/wp-content\/uploads\/2020\/07\/ecb-5377160_1920.jpg?fit=1200%2C960&ssl=1&resize=1050%2C600 3x"},"classes":[]},{"id":2745,"url":"https:\/\/kyzen-finance.com\/fr\/product\/residual-income-modeles\/","url_meta":{"origin":3231,"position":4},"title":"Mod\u00e8le Residual Income","author":"Cheikh NIANG, PhD, CFA","date":"","format":false,"excerpt":"Pr\u00e9-requis - Comprendre les \u00e9tats financiers - Fondamentaux de la valorisation des entreprises - Valeur temps de l'argent Niveau du cours Expert Concepts cl\u00e9s - Residual income - Persistence factor - Valeur comptable des fonds propres Ce cours inclut: - Vid\u00e9os de cours \u00e0 la demande - Supports de cours\u2026","rel":"","context":"Article similaire","block_context":{"text":"Article similaire","link":""},"img":{"alt_text":"office","src":"https:\/\/i0.wp.com\/kyzen-finance.com\/wp-content\/uploads\/2020\/07\/right-4703934_1920.jpg?fit=1200%2C800&ssl=1&resize=350%2C200","width":350,"height":200,"srcset":"https:\/\/i0.wp.com\/kyzen-finance.com\/wp-content\/uploads\/2020\/07\/right-4703934_1920.jpg?fit=1200%2C800&ssl=1&resize=350%2C200 1x, https:\/\/i0.wp.com\/kyzen-finance.com\/wp-content\/uploads\/2020\/07\/right-4703934_1920.jpg?fit=1200%2C800&ssl=1&resize=525%2C300 1.5x, https:\/\/i0.wp.com\/kyzen-finance.com\/wp-content\/uploads\/2020\/07\/right-4703934_1920.jpg?fit=1200%2C800&ssl=1&resize=700%2C400 2x, https:\/\/i0.wp.com\/kyzen-finance.com\/wp-content\/uploads\/2020\/07\/right-4703934_1920.jpg?fit=1200%2C800&ssl=1&resize=1050%2C600 3x"},"classes":[]},{"id":2738,"url":"https:\/\/kyzen-finance.com\/fr\/product\/actualisation-des-cash-flows\/","url_meta":{"origin":3231,"position":5},"title":"M\u00e9thodes de valorisation par l&rsquo;actualisation des flux de tr\u00e9sorerie","author":"Cheikh NIANG, PhD, CFA","date":"","format":false,"excerpt":"Pr\u00e9-requis - Valeur temps de l'argent - Le co\u00fbt du capital - Calcul des free cash flow Niveau du cours Avanc\u00e9 Concepts cl\u00e9s - Free cash flow - Actualisation des cash flow - Valeur terminale - Le co\u00fbt du capital Ce cours inclut: - Vid\u00e9os de cours \u00e0 la demande\u2026","rel":"","context":"Article similaire","block_context":{"text":"Article similaire","link":""},"img":{"alt_text":"Valorisation d\u2019entreprises par la m\u00e9thode des flux de tr\u00e9sorerie actualis\u00e9s","src":"https:\/\/i0.wp.com\/kyzen-finance.com\/wp-content\/uploads\/2020\/07\/people-2568603_1920.jpg?fit=1200%2C801&ssl=1&resize=350%2C200","width":350,"height":200,"srcset":"https:\/\/i0.wp.com\/kyzen-finance.com\/wp-content\/uploads\/2020\/07\/people-2568603_1920.jpg?fit=1200%2C801&ssl=1&resize=350%2C200 1x, https:\/\/i0.wp.com\/kyzen-finance.com\/wp-content\/uploads\/2020\/07\/people-2568603_1920.jpg?fit=1200%2C801&ssl=1&resize=525%2C300 1.5x, https:\/\/i0.wp.com\/kyzen-finance.com\/wp-content\/uploads\/2020\/07\/people-2568603_1920.jpg?fit=1200%2C801&ssl=1&resize=700%2C400 2x, https:\/\/i0.wp.com\/kyzen-finance.com\/wp-content\/uploads\/2020\/07\/people-2568603_1920.jpg?fit=1200%2C801&ssl=1&resize=1050%2C600 3x"},"classes":[]}],"jetpack_sharing_enabled":true,"_links":{"self":[{"href":"https:\/\/kyzen-finance.com\/fr\/wp-json\/wp\/v2\/product\/3231","targetHints":{"allow":["GET"]}}],"collection":[{"href":"https:\/\/kyzen-finance.com\/fr\/wp-json\/wp\/v2\/product"}],"about":[{"href":"https:\/\/kyzen-finance.com\/fr\/wp-json\/wp\/v2\/types\/product"}],"version-history":[{"count":0,"href":"https:\/\/kyzen-finance.com\/fr\/wp-json\/wp\/v2\/product\/3231\/revisions"}],"wp:featuredmedia":[{"embeddable":true,"href":"https:\/\/kyzen-finance.com\/fr\/wp-json\/wp\/v2\/media\/989"}],"wp:attachment":[{"href":"https:\/\/kyzen-finance.com\/fr\/wp-json\/wp\/v2\/media?parent=3231"}],"wp:term":[{"taxonomy":"product_brand","embeddable":true,"href":"https:\/\/kyzen-finance.com\/fr\/wp-json\/wp\/v2\/product_brand?post=3231"},{"taxonomy":"product_cat","embeddable":true,"href":"https:\/\/kyzen-finance.com\/fr\/wp-json\/wp\/v2\/product_cat?post=3231"},{"taxonomy":"product_tag","embeddable":true,"href":"https:\/\/kyzen-finance.com\/fr\/wp-json\/wp\/v2\/product_tag?post=3231"}],"curies":[{"name":"wp","href":"https:\/\/api.w.org\/{rel}","templated":true}]}}