{"id":3089,"date":"2020-12-24T13:01:35","date_gmt":"2020-12-24T13:01:35","guid":{"rendered":"https:\/\/kyzen-finance.com\/product\/introductions-aux-outils-de-decision-dinvestissement\/"},"modified":"2020-12-24T13:01:35","modified_gmt":"2020-12-24T13:01:35","slug":"introductions-aux-outils-de-decision-dinvestissement","status":"publish","type":"product","link":"https:\/\/kyzen-finance.com\/fr\/product\/introductions-aux-outils-de-decision-dinvestissement\/","title":{"rendered":"Introductions aux outils de d\u00e9cision d&rsquo;investissement"},"content":{"rendered":"<p><strong>Connaissances pr\u00e9alables:<\/strong><\/p>\n<p>&#8211; La valeur temps de l&rsquo;argent<\/p>\n<p><strong>Niveau du cours:<\/strong><\/p>\n<p>D\u00e9butant<\/p>\n<p><strong>Concepts cl\u00e9s:<\/strong><\/p>\n<p>&#8211; Outils de d\u00e9cision d&rsquo;investissement<\/p>\n<p>&#8211; VAN<\/p>\n<p>&#8211; IRR<\/p>\n<p>&#8211; D\u00e9lai de r\u00e9cup\u00e9ration<\/p>\n<p>&#8211; D\u00e9lai de r\u00e9cup\u00e9ration actualis\u00e9<\/p>\n<p>&#8211; Indice de profitabilit\u00e9<\/p>\n<p>&#8211; Point mort<\/p>\n<p><strong>Ce cours comprend:<\/strong><\/p>\n<p>&#8211; Vid\u00e9os de cours \u00e0 la demande<\/p>\n<p>&#8211; Diapositives de cours t\u00e9l\u00e9chargeables<\/p>\n<p>&#8211; Questions pratiques<\/p>\n<p>&#8211; \u00c9tudes de cas<\/p>\n<p>&#8211; Quiz final<\/p>\n<p>&#8211; Certificat de cours<\/p>\n","protected":false},"excerpt":{"rendered":"<p>Connaissances pr\u00e9alables: &#8211; La valeur temps de l&rsquo;argent Niveau du cours: D\u00e9butant Concepts cl\u00e9s: &#8211; Outils de d\u00e9cision d&rsquo;investissement &#8211; &hellip;<\/p>\n","protected":false},"featured_media":839,"template":"","meta":{"_vibebp_attr":"","_vibebp_dimensions":"","_vibebp_responsive_height":"","_vibebp_accordion_ie_support":"","_joinchat":[]},"product_brand":[],"product_cat":[],"product_tag":[],"class_list":{"0":"post-3089","1":"product","2":"type-product","3":"status-publish","4":"has-post-thumbnail","7":"first","8":"instock","9":"downloadable","10":"virtual","11":"sold-individually","12":"purchasable","13":"product-type-simple"},"aioseo_notices":[],"jetpack-related-posts":[{"id":2724,"url":"https:\/\/kyzen-finance.com\/fr\/product\/outils-de-decision-d-investissement\/","url_meta":{"origin":3089,"position":0},"title":"Outils de prise de d\u00e9cision d&rsquo;investissement","author":"Cheikh NIANG, PhD, CFA","date":"","format":false,"excerpt":"Pr\u00e9-requis - Valeur temps de l'argent Niveau du cours D\u00e9butant Objectifs d' apprentissage - Calculer et interpr\u00e9ter la Valeur Actuelle Nette (VAN) - Calculer et interpr\u00e9ter le Taux de Rendement Interne (TRI) - Calculer et interpr\u00e9ter le d\u00e9lai de r\u00e9cup\u00e9ration - Calculer et interpr\u00e9ter le d\u00e9lai de r\u00e9cup\u00e9ration actualis\u00e9 -\u2026","rel":"","context":"Article similaire","block_context":{"text":"Article similaire","link":""},"img":{"alt_text":"Online Courses For Finance","src":"https:\/\/i0.wp.com\/kyzen-finance.com\/wp-content\/uploads\/2020\/07\/business-man-1031755_1920.jpg?fit=1200%2C806&ssl=1&resize=350%2C200","width":350,"height":200,"srcset":"https:\/\/i0.wp.com\/kyzen-finance.com\/wp-content\/uploads\/2020\/07\/business-man-1031755_1920.jpg?fit=1200%2C806&ssl=1&resize=350%2C200 1x, https:\/\/i0.wp.com\/kyzen-finance.com\/wp-content\/uploads\/2020\/07\/business-man-1031755_1920.jpg?fit=1200%2C806&ssl=1&resize=525%2C300 1.5x, https:\/\/i0.wp.com\/kyzen-finance.com\/wp-content\/uploads\/2020\/07\/business-man-1031755_1920.jpg?fit=1200%2C806&ssl=1&resize=700%2C400 2x, https:\/\/i0.wp.com\/kyzen-finance.com\/wp-content\/uploads\/2020\/07\/business-man-1031755_1920.jpg?fit=1200%2C806&ssl=1&resize=1050%2C600 3x"},"classes":[]},{"id":3010,"url":"https:\/\/kyzen-finance.com\/fr\/product\/decisions-dinvestissement-et-de-financement\/","url_meta":{"origin":3089,"position":1},"title":"D\u00e9cisions d&rsquo;investissement et de financement","author":"Charles Patrick, CFA","date":"","format":false,"excerpt":"Objectifs d'apprentissage du cours: - Utiliser les outils de d\u00e9cision d'investissement - D\u00e9finir et mettre en \u0153uvre un budget d'investissement - Calculer le co\u00fbt du capital \u00e0 l'aide de diff\u00e9rentes m\u00e9thodes - Effectuer une analyse de sc\u00e9nario - Effectuer une analyse de sensibilit\u00e9 - D\u00e9finir une strat\u00e9gie de financement pour\u2026","rel":"","context":"Article similaire","block_context":{"text":"Article similaire","link":""},"img":{"alt_text":"office","src":"https:\/\/i0.wp.com\/kyzen-finance.com\/wp-content\/uploads\/2020\/07\/laptop-3196481_1920.jpg?fit=1200%2C800&ssl=1&resize=350%2C200","width":350,"height":200,"srcset":"https:\/\/i0.wp.com\/kyzen-finance.com\/wp-content\/uploads\/2020\/07\/laptop-3196481_1920.jpg?fit=1200%2C800&ssl=1&resize=350%2C200 1x, https:\/\/i0.wp.com\/kyzen-finance.com\/wp-content\/uploads\/2020\/07\/laptop-3196481_1920.jpg?fit=1200%2C800&ssl=1&resize=525%2C300 1.5x, https:\/\/i0.wp.com\/kyzen-finance.com\/wp-content\/uploads\/2020\/07\/laptop-3196481_1920.jpg?fit=1200%2C800&ssl=1&resize=700%2C400 2x, https:\/\/i0.wp.com\/kyzen-finance.com\/wp-content\/uploads\/2020\/07\/laptop-3196481_1920.jpg?fit=1200%2C800&ssl=1&resize=1050%2C600 3x"},"classes":[]},{"id":3119,"url":"https:\/\/kyzen-finance.com\/fr\/product\/le-modele-eva\/","url_meta":{"origin":3089,"position":2},"title":"Le Mod\u00e8le EVA","author":"Charles Patrick, CFA","date":"","format":false,"excerpt":"Conditions pr\u00e9alables: - Comprendre les \u00e9tats financiers - La valeur temps de l'argent - Valorisation des flux de tr\u00e9sorerie actualis\u00e9s - Mesurer le co\u00fbt du capital - Outils de d\u00e9cision d'investissement Niveau du cours: Expert Concepts cl\u00e9s: - Profit \u00e9conomique - Revenu \u00e9conomique - NOPAT - Dollar WACC - La\u2026","rel":"","context":"Article similaire","block_context":{"text":"Article similaire","link":""},"img":{"alt_text":"","src":"https:\/\/i0.wp.com\/kyzen-finance.com\/wp-content\/uploads\/2020\/07\/financial-2860753_1920.jpg?fit=1200%2C794&ssl=1&resize=350%2C200","width":350,"height":200,"srcset":"https:\/\/i0.wp.com\/kyzen-finance.com\/wp-content\/uploads\/2020\/07\/financial-2860753_1920.jpg?fit=1200%2C794&ssl=1&resize=350%2C200 1x, https:\/\/i0.wp.com\/kyzen-finance.com\/wp-content\/uploads\/2020\/07\/financial-2860753_1920.jpg?fit=1200%2C794&ssl=1&resize=525%2C300 1.5x, https:\/\/i0.wp.com\/kyzen-finance.com\/wp-content\/uploads\/2020\/07\/financial-2860753_1920.jpg?fit=1200%2C794&ssl=1&resize=700%2C400 2x, https:\/\/i0.wp.com\/kyzen-finance.com\/wp-content\/uploads\/2020\/07\/financial-2860753_1920.jpg?fit=1200%2C794&ssl=1&resize=1050%2C600 3x"},"classes":[]},{"id":3281,"url":"https:\/\/kyzen-finance.com\/fr\/product\/valorisation-des-options-reelles\/","url_meta":{"origin":3089,"position":3},"title":"Valorisation des options r\u00e9elles","author":"Charles Patrick, CFA","date":"","format":false,"excerpt":"Connaissances pr\u00e9alables: - Outils de d\u00e9cision d'investissement - La valeur temps de l'argent Niveau du cours: Expert Concepts cl\u00e9s: - Probabilit\u00e9 neutre au risque - Arbre binomial - Mouvement brownien - Calcul stochastique - Induction arri\u00e8re - Options de flexibilit\u00e9 - Options d'abandon - Options de prix Ce cours comprend:\u2026","rel":"","context":"Article similaire","block_context":{"text":"Article similaire","link":""},"img":{"alt_text":"Popular Finance Courses","src":"https:\/\/i0.wp.com\/kyzen-finance.com\/wp-content\/uploads\/2020\/07\/open-pit-mining-1327116_1920.jpg?fit=1200%2C662&ssl=1&resize=350%2C200","width":350,"height":200,"srcset":"https:\/\/i0.wp.com\/kyzen-finance.com\/wp-content\/uploads\/2020\/07\/open-pit-mining-1327116_1920.jpg?fit=1200%2C662&ssl=1&resize=350%2C200 1x, https:\/\/i0.wp.com\/kyzen-finance.com\/wp-content\/uploads\/2020\/07\/open-pit-mining-1327116_1920.jpg?fit=1200%2C662&ssl=1&resize=525%2C300 1.5x, https:\/\/i0.wp.com\/kyzen-finance.com\/wp-content\/uploads\/2020\/07\/open-pit-mining-1327116_1920.jpg?fit=1200%2C662&ssl=1&resize=700%2C400 2x, https:\/\/i0.wp.com\/kyzen-finance.com\/wp-content\/uploads\/2020\/07\/open-pit-mining-1327116_1920.jpg?fit=1200%2C662&ssl=1&resize=1050%2C600 3x"},"classes":[]},{"id":10824,"url":"https:\/\/kyzen-finance.com\/fr\/product\/strategies-d-investissement\/","url_meta":{"origin":3089,"position":4},"title":"\ud83d\udcca Fondements de l\u2019investissement : de la valeur temps \u00e0 l\u2019\u00e9valuation des actions","author":"Cheikh NIANG, PhD, CFA","date":"","format":false,"excerpt":"Ce cours est con\u00e7u pour tous ceux qui souhaitent construire une base solide en finance et en investissement. Il couvre les concepts essentiels de la valeur temporelle de l\u2019argent, de l\u2019\u00e9valuation de base des actions et des principaux outils de prise de d\u00e9cision dans l\u2019analyse des investissements. Que vous soyez\u2026","rel":"","context":"Article similaire","block_context":{"text":"Article similaire","link":""},"img":{"alt_text":"Online Finance Courses","src":"https:\/\/i0.wp.com\/kyzen-finance.com\/wp-content\/uploads\/2020\/07\/blur-1853262_1920.jpg?fit=1200%2C900&ssl=1&resize=350%2C200","width":350,"height":200,"srcset":"https:\/\/i0.wp.com\/kyzen-finance.com\/wp-content\/uploads\/2020\/07\/blur-1853262_1920.jpg?fit=1200%2C900&ssl=1&resize=350%2C200 1x, https:\/\/i0.wp.com\/kyzen-finance.com\/wp-content\/uploads\/2020\/07\/blur-1853262_1920.jpg?fit=1200%2C900&ssl=1&resize=525%2C300 1.5x, https:\/\/i0.wp.com\/kyzen-finance.com\/wp-content\/uploads\/2020\/07\/blur-1853262_1920.jpg?fit=1200%2C900&ssl=1&resize=700%2C400 2x, https:\/\/i0.wp.com\/kyzen-finance.com\/wp-content\/uploads\/2020\/07\/blur-1853262_1920.jpg?fit=1200%2C900&ssl=1&resize=1050%2C600 3x"},"classes":[]},{"id":2721,"url":"https:\/\/kyzen-finance.com\/fr\/product\/planification-financiere\/","url_meta":{"origin":3089,"position":5},"title":"La Planification Financi\u00e8re","author":"Cheikh NIANG, PhD, CFA","date":"","format":false,"excerpt":"Pr\u00e9-requis - Outils de Prise de D\u00e9cisions d' Investissement Niveau du cours Avanc\u00e9 Objectifs d' apprentissage - D\u00e9finition de la planification financi\u00e8re - Identifier les principes fondamentaux de la planification financi\u00e8re - Identifier la typologie des projets d'investissement - Identifier la typologie des flux de tr\u00e9sorerie des projets - Comparer\u2026","rel":"","context":"Article similaire","block_context":{"text":"Article similaire","link":""},"img":{"alt_text":"colleague","src":"https:\/\/i0.wp.com\/kyzen-finance.com\/wp-content\/uploads\/2020\/07\/men-1979261_1920.jpg?fit=1200%2C800&ssl=1&resize=350%2C200","width":350,"height":200,"srcset":"https:\/\/i0.wp.com\/kyzen-finance.com\/wp-content\/uploads\/2020\/07\/men-1979261_1920.jpg?fit=1200%2C800&ssl=1&resize=350%2C200 1x, https:\/\/i0.wp.com\/kyzen-finance.com\/wp-content\/uploads\/2020\/07\/men-1979261_1920.jpg?fit=1200%2C800&ssl=1&resize=525%2C300 1.5x, https:\/\/i0.wp.com\/kyzen-finance.com\/wp-content\/uploads\/2020\/07\/men-1979261_1920.jpg?fit=1200%2C800&ssl=1&resize=700%2C400 2x, https:\/\/i0.wp.com\/kyzen-finance.com\/wp-content\/uploads\/2020\/07\/men-1979261_1920.jpg?fit=1200%2C800&ssl=1&resize=1050%2C600 3x"},"classes":[]}],"jetpack_sharing_enabled":true,"_links":{"self":[{"href":"https:\/\/kyzen-finance.com\/fr\/wp-json\/wp\/v2\/product\/3089","targetHints":{"allow":["GET"]}}],"collection":[{"href":"https:\/\/kyzen-finance.com\/fr\/wp-json\/wp\/v2\/product"}],"about":[{"href":"https:\/\/kyzen-finance.com\/fr\/wp-json\/wp\/v2\/types\/product"}],"version-history":[{"count":0,"href":"https:\/\/kyzen-finance.com\/fr\/wp-json\/wp\/v2\/product\/3089\/revisions"}],"wp:featuredmedia":[{"embeddable":true,"href":"https:\/\/kyzen-finance.com\/fr\/wp-json\/wp\/v2\/media\/839"}],"wp:attachment":[{"href":"https:\/\/kyzen-finance.com\/fr\/wp-json\/wp\/v2\/media?parent=3089"}],"wp:term":[{"taxonomy":"product_brand","embeddable":true,"href":"https:\/\/kyzen-finance.com\/fr\/wp-json\/wp\/v2\/product_brand?post=3089"},{"taxonomy":"product_cat","embeddable":true,"href":"https:\/\/kyzen-finance.com\/fr\/wp-json\/wp\/v2\/product_cat?post=3089"},{"taxonomy":"product_tag","embeddable":true,"href":"https:\/\/kyzen-finance.com\/fr\/wp-json\/wp\/v2\/product_tag?post=3089"}],"curies":[{"name":"wp","href":"https:\/\/api.w.org\/{rel}","templated":true}]}}