{"id":3010,"date":"2020-12-23T17:10:23","date_gmt":"2020-12-23T17:10:23","guid":{"rendered":"https:\/\/kyzen-finance.com\/product\/decisions-dinvestissement-et-de-financement\/"},"modified":"2020-12-23T17:10:23","modified_gmt":"2020-12-23T17:10:23","slug":"decisions-dinvestissement-et-de-financement","status":"publish","type":"product","link":"https:\/\/kyzen-finance.com\/fr\/product\/decisions-dinvestissement-et-de-financement\/","title":{"rendered":"D\u00e9cisions d&rsquo;investissement et de financement"},"content":{"rendered":"<p><strong>Objectifs d&rsquo;apprentissage du cours:<\/strong><\/p>\n<p>&#8211; Utiliser les outils de d\u00e9cision d&rsquo;investissement<\/p>\n<p>&#8211; D\u00e9finir et mettre en \u0153uvre un budget d&rsquo;investissement<\/p>\n<p>&#8211; Calculer le co\u00fbt du capital \u00e0 l&rsquo;aide de diff\u00e9rentes m\u00e9thodes<\/p>\n<p>&#8211; Effectuer une analyse de sc\u00e9nario<\/p>\n<p>&#8211; Effectuer une analyse de sensibilit\u00e9<\/p>\n<p>&#8211; D\u00e9finir une strat\u00e9gie de financement pour un projet donn\u00e9<\/p>\n<p><strong>Concepts cl\u00e9s:<\/strong><\/p>\n<p>&#8211; D\u00e9cision d&rsquo;investissement<\/p>\n<p>&#8211; Le mod\u00e8le d\u2019\u00e9valuation des actifs financiers<\/p>\n<p>&#8211; Co\u00fbt du capital<\/p>\n<p>&#8211; Dette<\/p>\n<p>&#8211; Fonds propres<\/p>\n<p>&#8211; Analyse de sc\u00e9narii<\/p>\n<p>&#8211; Analyse de sensibilit\u00e9<\/p>\n<p><strong>Ce cours comprend:<\/strong><\/p>\n<p>&#8211; Vid\u00e9os de cours \u00e0 la demande<\/p>\n<p>&#8211; Diapositives de cours t\u00e9l\u00e9chargeables<\/p>\n<p>&#8211; Questions pratiques<\/p>\n<p>&#8211; \u00c9tudes de cas<\/p>\n<p>&#8211; Quiz final<\/p>\n<p>&#8211; Certificat de cours<\/p>\n","protected":false},"excerpt":{"rendered":"<p>Objectifs d&rsquo;apprentissage du cours: &#8211; Utiliser les outils de d\u00e9cision d&rsquo;investissement &#8211; D\u00e9finir et mettre en \u0153uvre un budget d&rsquo;investissement &hellip;<\/p>\n","protected":false},"featured_media":823,"template":"","meta":{"_vibebp_attr":"","_vibebp_dimensions":"","_vibebp_responsive_height":"","_vibebp_accordion_ie_support":"","_joinchat":[]},"product_brand":[],"product_cat":[],"product_tag":[],"class_list":{"0":"post-3010","1":"product","2":"type-product","3":"status-publish","4":"has-post-thumbnail","7":"first","8":"instock","9":"downloadable","10":"virtual","11":"sold-individually","12":"purchasable","13":"product-type-simple"},"aioseo_notices":[],"jetpack-related-posts":[{"id":2990,"url":"https:\/\/kyzen-finance.com\/fr\/product\/analyse-technique-3\/","url_meta":{"origin":3010,"position":0},"title":"Analyse Technique","author":"Charles Patrick, CFA","date":"","format":false,"excerpt":"Objectifs d'apprentissage du cours: - D\u00e9finir de l'analyse technique -Comprendre les strat\u00e9gies d'investissement bas\u00e9es sur l'analyse technique - Identifier les limites th\u00e9oriques de l'analyse technique Concepts cl\u00e9s: - Analyse technique - Mod\u00e8les de consolidation - Mod\u00e8les d'inversion - Head & Shoulders - Reverse head & shoulders - Diamant - Niveau\u2026","rel":"","context":"Article similaire","block_context":{"text":"Article similaire","link":""},"img":{"alt_text":"Analyse Technique | Finance Courses","src":"https:\/\/i0.wp.com\/kyzen-finance.com\/wp-content\/uploads\/2020\/07\/stock-exchange-3087396_1920.jpg?fit=1200%2C500&ssl=1&resize=350%2C200","width":350,"height":200,"srcset":"https:\/\/i0.wp.com\/kyzen-finance.com\/wp-content\/uploads\/2020\/07\/stock-exchange-3087396_1920.jpg?fit=1200%2C500&ssl=1&resize=350%2C200 1x, https:\/\/i0.wp.com\/kyzen-finance.com\/wp-content\/uploads\/2020\/07\/stock-exchange-3087396_1920.jpg?fit=1200%2C500&ssl=1&resize=525%2C300 1.5x, https:\/\/i0.wp.com\/kyzen-finance.com\/wp-content\/uploads\/2020\/07\/stock-exchange-3087396_1920.jpg?fit=1200%2C500&ssl=1&resize=700%2C400 2x, https:\/\/i0.wp.com\/kyzen-finance.com\/wp-content\/uploads\/2020\/07\/stock-exchange-3087396_1920.jpg?fit=1200%2C500&ssl=1&resize=1050%2C600 3x"},"classes":[]},{"id":2725,"url":"https:\/\/kyzen-finance.com\/fr\/product\/cout-du-capital\/","url_meta":{"origin":3010,"position":1},"title":"\ud83d\udcca Ma\u00eetrise de la finance d\u2019entreprise : de la structure du capital aux fusions-acquisitions","author":"Cheikh NIANG, PhD, CFA","date":"","format":false,"excerpt":"Ce cours avanc\u00e9 couvre les d\u00e9cisions cl\u00e9s en mati\u00e8re de financement d\u2019entreprise, de l\u2019optimisation de la structure du capital \u00e0 la politique de dividende et aux fusions et acquisitions. S\u2019appuyant sur les concepts d\u2019analyse financi\u00e8re et de reporting de niveau 2 du CFA, ce programme explore \u00e9galement les options r\u00e9elles\u2026","rel":"","context":"Article similaire","block_context":{"text":"Article similaire","link":""},"img":{"alt_text":"Practice Book \u2013 Cost of Capital & Leverage | Finance eBook","src":"https:\/\/i0.wp.com\/kyzen-finance.com\/wp-content\/uploads\/2020\/07\/startup-849805_1920.jpg?fit=1200%2C800&ssl=1&resize=350%2C200","width":350,"height":200,"srcset":"https:\/\/i0.wp.com\/kyzen-finance.com\/wp-content\/uploads\/2020\/07\/startup-849805_1920.jpg?fit=1200%2C800&ssl=1&resize=350%2C200 1x, https:\/\/i0.wp.com\/kyzen-finance.com\/wp-content\/uploads\/2020\/07\/startup-849805_1920.jpg?fit=1200%2C800&ssl=1&resize=525%2C300 1.5x, https:\/\/i0.wp.com\/kyzen-finance.com\/wp-content\/uploads\/2020\/07\/startup-849805_1920.jpg?fit=1200%2C800&ssl=1&resize=700%2C400 2x, https:\/\/i0.wp.com\/kyzen-finance.com\/wp-content\/uploads\/2020\/07\/startup-849805_1920.jpg?fit=1200%2C800&ssl=1&resize=1050%2C600 3x"},"classes":[]},{"id":10824,"url":"https:\/\/kyzen-finance.com\/fr\/product\/strategies-d-investissement\/","url_meta":{"origin":3010,"position":2},"title":"\ud83d\udcca Fondements de l\u2019investissement : de la valeur temps \u00e0 l\u2019\u00e9valuation des actions","author":"Cheikh NIANG, PhD, CFA","date":"","format":false,"excerpt":"Ce cours est con\u00e7u pour tous ceux qui souhaitent construire une base solide en finance et en investissement. Il couvre les concepts essentiels de la valeur temporelle de l\u2019argent, de l\u2019\u00e9valuation de base des actions et des principaux outils de prise de d\u00e9cision dans l\u2019analyse des investissements. Que vous soyez\u2026","rel":"","context":"Article similaire","block_context":{"text":"Article similaire","link":""},"img":{"alt_text":"Online Finance Courses","src":"https:\/\/i0.wp.com\/kyzen-finance.com\/wp-content\/uploads\/2020\/07\/blur-1853262_1920.jpg?fit=1200%2C900&ssl=1&resize=350%2C200","width":350,"height":200,"srcset":"https:\/\/i0.wp.com\/kyzen-finance.com\/wp-content\/uploads\/2020\/07\/blur-1853262_1920.jpg?fit=1200%2C900&ssl=1&resize=350%2C200 1x, https:\/\/i0.wp.com\/kyzen-finance.com\/wp-content\/uploads\/2020\/07\/blur-1853262_1920.jpg?fit=1200%2C900&ssl=1&resize=525%2C300 1.5x, https:\/\/i0.wp.com\/kyzen-finance.com\/wp-content\/uploads\/2020\/07\/blur-1853262_1920.jpg?fit=1200%2C900&ssl=1&resize=700%2C400 2x, https:\/\/i0.wp.com\/kyzen-finance.com\/wp-content\/uploads\/2020\/07\/blur-1853262_1920.jpg?fit=1200%2C900&ssl=1&resize=1050%2C600 3x"},"classes":[]},{"id":2721,"url":"https:\/\/kyzen-finance.com\/fr\/product\/planification-financiere\/","url_meta":{"origin":3010,"position":3},"title":"La Planification Financi\u00e8re","author":"Cheikh NIANG, PhD, CFA","date":"","format":false,"excerpt":"Pr\u00e9-requis - Outils de Prise de D\u00e9cisions d' Investissement Niveau du cours Avanc\u00e9 Objectifs d' apprentissage - D\u00e9finition de la planification financi\u00e8re - Identifier les principes fondamentaux de la planification financi\u00e8re - Identifier la typologie des projets d'investissement - Identifier la typologie des flux de tr\u00e9sorerie des projets - Comparer\u2026","rel":"","context":"Article similaire","block_context":{"text":"Article similaire","link":""},"img":{"alt_text":"colleague","src":"https:\/\/i0.wp.com\/kyzen-finance.com\/wp-content\/uploads\/2020\/07\/men-1979261_1920.jpg?fit=1200%2C800&ssl=1&resize=350%2C200","width":350,"height":200,"srcset":"https:\/\/i0.wp.com\/kyzen-finance.com\/wp-content\/uploads\/2020\/07\/men-1979261_1920.jpg?fit=1200%2C800&ssl=1&resize=350%2C200 1x, https:\/\/i0.wp.com\/kyzen-finance.com\/wp-content\/uploads\/2020\/07\/men-1979261_1920.jpg?fit=1200%2C800&ssl=1&resize=525%2C300 1.5x, https:\/\/i0.wp.com\/kyzen-finance.com\/wp-content\/uploads\/2020\/07\/men-1979261_1920.jpg?fit=1200%2C800&ssl=1&resize=700%2C400 2x, https:\/\/i0.wp.com\/kyzen-finance.com\/wp-content\/uploads\/2020\/07\/men-1979261_1920.jpg?fit=1200%2C800&ssl=1&resize=1050%2C600 3x"},"classes":[]},{"id":3119,"url":"https:\/\/kyzen-finance.com\/fr\/product\/le-modele-eva\/","url_meta":{"origin":3010,"position":4},"title":"Le Mod\u00e8le EVA","author":"Charles Patrick, CFA","date":"","format":false,"excerpt":"Conditions pr\u00e9alables: - Comprendre les \u00e9tats financiers - La valeur temps de l'argent - Valorisation des flux de tr\u00e9sorerie actualis\u00e9s - Mesurer le co\u00fbt du capital - Outils de d\u00e9cision d'investissement Niveau du cours: Expert Concepts cl\u00e9s: - Profit \u00e9conomique - Revenu \u00e9conomique - NOPAT - Dollar WACC - La\u2026","rel":"","context":"Article similaire","block_context":{"text":"Article similaire","link":""},"img":{"alt_text":"","src":"https:\/\/i0.wp.com\/kyzen-finance.com\/wp-content\/uploads\/2020\/07\/financial-2860753_1920.jpg?fit=1200%2C794&ssl=1&resize=350%2C200","width":350,"height":200,"srcset":"https:\/\/i0.wp.com\/kyzen-finance.com\/wp-content\/uploads\/2020\/07\/financial-2860753_1920.jpg?fit=1200%2C794&ssl=1&resize=350%2C200 1x, https:\/\/i0.wp.com\/kyzen-finance.com\/wp-content\/uploads\/2020\/07\/financial-2860753_1920.jpg?fit=1200%2C794&ssl=1&resize=525%2C300 1.5x, https:\/\/i0.wp.com\/kyzen-finance.com\/wp-content\/uploads\/2020\/07\/financial-2860753_1920.jpg?fit=1200%2C794&ssl=1&resize=700%2C400 2x, https:\/\/i0.wp.com\/kyzen-finance.com\/wp-content\/uploads\/2020\/07\/financial-2860753_1920.jpg?fit=1200%2C794&ssl=1&resize=1050%2C600 3x"},"classes":[]},{"id":2724,"url":"https:\/\/kyzen-finance.com\/fr\/product\/outils-de-decision-d-investissement\/","url_meta":{"origin":3010,"position":5},"title":"Outils de prise de d\u00e9cision d&rsquo;investissement","author":"Cheikh NIANG, PhD, CFA","date":"","format":false,"excerpt":"Pr\u00e9-requis - Valeur temps de l'argent Niveau du cours D\u00e9butant Objectifs d' apprentissage - Calculer et interpr\u00e9ter la Valeur Actuelle Nette (VAN) - Calculer et interpr\u00e9ter le Taux de Rendement Interne (TRI) - Calculer et interpr\u00e9ter le d\u00e9lai de r\u00e9cup\u00e9ration - Calculer et interpr\u00e9ter le d\u00e9lai de r\u00e9cup\u00e9ration actualis\u00e9 -\u2026","rel":"","context":"Article similaire","block_context":{"text":"Article similaire","link":""},"img":{"alt_text":"Online Courses For Finance","src":"https:\/\/i0.wp.com\/kyzen-finance.com\/wp-content\/uploads\/2020\/07\/business-man-1031755_1920.jpg?fit=1200%2C806&ssl=1&resize=350%2C200","width":350,"height":200,"srcset":"https:\/\/i0.wp.com\/kyzen-finance.com\/wp-content\/uploads\/2020\/07\/business-man-1031755_1920.jpg?fit=1200%2C806&ssl=1&resize=350%2C200 1x, https:\/\/i0.wp.com\/kyzen-finance.com\/wp-content\/uploads\/2020\/07\/business-man-1031755_1920.jpg?fit=1200%2C806&ssl=1&resize=525%2C300 1.5x, https:\/\/i0.wp.com\/kyzen-finance.com\/wp-content\/uploads\/2020\/07\/business-man-1031755_1920.jpg?fit=1200%2C806&ssl=1&resize=700%2C400 2x, https:\/\/i0.wp.com\/kyzen-finance.com\/wp-content\/uploads\/2020\/07\/business-man-1031755_1920.jpg?fit=1200%2C806&ssl=1&resize=1050%2C600 3x"},"classes":[]}],"jetpack_sharing_enabled":true,"_links":{"self":[{"href":"https:\/\/kyzen-finance.com\/fr\/wp-json\/wp\/v2\/product\/3010","targetHints":{"allow":["GET"]}}],"collection":[{"href":"https:\/\/kyzen-finance.com\/fr\/wp-json\/wp\/v2\/product"}],"about":[{"href":"https:\/\/kyzen-finance.com\/fr\/wp-json\/wp\/v2\/types\/product"}],"version-history":[{"count":0,"href":"https:\/\/kyzen-finance.com\/fr\/wp-json\/wp\/v2\/product\/3010\/revisions"}],"wp:featuredmedia":[{"embeddable":true,"href":"https:\/\/kyzen-finance.com\/fr\/wp-json\/wp\/v2\/media\/823"}],"wp:attachment":[{"href":"https:\/\/kyzen-finance.com\/fr\/wp-json\/wp\/v2\/media?parent=3010"}],"wp:term":[{"taxonomy":"product_brand","embeddable":true,"href":"https:\/\/kyzen-finance.com\/fr\/wp-json\/wp\/v2\/product_brand?post=3010"},{"taxonomy":"product_cat","embeddable":true,"href":"https:\/\/kyzen-finance.com\/fr\/wp-json\/wp\/v2\/product_cat?post=3010"},{"taxonomy":"product_tag","embeddable":true,"href":"https:\/\/kyzen-finance.com\/fr\/wp-json\/wp\/v2\/product_tag?post=3010"}],"curies":[{"name":"wp","href":"https:\/\/api.w.org\/{rel}","templated":true}]}}