{"id":2768,"date":"2020-09-16T07:11:25","date_gmt":"2020-10-31T17:44:08","guid":{"rendered":"https:\/\/kyzen-finance.com\/product\/marches-actions-avance\/"},"modified":"2020-11-24T17:45:57","modified_gmt":"2020-11-24T17:45:57","slug":"marche-actions-avances","status":"publish","type":"product","link":"https:\/\/kyzen-finance.com\/fr\/product\/marche-actions-avances\/","title":{"rendered":"March\u00e9s actions (Avanc\u00e9)"},"content":{"rendered":"","protected":false},"excerpt":{"rendered":"","protected":false},"featured_media":994,"template":"","meta":{"_vibebp_attr":"","_vibebp_dimensions":"","_vibebp_responsive_height":"","_vibebp_accordion_ie_support":"","_joinchat":[]},"product_brand":[],"product_cat":[15],"product_tag":[],"class_list":{"0":"post-2768","1":"product","2":"type-product","3":"status-publish","4":"has-post-thumbnail","6":"product_cat-uncategorized","8":"first","9":"instock","10":"downloadable","11":"virtual","12":"sold-individually","13":"purchasable","14":"product-type-simple"},"aioseo_notices":[],"jetpack-related-posts":[{"id":3391,"url":"https:\/\/kyzen-finance.com\/fr\/product\/techniques-financieres-sur-les-marches-actions-2\/","url_meta":{"origin":2768,"position":0},"title":"Techniques financi\u00e8res sur les march\u00e9s actions","author":"Charles Patrick, CFA","date":"","format":false,"excerpt":"Conditions pr\u00e9alables: - Comprendre les \u00e9tats financiers - La valeur temps de l'argent Niveau du cours: Avanc\u00e9 Concepts cl\u00e9s: - Microstructure des march\u00e9s actions - Indice de march\u00e9s actions - Mod\u00e8les de valorisation des actions - Analyse technique Ce cours comprend: - Vid\u00e9os de cours \u00e0 la demande - Diapositives\u2026","rel":"","context":"Article similaire","block_context":{"text":"Article similaire","link":""},"img":{"alt_text":"Online Finance Courses","src":"https:\/\/i0.wp.com\/kyzen-finance.com\/wp-content\/uploads\/2020\/07\/skyscraper-3032786_1920.jpg?fit=1200%2C803&ssl=1&resize=350%2C200","width":350,"height":200,"srcset":"https:\/\/i0.wp.com\/kyzen-finance.com\/wp-content\/uploads\/2020\/07\/skyscraper-3032786_1920.jpg?fit=1200%2C803&ssl=1&resize=350%2C200 1x, https:\/\/i0.wp.com\/kyzen-finance.com\/wp-content\/uploads\/2020\/07\/skyscraper-3032786_1920.jpg?fit=1200%2C803&ssl=1&resize=525%2C300 1.5x, https:\/\/i0.wp.com\/kyzen-finance.com\/wp-content\/uploads\/2020\/07\/skyscraper-3032786_1920.jpg?fit=1200%2C803&ssl=1&resize=700%2C400 2x, https:\/\/i0.wp.com\/kyzen-finance.com\/wp-content\/uploads\/2020\/07\/skyscraper-3032786_1920.jpg?fit=1200%2C803&ssl=1&resize=1050%2C600 3x"},"classes":[]},{"id":3310,"url":"https:\/\/kyzen-finance.com\/fr\/product\/introductions-en-bourse-2\/","url_meta":{"origin":2768,"position":1},"title":"Introductions en bourse","author":"Charles Patrick, CFA","date":"","format":false,"excerpt":"Connaissances pr\u00e9alables: Connaissances approfondies des march\u00e9s actions Niveau du cours: Avanc\u00e9 Concepts cl\u00e9s: - Offres publiques initiales - March\u00e9s boursiers - March\u00e9s actions primaires - March\u00e9s actions secondaires Ce cours comprend: - Vid\u00e9os de cours \u00e0 la demande - Diapositives de cours t\u00e9l\u00e9chargeables - Pratique questions - \u00c9tudes de cas\u2026","rel":"","context":"Article similaire","block_context":{"text":"Article similaire","link":""},"img":{"alt_text":"Practice Book \u2013 M&A | Finance eBook","src":"https:\/\/i0.wp.com\/kyzen-finance.com\/wp-content\/uploads\/2020\/07\/architecture-4803602_1920.jpg?fit=1200%2C800&ssl=1&resize=350%2C200","width":350,"height":200,"srcset":"https:\/\/i0.wp.com\/kyzen-finance.com\/wp-content\/uploads\/2020\/07\/architecture-4803602_1920.jpg?fit=1200%2C800&ssl=1&resize=350%2C200 1x, https:\/\/i0.wp.com\/kyzen-finance.com\/wp-content\/uploads\/2020\/07\/architecture-4803602_1920.jpg?fit=1200%2C800&ssl=1&resize=525%2C300 1.5x, https:\/\/i0.wp.com\/kyzen-finance.com\/wp-content\/uploads\/2020\/07\/architecture-4803602_1920.jpg?fit=1200%2C800&ssl=1&resize=700%2C400 2x, https:\/\/i0.wp.com\/kyzen-finance.com\/wp-content\/uploads\/2020\/07\/architecture-4803602_1920.jpg?fit=1200%2C800&ssl=1&resize=1050%2C600 3x"},"classes":[]},{"id":3144,"url":"https:\/\/kyzen-finance.com\/fr\/product\/les-operations-de-lbo\/","url_meta":{"origin":2768,"position":2},"title":"Les op\u00e9rations de LBO","author":"Charles Patrick, CFA","date":"","format":false,"excerpt":"Connaissances pr\u00e9alables: - Comprendre les \u00e9tats financiers - La valeur temps de l'argent Niveau du cours: Avanc\u00e9 Concepts cl\u00e9s: - Free Cash Flows - Valorisation des actions - Rachats par effet de levier - Multiples de sortie - Multiples d\u2019entr\u00e9e Ce cours comprend: - Vid\u00e9os de cours \u00e0 la demande\u2026","rel":"","context":"Article similaire","block_context":{"text":"Article similaire","link":""},"img":{"alt_text":"","src":"https:\/\/i0.wp.com\/kyzen-finance.com\/wp-content\/uploads\/2020\/07\/phone-4060860_1920.jpg?fit=1200%2C800&ssl=1&resize=350%2C200","width":350,"height":200,"srcset":"https:\/\/i0.wp.com\/kyzen-finance.com\/wp-content\/uploads\/2020\/07\/phone-4060860_1920.jpg?fit=1200%2C800&ssl=1&resize=350%2C200 1x, https:\/\/i0.wp.com\/kyzen-finance.com\/wp-content\/uploads\/2020\/07\/phone-4060860_1920.jpg?fit=1200%2C800&ssl=1&resize=525%2C300 1.5x, https:\/\/i0.wp.com\/kyzen-finance.com\/wp-content\/uploads\/2020\/07\/phone-4060860_1920.jpg?fit=1200%2C800&ssl=1&resize=700%2C400 2x, https:\/\/i0.wp.com\/kyzen-finance.com\/wp-content\/uploads\/2020\/07\/phone-4060860_1920.jpg?fit=1200%2C800&ssl=1&resize=1050%2C600 3x"},"classes":[]},{"id":3061,"url":"https:\/\/kyzen-finance.com\/fr\/product\/fusions-acquisitions-2\/","url_meta":{"origin":2768,"position":3},"title":"Fusions &#038; Acquisitions","author":"Charles Patrick, CFA","date":"","format":false,"excerpt":"Connaissances pr\u00e9alables: - M\u00e9thodes de valorisation des actions - Mesure des flux de tr\u00e9sorerie disponibles Niveau du cours: Avanc\u00e9 Concepts cl\u00e9s: - Multiples de valorisation - M\u00e9thode des comparables boursiers - M\u00e9thode des transactions comparables - MEDAF - Mesure des flux de tr\u00e9sorerie disponibles - \u00c9valuation DCF - \u00c9valuation d'op\u00e9rations\u2026","rel":"","context":"Article similaire","block_context":{"text":"Article similaire","link":""},"img":{"alt_text":"","src":"https:\/\/i0.wp.com\/kyzen-finance.com\/wp-content\/uploads\/2020\/07\/telephone-586266_1920.jpg?fit=1200%2C800&ssl=1&resize=350%2C200","width":350,"height":200,"srcset":"https:\/\/i0.wp.com\/kyzen-finance.com\/wp-content\/uploads\/2020\/07\/telephone-586266_1920.jpg?fit=1200%2C800&ssl=1&resize=350%2C200 1x, https:\/\/i0.wp.com\/kyzen-finance.com\/wp-content\/uploads\/2020\/07\/telephone-586266_1920.jpg?fit=1200%2C800&ssl=1&resize=525%2C300 1.5x, https:\/\/i0.wp.com\/kyzen-finance.com\/wp-content\/uploads\/2020\/07\/telephone-586266_1920.jpg?fit=1200%2C800&ssl=1&resize=700%2C400 2x, https:\/\/i0.wp.com\/kyzen-finance.com\/wp-content\/uploads\/2020\/07\/telephone-586266_1920.jpg?fit=1200%2C800&ssl=1&resize=1050%2C600 3x"},"classes":[]},{"id":3359,"url":"https:\/\/kyzen-finance.com\/fr\/product\/evaluation-par-le-revenu-residuel-residual-income\/","url_meta":{"origin":2768,"position":4},"title":"\u00c9valuation par le revenu r\u00e9siduel (Residual Income)","author":"Charles Patrick, CFA","date":"","format":false,"excerpt":"Connaissances pr\u00e9alables: - Comprendre les \u00e9tats financiers - \u00c9valuation de base des actions - La valeur temps de l'argent Niveau du cours: Avanc\u00e9 Objectifs d'apprentissage du cours: - D\u00e9finition du revenu r\u00e9siduel - Calculer le revenu r\u00e9siduel - Calculer la valeur d'une entreprise \u00e0 l'aide du mod\u00e8le de revenu r\u00e9siduel\u2026","rel":"","context":"Article similaire","block_context":{"text":"Article similaire","link":""},"img":{"alt_text":"office","src":"https:\/\/i0.wp.com\/kyzen-finance.com\/wp-content\/uploads\/2020\/07\/right-4703934_1920.jpg?fit=1200%2C800&ssl=1&resize=350%2C200","width":350,"height":200,"srcset":"https:\/\/i0.wp.com\/kyzen-finance.com\/wp-content\/uploads\/2020\/07\/right-4703934_1920.jpg?fit=1200%2C800&ssl=1&resize=350%2C200 1x, https:\/\/i0.wp.com\/kyzen-finance.com\/wp-content\/uploads\/2020\/07\/right-4703934_1920.jpg?fit=1200%2C800&ssl=1&resize=525%2C300 1.5x, https:\/\/i0.wp.com\/kyzen-finance.com\/wp-content\/uploads\/2020\/07\/right-4703934_1920.jpg?fit=1200%2C800&ssl=1&resize=700%2C400 2x, https:\/\/i0.wp.com\/kyzen-finance.com\/wp-content\/uploads\/2020\/07\/right-4703934_1920.jpg?fit=1200%2C800&ssl=1&resize=1050%2C600 3x"},"classes":[]},{"id":10821,"url":"https:\/\/kyzen-finance.com\/fr\/product\/fixed-income-fundamentals-2\/","url_meta":{"origin":2768,"position":5},"title":"\ud83d\udcc9 Ma\u00eetriser les titres \u00e0 revenu fixe : des fondamentaux aux strat\u00e9gies de portefeuille","author":"Cheikh NIANG, PhD, CFA","date":"","format":false,"excerpt":"Ce programme avanc\u00e9 couvre les instruments \u00e0 revenu fixe, des principes fondamentaux aux strat\u00e9gies de gestion de portefeuille. En mettant l\u2019accent sur les concepts de niveau 2 et 3 du CFA, ce cours vous apprendra \u00e0 \u00e9valuer les obligations, \u00e0 g\u00e9rer le risque de taux d\u2019int\u00e9r\u00eat et \u00e0 construire des\u2026","rel":"","context":"Article similaire","block_context":{"text":"Article similaire","link":""},"img":{"alt_text":"","src":"","width":0,"height":0},"classes":[]}],"jetpack_sharing_enabled":true,"_links":{"self":[{"href":"https:\/\/kyzen-finance.com\/fr\/wp-json\/wp\/v2\/product\/2768","targetHints":{"allow":["GET"]}}],"collection":[{"href":"https:\/\/kyzen-finance.com\/fr\/wp-json\/wp\/v2\/product"}],"about":[{"href":"https:\/\/kyzen-finance.com\/fr\/wp-json\/wp\/v2\/types\/product"}],"version-history":[{"count":1,"href":"https:\/\/kyzen-finance.com\/fr\/wp-json\/wp\/v2\/product\/2768\/revisions"}],"predecessor-version":[{"id":2907,"href":"https:\/\/kyzen-finance.com\/fr\/wp-json\/wp\/v2\/product\/2768\/revisions\/2907"}],"wp:featuredmedia":[{"embeddable":true,"href":"https:\/\/kyzen-finance.com\/fr\/wp-json\/wp\/v2\/media\/994"}],"wp:attachment":[{"href":"https:\/\/kyzen-finance.com\/fr\/wp-json\/wp\/v2\/media?parent=2768"}],"wp:term":[{"taxonomy":"product_brand","embeddable":true,"href":"https:\/\/kyzen-finance.com\/fr\/wp-json\/wp\/v2\/product_brand?post=2768"},{"taxonomy":"product_cat","embeddable":true,"href":"https:\/\/kyzen-finance.com\/fr\/wp-json\/wp\/v2\/product_cat?post=2768"},{"taxonomy":"product_tag","embeddable":true,"href":"https:\/\/kyzen-finance.com\/fr\/wp-json\/wp\/v2\/product_tag?post=2768"}],"curies":[{"name":"wp","href":"https:\/\/api.w.org\/{rel}","templated":true}]}}