{"id":2765,"date":"2020-09-16T08:53:27","date_gmt":"2020-10-31T17:31:22","guid":{"rendered":"https:\/\/kyzen-finance.com\/product\/regroupements-dentreprises\/"},"modified":"2020-11-24T17:48:06","modified_gmt":"2020-11-24T17:48:06","slug":"regroupements-d-entreprises","status":"publish","type":"product","link":"https:\/\/kyzen-finance.com\/fr\/product\/regroupements-d-entreprises\/","title":{"rendered":"Regroupements d&rsquo;entreprises"},"content":{"rendered":"<p><strong>Pr\u00e9-requis:<\/strong><\/p>\n<p>&#8211; Fondamentaux de la valorisation des entreprises<\/p>\n<p>&#8211; Connaissance de base des march\u00e9s financiers<\/p>\n<p><strong>Niveau du cours:<\/strong><\/p>\n<p>Advanced \/ Expert<\/p>\n<p><strong>Concepts cl\u00e9s:<\/strong><\/p>\n<p>&#8211; Fusions &amp; Acquisitions<\/p>\n<p>&#8211; Spin-offs &amp; split-offs<\/p>\n<p>&#8211; Restructuration d&rsquo;entreprises<\/p>\n<p>&#8211; Restructuration d&rsquo;entreprises<\/p>\n<p>&#8211; Int\u00e9r\u00eat majoritaire<\/p>\n<p>&#8211; Prise de participation<\/p>\n<p>&#8211; Structure du capital<\/p>\n<p>&#8211; Regroupements amicaux Vs Regroupements hostiles<\/p>\n<p>&#8211; L&rsquo;indice Herfindahl Hirschman<\/p>\n<p>&#8211; Analyses sectorielles<\/p>\n<p><strong>Ce cours inclut:<\/strong><\/p>\n<p>&#8211; Vid\u00e9os de cours \u00e0 la demande<\/p>\n<p>&#8211; Supports de cours t\u00e9l\u00e9chargeables<\/p>\n<p>&#8211; Exercices d&rsquo;application<\/p>\n<p>&#8211; Cas pratiques<\/p>\n<p>&#8211; Quiz final<\/p>\n<p>&#8211; Certificat de validation des comp\u00e9tences<\/p>\n","protected":false},"excerpt":{"rendered":"<p>Pr\u00e9-requis: &#8211; Fondamentaux de la valorisation des entreprises &#8211; Connaissance de base des march\u00e9s financiers Niveau du cours: Advanced \/ &hellip;<\/p>\n","protected":false},"featured_media":839,"template":"","meta":{"_vibebp_attr":"","_vibebp_dimensions":"","_vibebp_responsive_height":"","_vibebp_accordion_ie_support":"","_joinchat":[]},"product_brand":[],"product_cat":[15],"product_tag":[],"class_list":{"0":"post-2765","1":"product","2":"type-product","3":"status-publish","4":"has-post-thumbnail","6":"product_cat-uncategorized","8":"first","9":"instock","10":"downloadable","11":"virtual","12":"sold-individually","13":"purchasable","14":"product-type-simple"},"aioseo_notices":[],"jetpack-related-posts":[{"id":3231,"url":"https:\/\/kyzen-finance.com\/fr\/product\/restructuration-dentreprises\/","url_meta":{"origin":2765,"position":0},"title":"Restructuration d&rsquo;entreprises","author":"Charles Patrick, CFA","date":"","format":false,"excerpt":"Connaissances pr\u00e9alables: - Comprendre les \u00e9tats financiers - Comprendre la structure du capital des entreprises - La valeur temps de l'argent Niveau du cours: Avanc\u00e9e Concepts cl\u00e9s: - Processus de restructuration d'entreprise - Restructuration de la dette - Scissions - Mod\u00e8le de revenu r\u00e9siduel (Residual Income) - Mod\u00e8les \u00e9conomiques \u00e0\u2026","rel":"","context":"Article similaire","block_context":{"text":"Article similaire","link":""},"img":{"alt_text":"Practice Book \u2013 Capital Asset Pricing Model","src":"https:\/\/i0.wp.com\/kyzen-finance.com\/wp-content\/uploads\/2020\/07\/dubai-city-difc-5268376_1920.jpg?fit=1200%2C800&ssl=1&resize=350%2C200","width":350,"height":200,"srcset":"https:\/\/i0.wp.com\/kyzen-finance.com\/wp-content\/uploads\/2020\/07\/dubai-city-difc-5268376_1920.jpg?fit=1200%2C800&ssl=1&resize=350%2C200 1x, https:\/\/i0.wp.com\/kyzen-finance.com\/wp-content\/uploads\/2020\/07\/dubai-city-difc-5268376_1920.jpg?fit=1200%2C800&ssl=1&resize=525%2C300 1.5x, https:\/\/i0.wp.com\/kyzen-finance.com\/wp-content\/uploads\/2020\/07\/dubai-city-difc-5268376_1920.jpg?fit=1200%2C800&ssl=1&resize=700%2C400 2x, https:\/\/i0.wp.com\/kyzen-finance.com\/wp-content\/uploads\/2020\/07\/dubai-city-difc-5268376_1920.jpg?fit=1200%2C800&ssl=1&resize=1050%2C600 3x"},"classes":[]},{"id":2725,"url":"https:\/\/kyzen-finance.com\/fr\/product\/cout-du-capital\/","url_meta":{"origin":2765,"position":1},"title":"\ud83d\udcca Ma\u00eetrise de la finance d\u2019entreprise : de la structure du capital aux fusions-acquisitions","author":"Cheikh NIANG, PhD, CFA","date":"","format":false,"excerpt":"Ce cours avanc\u00e9 couvre les d\u00e9cisions cl\u00e9s en mati\u00e8re de financement d\u2019entreprise, de l\u2019optimisation de la structure du capital \u00e0 la politique de dividende et aux fusions et acquisitions. S\u2019appuyant sur les concepts d\u2019analyse financi\u00e8re et de reporting de niveau 2 du CFA, ce programme explore \u00e9galement les options r\u00e9elles\u2026","rel":"","context":"Article similaire","block_context":{"text":"Article similaire","link":""},"img":{"alt_text":"Practice Book \u2013 Cost of Capital & Leverage | Finance eBook","src":"https:\/\/i0.wp.com\/kyzen-finance.com\/wp-content\/uploads\/2020\/07\/startup-849805_1920.jpg?fit=1200%2C800&ssl=1&resize=350%2C200","width":350,"height":200,"srcset":"https:\/\/i0.wp.com\/kyzen-finance.com\/wp-content\/uploads\/2020\/07\/startup-849805_1920.jpg?fit=1200%2C800&ssl=1&resize=350%2C200 1x, https:\/\/i0.wp.com\/kyzen-finance.com\/wp-content\/uploads\/2020\/07\/startup-849805_1920.jpg?fit=1200%2C800&ssl=1&resize=525%2C300 1.5x, https:\/\/i0.wp.com\/kyzen-finance.com\/wp-content\/uploads\/2020\/07\/startup-849805_1920.jpg?fit=1200%2C800&ssl=1&resize=700%2C400 2x, https:\/\/i0.wp.com\/kyzen-finance.com\/wp-content\/uploads\/2020\/07\/startup-849805_1920.jpg?fit=1200%2C800&ssl=1&resize=1050%2C600 3x"},"classes":[]},{"id":2738,"url":"https:\/\/kyzen-finance.com\/fr\/product\/actualisation-des-cash-flows\/","url_meta":{"origin":2765,"position":2},"title":"M\u00e9thodes de valorisation par l&rsquo;actualisation des flux de tr\u00e9sorerie","author":"Cheikh NIANG, PhD, CFA","date":"","format":false,"excerpt":"Pr\u00e9-requis - Valeur temps de l'argent - Le co\u00fbt du capital - Calcul des free cash flow Niveau du cours Avanc\u00e9 Concepts cl\u00e9s - Free cash flow - Actualisation des cash flow - Valeur terminale - Le co\u00fbt du capital Ce cours inclut: - Vid\u00e9os de cours \u00e0 la demande\u2026","rel":"","context":"Article similaire","block_context":{"text":"Article similaire","link":""},"img":{"alt_text":"Valorisation d\u2019entreprises par la m\u00e9thode des flux de tr\u00e9sorerie actualis\u00e9s","src":"https:\/\/i0.wp.com\/kyzen-finance.com\/wp-content\/uploads\/2020\/07\/people-2568603_1920.jpg?fit=1200%2C801&ssl=1&resize=350%2C200","width":350,"height":200,"srcset":"https:\/\/i0.wp.com\/kyzen-finance.com\/wp-content\/uploads\/2020\/07\/people-2568603_1920.jpg?fit=1200%2C801&ssl=1&resize=350%2C200 1x, https:\/\/i0.wp.com\/kyzen-finance.com\/wp-content\/uploads\/2020\/07\/people-2568603_1920.jpg?fit=1200%2C801&ssl=1&resize=525%2C300 1.5x, https:\/\/i0.wp.com\/kyzen-finance.com\/wp-content\/uploads\/2020\/07\/people-2568603_1920.jpg?fit=1200%2C801&ssl=1&resize=700%2C400 2x, https:\/\/i0.wp.com\/kyzen-finance.com\/wp-content\/uploads\/2020\/07\/people-2568603_1920.jpg?fit=1200%2C801&ssl=1&resize=1050%2C600 3x"},"classes":[]},{"id":3177,"url":"https:\/\/kyzen-finance.com\/fr\/product\/optimisation-de-la-structure-capitalistique\/","url_meta":{"origin":2765,"position":3},"title":"Optimisation de la Structure Capitalistique","author":"Charles Patrick, CFA","date":"","format":false,"excerpt":"Conditions pr\u00e9alables: Comprendre les \u00e9tats financiers Niveau du cours: Interm\u00e9diaire Concepts cl\u00e9s: - Structure optimale du capital - Structure cible du capital - \u00c9valuation de la structure du capital - Th\u00e9ories de la structure du capital - Co\u00fbt du capital Ce cours comprend: - Vid\u00e9os de cours \u00e0 la demande\u2026","rel":"","context":"Article similaire","block_context":{"text":"Article similaire","link":""},"img":{"alt_text":"","src":"https:\/\/i0.wp.com\/kyzen-finance.com\/wp-content\/uploads\/2020\/07\/digital-marketing-1725340_1920.jpg?fit=1200%2C799&ssl=1&resize=350%2C200","width":350,"height":200,"srcset":"https:\/\/i0.wp.com\/kyzen-finance.com\/wp-content\/uploads\/2020\/07\/digital-marketing-1725340_1920.jpg?fit=1200%2C799&ssl=1&resize=350%2C200 1x, https:\/\/i0.wp.com\/kyzen-finance.com\/wp-content\/uploads\/2020\/07\/digital-marketing-1725340_1920.jpg?fit=1200%2C799&ssl=1&resize=525%2C300 1.5x, https:\/\/i0.wp.com\/kyzen-finance.com\/wp-content\/uploads\/2020\/07\/digital-marketing-1725340_1920.jpg?fit=1200%2C799&ssl=1&resize=700%2C400 2x, https:\/\/i0.wp.com\/kyzen-finance.com\/wp-content\/uploads\/2020\/07\/digital-marketing-1725340_1920.jpg?fit=1200%2C799&ssl=1&resize=1050%2C600 3x"},"classes":[]},{"id":3500,"url":"https:\/\/kyzen-finance.com\/fr\/product\/couverture-du-risque-financier-avec-des-strategies-derivees\/","url_meta":{"origin":2765,"position":4},"title":"Couverture du risque financier avec des strat\u00e9gies d\u00e9riv\u00e9es","author":"Charles Patrick, CFA","date":"","format":false,"excerpt":"Connaissances pr\u00e9alables: - Fondamentaux des options - Forwards & Futures Niveau du cours: Avanc\u00e9 Concepts cl\u00e9s: - Parit\u00e9 put-call - Papillon - Collars - Straddle - Strangle - Modification du b\u00eata Ce cours comprend: - Vid\u00e9os de cours \u00e0 la demande - Diapositives de cours t\u00e9l\u00e9chargeables - Questions pratiques -\u2026","rel":"","context":"Article similaire","block_context":{"text":"Article similaire","link":""},"img":{"alt_text":"","src":"https:\/\/i0.wp.com\/kyzen-finance.com\/wp-content\/uploads\/2020\/07\/financial-2860753_1920.jpg?fit=1200%2C794&ssl=1&resize=350%2C200","width":350,"height":200,"srcset":"https:\/\/i0.wp.com\/kyzen-finance.com\/wp-content\/uploads\/2020\/07\/financial-2860753_1920.jpg?fit=1200%2C794&ssl=1&resize=350%2C200 1x, https:\/\/i0.wp.com\/kyzen-finance.com\/wp-content\/uploads\/2020\/07\/financial-2860753_1920.jpg?fit=1200%2C794&ssl=1&resize=525%2C300 1.5x, https:\/\/i0.wp.com\/kyzen-finance.com\/wp-content\/uploads\/2020\/07\/financial-2860753_1920.jpg?fit=1200%2C794&ssl=1&resize=700%2C400 2x, https:\/\/i0.wp.com\/kyzen-finance.com\/wp-content\/uploads\/2020\/07\/financial-2860753_1920.jpg?fit=1200%2C794&ssl=1&resize=1050%2C600 3x"},"classes":[]},{"id":3359,"url":"https:\/\/kyzen-finance.com\/fr\/product\/evaluation-par-le-revenu-residuel-residual-income\/","url_meta":{"origin":2765,"position":5},"title":"\u00c9valuation par le revenu r\u00e9siduel (Residual Income)","author":"Charles Patrick, CFA","date":"","format":false,"excerpt":"Connaissances pr\u00e9alables: - Comprendre les \u00e9tats financiers - \u00c9valuation de base des actions - La valeur temps de l'argent Niveau du cours: Avanc\u00e9 Objectifs d'apprentissage du cours: - D\u00e9finition du revenu r\u00e9siduel - Calculer le revenu r\u00e9siduel - Calculer la valeur d'une entreprise \u00e0 l'aide du mod\u00e8le de revenu r\u00e9siduel\u2026","rel":"","context":"Article similaire","block_context":{"text":"Article similaire","link":""},"img":{"alt_text":"office","src":"https:\/\/i0.wp.com\/kyzen-finance.com\/wp-content\/uploads\/2020\/07\/right-4703934_1920.jpg?fit=1200%2C800&ssl=1&resize=350%2C200","width":350,"height":200,"srcset":"https:\/\/i0.wp.com\/kyzen-finance.com\/wp-content\/uploads\/2020\/07\/right-4703934_1920.jpg?fit=1200%2C800&ssl=1&resize=350%2C200 1x, https:\/\/i0.wp.com\/kyzen-finance.com\/wp-content\/uploads\/2020\/07\/right-4703934_1920.jpg?fit=1200%2C800&ssl=1&resize=525%2C300 1.5x, https:\/\/i0.wp.com\/kyzen-finance.com\/wp-content\/uploads\/2020\/07\/right-4703934_1920.jpg?fit=1200%2C800&ssl=1&resize=700%2C400 2x, https:\/\/i0.wp.com\/kyzen-finance.com\/wp-content\/uploads\/2020\/07\/right-4703934_1920.jpg?fit=1200%2C800&ssl=1&resize=1050%2C600 3x"},"classes":[]}],"jetpack_sharing_enabled":true,"_links":{"self":[{"href":"https:\/\/kyzen-finance.com\/fr\/wp-json\/wp\/v2\/product\/2765","targetHints":{"allow":["GET"]}}],"collection":[{"href":"https:\/\/kyzen-finance.com\/fr\/wp-json\/wp\/v2\/product"}],"about":[{"href":"https:\/\/kyzen-finance.com\/fr\/wp-json\/wp\/v2\/types\/product"}],"version-history":[{"count":1,"href":"https:\/\/kyzen-finance.com\/fr\/wp-json\/wp\/v2\/product\/2765\/revisions"}],"predecessor-version":[{"id":2911,"href":"https:\/\/kyzen-finance.com\/fr\/wp-json\/wp\/v2\/product\/2765\/revisions\/2911"}],"wp:featuredmedia":[{"embeddable":true,"href":"https:\/\/kyzen-finance.com\/fr\/wp-json\/wp\/v2\/media\/839"}],"wp:attachment":[{"href":"https:\/\/kyzen-finance.com\/fr\/wp-json\/wp\/v2\/media?parent=2765"}],"wp:term":[{"taxonomy":"product_brand","embeddable":true,"href":"https:\/\/kyzen-finance.com\/fr\/wp-json\/wp\/v2\/product_brand?post=2765"},{"taxonomy":"product_cat","embeddable":true,"href":"https:\/\/kyzen-finance.com\/fr\/wp-json\/wp\/v2\/product_cat?post=2765"},{"taxonomy":"product_tag","embeddable":true,"href":"https:\/\/kyzen-finance.com\/fr\/wp-json\/wp\/v2\/product_tag?post=2765"}],"curies":[{"name":"wp","href":"https:\/\/api.w.org\/{rel}","templated":true}]}}