{"id":2745,"date":"2020-09-29T11:28:39","date_gmt":"2020-10-31T14:54:20","guid":{"rendered":"https:\/\/kyzen-finance.com\/product\/modele-residual-income\/"},"modified":"2020-11-24T17:23:38","modified_gmt":"2020-11-24T17:23:38","slug":"residual-income-modeles","status":"publish","type":"product","link":"https:\/\/kyzen-finance.com\/fr\/product\/residual-income-modeles\/","title":{"rendered":"Mod\u00e8le Residual Income"},"content":{"rendered":"<p><strong>Pr\u00e9-requis<\/strong><\/p>\n<p>&#8211; Comprendre les \u00e9tats financiers<\/p>\n<p>&#8211; Fondamentaux de la valorisation des entreprises<\/p>\n<p>&#8211; Valeur temps de l&rsquo;argent<\/p>\n<p><strong>Niveau du cours<\/strong><\/p>\n<p>Expert<\/p>\n<p><strong>Concepts cl\u00e9s<\/strong><\/p>\n<p>&#8211; Residual income<\/p>\n<p>&#8211; Persistence factor<\/p>\n<p>&#8211; Valeur comptable des fonds propres<\/p>\n<p><strong>Ce cours inclut:<\/strong><\/p>\n<p>&#8211; Vid\u00e9os de cours \u00e0 la demande<\/p>\n<p>&#8211; Supports de cours t\u00e9l\u00e9chargeables<\/p>\n<p>&#8211; Exercices d&rsquo;application<\/p>\n<p>&#8211; Cas pratiques<\/p>\n<p>&#8211; Quiz final<\/p>\n<p>&#8211; Certificat de validation des comp\u00e9tences<\/p>\n","protected":false},"excerpt":{"rendered":"<p>Pr\u00e9-requis &#8211; Comprendre les \u00e9tats financiers &#8211; Fondamentaux de la valorisation des entreprises &#8211; Valeur temps de l&rsquo;argent Niveau du &hellip;<\/p>\n","protected":false},"featured_media":921,"template":"","meta":{"_vibebp_attr":"","_vibebp_dimensions":"","_vibebp_responsive_height":"","_vibebp_accordion_ie_support":"","_joinchat":[]},"product_brand":[],"product_cat":[15],"product_tag":[],"class_list":{"0":"post-2745","1":"product","2":"type-product","3":"status-publish","4":"has-post-thumbnail","6":"product_cat-uncategorized","8":"first","9":"instock","10":"downloadable","11":"virtual","12":"sold-individually","13":"purchasable","14":"product-type-simple"},"aioseo_notices":[],"jetpack-related-posts":[{"id":3359,"url":"https:\/\/kyzen-finance.com\/fr\/product\/evaluation-par-le-revenu-residuel-residual-income\/","url_meta":{"origin":2745,"position":0},"title":"\u00c9valuation par le revenu r\u00e9siduel (Residual Income)","author":"Charles Patrick, CFA","date":"","format":false,"excerpt":"Connaissances pr\u00e9alables: - Comprendre les \u00e9tats financiers - \u00c9valuation de base des actions - La valeur temps de l'argent Niveau du cours: Avanc\u00e9 Objectifs d'apprentissage du cours: - D\u00e9finition du revenu r\u00e9siduel - Calculer le revenu r\u00e9siduel - Calculer la valeur d'une entreprise \u00e0 l'aide du mod\u00e8le de revenu r\u00e9siduel\u2026","rel":"","context":"Article similaire","block_context":{"text":"Article similaire","link":""},"img":{"alt_text":"office","src":"https:\/\/i0.wp.com\/kyzen-finance.com\/wp-content\/uploads\/2020\/07\/right-4703934_1920.jpg?fit=1200%2C800&ssl=1&resize=350%2C200","width":350,"height":200,"srcset":"https:\/\/i0.wp.com\/kyzen-finance.com\/wp-content\/uploads\/2020\/07\/right-4703934_1920.jpg?fit=1200%2C800&ssl=1&resize=350%2C200 1x, https:\/\/i0.wp.com\/kyzen-finance.com\/wp-content\/uploads\/2020\/07\/right-4703934_1920.jpg?fit=1200%2C800&ssl=1&resize=525%2C300 1.5x, https:\/\/i0.wp.com\/kyzen-finance.com\/wp-content\/uploads\/2020\/07\/right-4703934_1920.jpg?fit=1200%2C800&ssl=1&resize=700%2C400 2x, https:\/\/i0.wp.com\/kyzen-finance.com\/wp-content\/uploads\/2020\/07\/right-4703934_1920.jpg?fit=1200%2C800&ssl=1&resize=1050%2C600 3x"},"classes":[]},{"id":3231,"url":"https:\/\/kyzen-finance.com\/fr\/product\/restructuration-dentreprises\/","url_meta":{"origin":2745,"position":1},"title":"Restructuration d&rsquo;entreprises","author":"Charles Patrick, CFA","date":"","format":false,"excerpt":"Connaissances pr\u00e9alables: - Comprendre les \u00e9tats financiers - Comprendre la structure du capital des entreprises - La valeur temps de l'argent Niveau du cours: Avanc\u00e9e Concepts cl\u00e9s: - Processus de restructuration d'entreprise - Restructuration de la dette - Scissions - Mod\u00e8le de revenu r\u00e9siduel (Residual Income) - Mod\u00e8les \u00e9conomiques \u00e0\u2026","rel":"","context":"Article similaire","block_context":{"text":"Article similaire","link":""},"img":{"alt_text":"Practice Book \u2013 Capital Asset Pricing Model","src":"https:\/\/i0.wp.com\/kyzen-finance.com\/wp-content\/uploads\/2020\/07\/dubai-city-difc-5268376_1920.jpg?fit=1200%2C800&ssl=1&resize=350%2C200","width":350,"height":200,"srcset":"https:\/\/i0.wp.com\/kyzen-finance.com\/wp-content\/uploads\/2020\/07\/dubai-city-difc-5268376_1920.jpg?fit=1200%2C800&ssl=1&resize=350%2C200 1x, https:\/\/i0.wp.com\/kyzen-finance.com\/wp-content\/uploads\/2020\/07\/dubai-city-difc-5268376_1920.jpg?fit=1200%2C800&ssl=1&resize=525%2C300 1.5x, https:\/\/i0.wp.com\/kyzen-finance.com\/wp-content\/uploads\/2020\/07\/dubai-city-difc-5268376_1920.jpg?fit=1200%2C800&ssl=1&resize=700%2C400 2x, https:\/\/i0.wp.com\/kyzen-finance.com\/wp-content\/uploads\/2020\/07\/dubai-city-difc-5268376_1920.jpg?fit=1200%2C800&ssl=1&resize=1050%2C600 3x"},"classes":[]},{"id":3514,"url":"https:\/\/kyzen-finance.com\/fr\/product\/la-valeur-temps-de-largent\/","url_meta":{"origin":2745,"position":2},"title":"La valeur temps de l&rsquo;argent","author":"Charles Patrick, CFA","date":"","format":false,"excerpt":"Connaissances pr\u00e9alables: Aucun pr\u00e9requis Niveau du cours: D\u00e9butant Concepts cl\u00e9s: - Rente - Perp\u00e9tuit\u00e9 - Valeur future - Valeur actuelle Ce cours comprend: - Vid\u00e9os de cours \u00e0 la demande - Diapositives de cours t\u00e9l\u00e9chargeables - Questions pratiques - \u00c9tudes de cas - Quiz final - Certificat de cours","rel":"","context":"Article similaire","block_context":{"text":"Article similaire","link":""},"img":{"alt_text":"office","src":"https:\/\/i0.wp.com\/kyzen-finance.com\/wp-content\/uploads\/2020\/07\/laptop-3196481_1920.jpg?fit=1200%2C800&ssl=1&resize=350%2C200","width":350,"height":200,"srcset":"https:\/\/i0.wp.com\/kyzen-finance.com\/wp-content\/uploads\/2020\/07\/laptop-3196481_1920.jpg?fit=1200%2C800&ssl=1&resize=350%2C200 1x, https:\/\/i0.wp.com\/kyzen-finance.com\/wp-content\/uploads\/2020\/07\/laptop-3196481_1920.jpg?fit=1200%2C800&ssl=1&resize=525%2C300 1.5x, https:\/\/i0.wp.com\/kyzen-finance.com\/wp-content\/uploads\/2020\/07\/laptop-3196481_1920.jpg?fit=1200%2C800&ssl=1&resize=700%2C400 2x, https:\/\/i0.wp.com\/kyzen-finance.com\/wp-content\/uploads\/2020\/07\/laptop-3196481_1920.jpg?fit=1200%2C800&ssl=1&resize=1050%2C600 3x"},"classes":[]},{"id":3477,"url":"https:\/\/kyzen-finance.com\/fr\/product\/options-financieres\/","url_meta":{"origin":2745,"position":3},"title":"Options financi\u00e8res","author":"Charles Patrick, CFA","date":"","format":false,"excerpt":"Connaissances pr\u00e9alables: - La valeur temps de l'argent Niveau du cours: Interm\u00e9diaire Concepts cl\u00e9s: - Options d\u2019achat - Options de vente - Valeur d'une option - Parit\u00e9 put-call - Moneyness Ce cours comprend: - Vid\u00e9os de cours \u00e0 la demande - Diapositives de cours t\u00e9l\u00e9chargeables - Questions pratiques - \u00c9tudes\u2026","rel":"","context":"Article similaire","block_context":{"text":"Article similaire","link":""},"img":{"alt_text":"Practice Book \u2013 Capital Budgeting","src":"https:\/\/i0.wp.com\/kyzen-finance.com\/wp-content\/uploads\/2020\/07\/analysis-1841158_1920.jpg?fit=1200%2C800&ssl=1&resize=350%2C200","width":350,"height":200,"srcset":"https:\/\/i0.wp.com\/kyzen-finance.com\/wp-content\/uploads\/2020\/07\/analysis-1841158_1920.jpg?fit=1200%2C800&ssl=1&resize=350%2C200 1x, https:\/\/i0.wp.com\/kyzen-finance.com\/wp-content\/uploads\/2020\/07\/analysis-1841158_1920.jpg?fit=1200%2C800&ssl=1&resize=525%2C300 1.5x, https:\/\/i0.wp.com\/kyzen-finance.com\/wp-content\/uploads\/2020\/07\/analysis-1841158_1920.jpg?fit=1200%2C800&ssl=1&resize=700%2C400 2x, https:\/\/i0.wp.com\/kyzen-finance.com\/wp-content\/uploads\/2020\/07\/analysis-1841158_1920.jpg?fit=1200%2C800&ssl=1&resize=1050%2C600 3x"},"classes":[]},{"id":3465,"url":"https:\/\/kyzen-finance.com\/fr\/product\/modeles-de-valorisation-non-conventionnels\/","url_meta":{"origin":2745,"position":4},"title":"Mod\u00e8les de valorisation non conventionnels","author":"Charles Patrick, CFA","date":"","format":false,"excerpt":"Connaissances pr\u00e9alables: - La valeur temps de l'argent - Comprendre les \u00e9tats financiers - Mod\u00e8les de base de valorisation des actions Niveau du cours: Expert Concepts cl\u00e9s: - Revenu r\u00e9siduel - La valeur ajout\u00e9e \u00e9conomique - Options r\u00e9elles - Mod\u00e8le H Ce cours comprend: - Vid\u00e9os de cours \u00e0 la\u2026","rel":"","context":"Article similaire","block_context":{"text":"Article similaire","link":""},"img":{"alt_text":"Practice Book \u2013 Bond Valuation | Finance eBook","src":"https:\/\/i0.wp.com\/kyzen-finance.com\/wp-content\/uploads\/2020\/07\/ecb-5377160_1920.jpg?fit=1200%2C960&ssl=1&resize=350%2C200","width":350,"height":200,"srcset":"https:\/\/i0.wp.com\/kyzen-finance.com\/wp-content\/uploads\/2020\/07\/ecb-5377160_1920.jpg?fit=1200%2C960&ssl=1&resize=350%2C200 1x, https:\/\/i0.wp.com\/kyzen-finance.com\/wp-content\/uploads\/2020\/07\/ecb-5377160_1920.jpg?fit=1200%2C960&ssl=1&resize=525%2C300 1.5x, https:\/\/i0.wp.com\/kyzen-finance.com\/wp-content\/uploads\/2020\/07\/ecb-5377160_1920.jpg?fit=1200%2C960&ssl=1&resize=700%2C400 2x, https:\/\/i0.wp.com\/kyzen-finance.com\/wp-content\/uploads\/2020\/07\/ecb-5377160_1920.jpg?fit=1200%2C960&ssl=1&resize=1050%2C600 3x"},"classes":[]},{"id":3119,"url":"https:\/\/kyzen-finance.com\/fr\/product\/le-modele-eva\/","url_meta":{"origin":2745,"position":5},"title":"Le Mod\u00e8le EVA","author":"Charles Patrick, CFA","date":"","format":false,"excerpt":"Conditions pr\u00e9alables: - Comprendre les \u00e9tats financiers - La valeur temps de l'argent - Valorisation des flux de tr\u00e9sorerie actualis\u00e9s - Mesurer le co\u00fbt du capital - Outils de d\u00e9cision d'investissement Niveau du cours: Expert Concepts cl\u00e9s: - Profit \u00e9conomique - Revenu \u00e9conomique - NOPAT - Dollar WACC - La\u2026","rel":"","context":"Article similaire","block_context":{"text":"Article similaire","link":""},"img":{"alt_text":"","src":"https:\/\/i0.wp.com\/kyzen-finance.com\/wp-content\/uploads\/2020\/07\/financial-2860753_1920.jpg?fit=1200%2C794&ssl=1&resize=350%2C200","width":350,"height":200,"srcset":"https:\/\/i0.wp.com\/kyzen-finance.com\/wp-content\/uploads\/2020\/07\/financial-2860753_1920.jpg?fit=1200%2C794&ssl=1&resize=350%2C200 1x, https:\/\/i0.wp.com\/kyzen-finance.com\/wp-content\/uploads\/2020\/07\/financial-2860753_1920.jpg?fit=1200%2C794&ssl=1&resize=525%2C300 1.5x, https:\/\/i0.wp.com\/kyzen-finance.com\/wp-content\/uploads\/2020\/07\/financial-2860753_1920.jpg?fit=1200%2C794&ssl=1&resize=700%2C400 2x, https:\/\/i0.wp.com\/kyzen-finance.com\/wp-content\/uploads\/2020\/07\/financial-2860753_1920.jpg?fit=1200%2C794&ssl=1&resize=1050%2C600 3x"},"classes":[]}],"jetpack_sharing_enabled":true,"_links":{"self":[{"href":"https:\/\/kyzen-finance.com\/fr\/wp-json\/wp\/v2\/product\/2745","targetHints":{"allow":["GET"]}}],"collection":[{"href":"https:\/\/kyzen-finance.com\/fr\/wp-json\/wp\/v2\/product"}],"about":[{"href":"https:\/\/kyzen-finance.com\/fr\/wp-json\/wp\/v2\/types\/product"}],"version-history":[{"count":1,"href":"https:\/\/kyzen-finance.com\/fr\/wp-json\/wp\/v2\/product\/2745\/revisions"}],"predecessor-version":[{"id":2896,"href":"https:\/\/kyzen-finance.com\/fr\/wp-json\/wp\/v2\/product\/2745\/revisions\/2896"}],"wp:featuredmedia":[{"embeddable":true,"href":"https:\/\/kyzen-finance.com\/fr\/wp-json\/wp\/v2\/media\/921"}],"wp:attachment":[{"href":"https:\/\/kyzen-finance.com\/fr\/wp-json\/wp\/v2\/media?parent=2745"}],"wp:term":[{"taxonomy":"product_brand","embeddable":true,"href":"https:\/\/kyzen-finance.com\/fr\/wp-json\/wp\/v2\/product_brand?post=2745"},{"taxonomy":"product_cat","embeddable":true,"href":"https:\/\/kyzen-finance.com\/fr\/wp-json\/wp\/v2\/product_cat?post=2745"},{"taxonomy":"product_tag","embeddable":true,"href":"https:\/\/kyzen-finance.com\/fr\/wp-json\/wp\/v2\/product_tag?post=2745"}],"curies":[{"name":"wp","href":"https:\/\/api.w.org\/{rel}","templated":true}]}}