{"id":2728,"date":"2020-09-29T14:14:28","date_gmt":"2020-10-31T13:56:11","guid":{"rendered":"https:\/\/kyzen-finance.com\/product\/estimation-des-free-cash-flow\/"},"modified":"2020-11-24T17:40:00","modified_gmt":"2020-11-24T17:40:00","slug":"estimation-des-free-cash-flow","status":"publish","type":"product","link":"https:\/\/kyzen-finance.com\/fr\/product\/estimation-des-free-cash-flow\/","title":{"rendered":"Estimation des Free Cash Flow"},"content":{"rendered":"<p><strong>Pr\u00e9-requis<\/strong><\/p>\n<p>&#8211; Comprendre les \u00e9tats financiers<\/p>\n<p><strong>Niveau du cours<\/strong><\/p>\n<p>Interm\u00e9diaire<\/p>\n<p><strong>Concepts cl\u00e9s<\/strong><\/p>\n<p>&#8211; Free cash flow to the firm<\/p>\n<p>&#8211; Free cash flow to equity<\/p>\n<p>&#8211; CAPEX<\/p>\n<p>&#8211; Besoins en fonds de roulement<\/p>\n<p>&#8211; Economies d&rsquo;imp\u00f4ts<\/p>\n<p><strong>Ce cours inclut:<\/strong><\/p>\n<p>&#8211; Vid\u00e9os de cours \u00e0 la demande<\/p>\n<p>&#8211; Supports de cours t\u00e9l\u00e9chargeables<\/p>\n<p>&#8211; Exercices d&rsquo;application<\/p>\n<p>&#8211; Cas pratiques<\/p>\n<p>&#8211; Quiz final<\/p>\n<p>&#8211; Certificat de validation des comp\u00e9tences<\/p>\n","protected":false},"excerpt":{"rendered":"<p>Pr\u00e9-requis &#8211; Comprendre les \u00e9tats financiers Niveau du cours Interm\u00e9diaire Concepts cl\u00e9s &#8211; Free cash flow to the firm &#8211; &hellip;<\/p>\n","protected":false},"featured_media":775,"template":"","meta":{"_vibebp_attr":"","_vibebp_dimensions":"","_vibebp_responsive_height":"","_vibebp_accordion_ie_support":"","_joinchat":[]},"product_brand":[],"product_cat":[15],"product_tag":[],"class_list":{"0":"post-2728","1":"product","2":"type-product","3":"status-publish","4":"has-post-thumbnail","6":"product_cat-uncategorized","8":"first","9":"instock","10":"downloadable","11":"virtual","12":"sold-individually","13":"purchasable","14":"product-type-simple"},"aioseo_notices":[],"jetpack-related-posts":[{"id":2738,"url":"https:\/\/kyzen-finance.com\/fr\/product\/actualisation-des-cash-flows\/","url_meta":{"origin":2728,"position":0},"title":"M\u00e9thodes de valorisation par l&rsquo;actualisation des flux de tr\u00e9sorerie","author":"Cheikh NIANG, PhD, CFA","date":"","format":false,"excerpt":"Pr\u00e9-requis - Valeur temps de l'argent - Le co\u00fbt du capital - Calcul des free cash flow Niveau du cours Avanc\u00e9 Concepts cl\u00e9s - Free cash flow - Actualisation des cash flow - Valeur terminale - Le co\u00fbt du capital Ce cours inclut: - Vid\u00e9os de cours \u00e0 la demande\u2026","rel":"","context":"Article similaire","block_context":{"text":"Article similaire","link":""},"img":{"alt_text":"Valorisation d\u2019entreprises par la m\u00e9thode des flux de tr\u00e9sorerie actualis\u00e9s","src":"https:\/\/i0.wp.com\/kyzen-finance.com\/wp-content\/uploads\/2020\/07\/people-2568603_1920.jpg?fit=1200%2C801&ssl=1&resize=350%2C200","width":350,"height":200,"srcset":"https:\/\/i0.wp.com\/kyzen-finance.com\/wp-content\/uploads\/2020\/07\/people-2568603_1920.jpg?fit=1200%2C801&ssl=1&resize=350%2C200 1x, https:\/\/i0.wp.com\/kyzen-finance.com\/wp-content\/uploads\/2020\/07\/people-2568603_1920.jpg?fit=1200%2C801&ssl=1&resize=525%2C300 1.5x, https:\/\/i0.wp.com\/kyzen-finance.com\/wp-content\/uploads\/2020\/07\/people-2568603_1920.jpg?fit=1200%2C801&ssl=1&resize=700%2C400 2x, https:\/\/i0.wp.com\/kyzen-finance.com\/wp-content\/uploads\/2020\/07\/people-2568603_1920.jpg?fit=1200%2C801&ssl=1&resize=1050%2C600 3x"},"classes":[]},{"id":3144,"url":"https:\/\/kyzen-finance.com\/fr\/product\/les-operations-de-lbo\/","url_meta":{"origin":2728,"position":1},"title":"Les op\u00e9rations de LBO","author":"Charles Patrick, CFA","date":"","format":false,"excerpt":"Connaissances pr\u00e9alables: - Comprendre les \u00e9tats financiers - La valeur temps de l'argent Niveau du cours: Avanc\u00e9 Concepts cl\u00e9s: - Free Cash Flows - Valorisation des actions - Rachats par effet de levier - Multiples de sortie - Multiples d\u2019entr\u00e9e Ce cours comprend: - Vid\u00e9os de cours \u00e0 la demande\u2026","rel":"","context":"Article similaire","block_context":{"text":"Article similaire","link":""},"img":{"alt_text":"","src":"https:\/\/i0.wp.com\/kyzen-finance.com\/wp-content\/uploads\/2020\/07\/phone-4060860_1920.jpg?fit=1200%2C800&ssl=1&resize=350%2C200","width":350,"height":200,"srcset":"https:\/\/i0.wp.com\/kyzen-finance.com\/wp-content\/uploads\/2020\/07\/phone-4060860_1920.jpg?fit=1200%2C800&ssl=1&resize=350%2C200 1x, https:\/\/i0.wp.com\/kyzen-finance.com\/wp-content\/uploads\/2020\/07\/phone-4060860_1920.jpg?fit=1200%2C800&ssl=1&resize=525%2C300 1.5x, https:\/\/i0.wp.com\/kyzen-finance.com\/wp-content\/uploads\/2020\/07\/phone-4060860_1920.jpg?fit=1200%2C800&ssl=1&resize=700%2C400 2x, https:\/\/i0.wp.com\/kyzen-finance.com\/wp-content\/uploads\/2020\/07\/phone-4060860_1920.jpg?fit=1200%2C800&ssl=1&resize=1050%2C600 3x"},"classes":[]},{"id":2727,"url":"https:\/\/kyzen-finance.com\/fr\/product\/valorisation-relative\/","url_meta":{"origin":2728,"position":2},"title":"Les m\u00e9thodes de valorisation relative","author":"Cheikh NIANG, PhD, CFA","date":"","format":false,"excerpt":"Pr\u00e9-requis Aucun pr\u00e9-requis Niveau du cours Interm\u00e9diaire Concepts cl\u00e9s - Hypoth\u00e8ses d'efficience des march\u00e9s financiers - Valeur relative - Price-to-earnings - Price-to-sales - Price-to-book - Price-to-cash-flow Ce cours inclut: - Vid\u00e9os de cours \u00e0 la demande - Supports de cours t\u00e9l\u00e9chargeables - Exercices d'application - Cas pratiques - Quiz final\u2026","rel":"","context":"Article similaire","block_context":{"text":"Article similaire","link":""},"img":{"alt_text":"","src":"https:\/\/i0.wp.com\/kyzen-finance.com\/wp-content\/uploads\/2020\/07\/model-2911329_1920.jpg?fit=1200%2C801&ssl=1&resize=350%2C200","width":350,"height":200,"srcset":"https:\/\/i0.wp.com\/kyzen-finance.com\/wp-content\/uploads\/2020\/07\/model-2911329_1920.jpg?fit=1200%2C801&ssl=1&resize=350%2C200 1x, https:\/\/i0.wp.com\/kyzen-finance.com\/wp-content\/uploads\/2020\/07\/model-2911329_1920.jpg?fit=1200%2C801&ssl=1&resize=525%2C300 1.5x, https:\/\/i0.wp.com\/kyzen-finance.com\/wp-content\/uploads\/2020\/07\/model-2911329_1920.jpg?fit=1200%2C801&ssl=1&resize=700%2C400 2x, https:\/\/i0.wp.com\/kyzen-finance.com\/wp-content\/uploads\/2020\/07\/model-2911329_1920.jpg?fit=1200%2C801&ssl=1&resize=1050%2C600 3x"},"classes":[]},{"id":3489,"url":"https:\/\/kyzen-finance.com\/fr\/product\/forwards-et-futures\/","url_meta":{"origin":2728,"position":3},"title":"Forwards et Futures","author":"Charles Patrick, CFA","date":"","format":false,"excerpt":"Connaissances pr\u00e9alables: - La valeur temps de l'argent Niveau du cours: Interm\u00e9diaire Concepts cl\u00e9s: - Forwards - Futures - Contango - Backwardation - Mark-to-Market Ce cours comprend: - Vid\u00e9os de cours \u00e0 la demande - Diapositives de cours t\u00e9l\u00e9chargeables - Questions pratiques - \u00c9tudes de cas - Quiz final -\u2026","rel":"","context":"Article similaire","block_context":{"text":"Article similaire","link":""},"img":{"alt_text":"","src":"https:\/\/i0.wp.com\/kyzen-finance.com\/wp-content\/uploads\/2020\/07\/stock-1863880_1920.jpg?fit=1200%2C800&ssl=1&resize=350%2C200","width":350,"height":200,"srcset":"https:\/\/i0.wp.com\/kyzen-finance.com\/wp-content\/uploads\/2020\/07\/stock-1863880_1920.jpg?fit=1200%2C800&ssl=1&resize=350%2C200 1x, https:\/\/i0.wp.com\/kyzen-finance.com\/wp-content\/uploads\/2020\/07\/stock-1863880_1920.jpg?fit=1200%2C800&ssl=1&resize=525%2C300 1.5x, https:\/\/i0.wp.com\/kyzen-finance.com\/wp-content\/uploads\/2020\/07\/stock-1863880_1920.jpg?fit=1200%2C800&ssl=1&resize=700%2C400 2x, https:\/\/i0.wp.com\/kyzen-finance.com\/wp-content\/uploads\/2020\/07\/stock-1863880_1920.jpg?fit=1200%2C800&ssl=1&resize=1050%2C600 3x"},"classes":[]},{"id":3514,"url":"https:\/\/kyzen-finance.com\/fr\/product\/la-valeur-temps-de-largent\/","url_meta":{"origin":2728,"position":4},"title":"La valeur temps de l&rsquo;argent","author":"Charles Patrick, CFA","date":"","format":false,"excerpt":"Connaissances pr\u00e9alables: Aucun pr\u00e9requis Niveau du cours: D\u00e9butant Concepts cl\u00e9s: - Rente - Perp\u00e9tuit\u00e9 - Valeur future - Valeur actuelle Ce cours comprend: - Vid\u00e9os de cours \u00e0 la demande - Diapositives de cours t\u00e9l\u00e9chargeables - Questions pratiques - \u00c9tudes de cas - Quiz final - Certificat de cours","rel":"","context":"Article similaire","block_context":{"text":"Article similaire","link":""},"img":{"alt_text":"office","src":"https:\/\/i0.wp.com\/kyzen-finance.com\/wp-content\/uploads\/2020\/07\/laptop-3196481_1920.jpg?fit=1200%2C800&ssl=1&resize=350%2C200","width":350,"height":200,"srcset":"https:\/\/i0.wp.com\/kyzen-finance.com\/wp-content\/uploads\/2020\/07\/laptop-3196481_1920.jpg?fit=1200%2C800&ssl=1&resize=350%2C200 1x, https:\/\/i0.wp.com\/kyzen-finance.com\/wp-content\/uploads\/2020\/07\/laptop-3196481_1920.jpg?fit=1200%2C800&ssl=1&resize=525%2C300 1.5x, https:\/\/i0.wp.com\/kyzen-finance.com\/wp-content\/uploads\/2020\/07\/laptop-3196481_1920.jpg?fit=1200%2C800&ssl=1&resize=700%2C400 2x, https:\/\/i0.wp.com\/kyzen-finance.com\/wp-content\/uploads\/2020\/07\/laptop-3196481_1920.jpg?fit=1200%2C800&ssl=1&resize=1050%2C600 3x"},"classes":[]},{"id":3477,"url":"https:\/\/kyzen-finance.com\/fr\/product\/options-financieres\/","url_meta":{"origin":2728,"position":5},"title":"Options financi\u00e8res","author":"Charles Patrick, CFA","date":"","format":false,"excerpt":"Connaissances pr\u00e9alables: - La valeur temps de l'argent Niveau du cours: Interm\u00e9diaire Concepts cl\u00e9s: - Options d\u2019achat - Options de vente - Valeur d'une option - Parit\u00e9 put-call - Moneyness Ce cours comprend: - Vid\u00e9os de cours \u00e0 la demande - Diapositives de cours t\u00e9l\u00e9chargeables - Questions pratiques - \u00c9tudes\u2026","rel":"","context":"Article similaire","block_context":{"text":"Article similaire","link":""},"img":{"alt_text":"Practice Book \u2013 Capital Budgeting","src":"https:\/\/i0.wp.com\/kyzen-finance.com\/wp-content\/uploads\/2020\/07\/analysis-1841158_1920.jpg?fit=1200%2C800&ssl=1&resize=350%2C200","width":350,"height":200,"srcset":"https:\/\/i0.wp.com\/kyzen-finance.com\/wp-content\/uploads\/2020\/07\/analysis-1841158_1920.jpg?fit=1200%2C800&ssl=1&resize=350%2C200 1x, https:\/\/i0.wp.com\/kyzen-finance.com\/wp-content\/uploads\/2020\/07\/analysis-1841158_1920.jpg?fit=1200%2C800&ssl=1&resize=525%2C300 1.5x, https:\/\/i0.wp.com\/kyzen-finance.com\/wp-content\/uploads\/2020\/07\/analysis-1841158_1920.jpg?fit=1200%2C800&ssl=1&resize=700%2C400 2x, https:\/\/i0.wp.com\/kyzen-finance.com\/wp-content\/uploads\/2020\/07\/analysis-1841158_1920.jpg?fit=1200%2C800&ssl=1&resize=1050%2C600 3x"},"classes":[]}],"jetpack_sharing_enabled":true,"_links":{"self":[{"href":"https:\/\/kyzen-finance.com\/fr\/wp-json\/wp\/v2\/product\/2728","targetHints":{"allow":["GET"]}}],"collection":[{"href":"https:\/\/kyzen-finance.com\/fr\/wp-json\/wp\/v2\/product"}],"about":[{"href":"https:\/\/kyzen-finance.com\/fr\/wp-json\/wp\/v2\/types\/product"}],"version-history":[{"count":1,"href":"https:\/\/kyzen-finance.com\/fr\/wp-json\/wp\/v2\/product\/2728\/revisions"}],"predecessor-version":[{"id":2729,"href":"https:\/\/kyzen-finance.com\/fr\/wp-json\/wp\/v2\/product\/2728\/revisions\/2729"}],"wp:featuredmedia":[{"embeddable":true,"href":"https:\/\/kyzen-finance.com\/fr\/wp-json\/wp\/v2\/media\/775"}],"wp:attachment":[{"href":"https:\/\/kyzen-finance.com\/fr\/wp-json\/wp\/v2\/media?parent=2728"}],"wp:term":[{"taxonomy":"product_brand","embeddable":true,"href":"https:\/\/kyzen-finance.com\/fr\/wp-json\/wp\/v2\/product_brand?post=2728"},{"taxonomy":"product_cat","embeddable":true,"href":"https:\/\/kyzen-finance.com\/fr\/wp-json\/wp\/v2\/product_cat?post=2728"},{"taxonomy":"product_tag","embeddable":true,"href":"https:\/\/kyzen-finance.com\/fr\/wp-json\/wp\/v2\/product_tag?post=2728"}],"curies":[{"name":"wp","href":"https:\/\/api.w.org\/{rel}","templated":true}]}}