{"id":2724,"date":"2020-10-18T13:34:03","date_gmt":"2020-10-31T13:36:15","guid":{"rendered":"https:\/\/kyzen-finance.com\/product\/outils-de-prise-de-decision-dinvestissement\/"},"modified":"2020-11-24T17:13:37","modified_gmt":"2020-11-24T17:13:37","slug":"outils-de-decision-d-investissement","status":"publish","type":"product","link":"https:\/\/kyzen-finance.com\/fr\/product\/outils-de-decision-d-investissement\/","title":{"rendered":"Outils de prise de d\u00e9cision d&rsquo;investissement"},"content":{"rendered":"<p><strong>Pr\u00e9-requis<\/strong><\/p>\n<p>&#8211; Valeur temps de l&rsquo;argent<\/p>\n<p><strong>Niveau du cours<\/strong><\/p>\n<p>D\u00e9butant<\/p>\n<p><strong>Objectifs d&rsquo; apprentissage<\/strong><\/p>\n<p>&#8211; Calculer et interpr\u00e9ter la Valeur Actuelle Nette (VAN)<\/p>\n<p>&#8211; Calculer et interpr\u00e9ter le Taux de Rendement Interne (TRI)<\/p>\n<p>&#8211; Calculer et interpr\u00e9ter le d\u00e9lai de r\u00e9cup\u00e9ration<\/p>\n<p>&#8211; Calculer et interpr\u00e9ter le d\u00e9lai de r\u00e9cup\u00e9ration actualis\u00e9<\/p>\n<p>&#8211; Calculer et interpr\u00e9ter l&rsquo;indice de profitabilit\u00e9<\/p>\n<p><strong>Concepts cl\u00e9s<\/strong><\/p>\n<p>&#8211; Outils de prise de d\u00e9cision d&rsquo;investissement<\/p>\n<p>&#8211; Valeur Actuelle Nette (VAN)<\/p>\n<p>&#8211; Taux de Rendement Interne (TRI)<\/p>\n<p>&#8211; D\u00e9lai de R\u00e9cup\u00e9ration<\/p>\n<p>&#8211; D\u00e9lai de r\u00e9cup\u00e9ration actualis\u00e9<\/p>\n<p>&#8211; L&rsquo;indice de profitabilit\u00e9<\/p>\n<p><strong>Ce cours inclut:<\/strong><\/p>\n<p>&#8211; Vid\u00e9os de cours \u00e0 la demande<\/p>\n<p>&#8211; Supports de cours t\u00e9l\u00e9chargeables<\/p>\n<p>&#8211; Exercices d&rsquo;application<\/p>\n<p>&#8211; Cas pratiques<\/p>\n<p>&#8211; Quiz final<\/p>\n<p>&#8211; Certificat de validation des comp\u00e9tences<\/p>\n","protected":false},"excerpt":{"rendered":"<p>Pr\u00e9-requis &#8211; Valeur temps de l&rsquo;argent Niveau du cours D\u00e9butant Objectifs d&rsquo; apprentissage &#8211; Calculer et interpr\u00e9ter la Valeur Actuelle &hellip;<\/p>\n","protected":false},"featured_media":839,"template":"","meta":{"_vibebp_attr":"","_vibebp_dimensions":"","_vibebp_responsive_height":"","_vibebp_accordion_ie_support":"","_joinchat":[]},"product_brand":[],"product_cat":[15],"product_tag":[],"class_list":{"0":"post-2724","1":"product","2":"type-product","3":"status-publish","4":"has-post-thumbnail","6":"product_cat-uncategorized","8":"first","9":"instock","10":"downloadable","11":"virtual","12":"sold-individually","13":"purchasable","14":"product-type-simple"},"aioseo_notices":[],"jetpack-related-posts":[{"id":3089,"url":"https:\/\/kyzen-finance.com\/fr\/product\/introductions-aux-outils-de-decision-dinvestissement\/","url_meta":{"origin":2724,"position":0},"title":"Introductions aux outils de d\u00e9cision d&rsquo;investissement","author":"Charles Patrick, CFA","date":"","format":false,"excerpt":"Connaissances pr\u00e9alables: - La valeur temps de l'argent Niveau du cours: D\u00e9butant Concepts cl\u00e9s: - Outils de d\u00e9cision d'investissement - VAN - IRR - D\u00e9lai de r\u00e9cup\u00e9ration - D\u00e9lai de r\u00e9cup\u00e9ration actualis\u00e9 - Indice de profitabilit\u00e9 - Point mort Ce cours comprend: - Vid\u00e9os de cours \u00e0 la demande -\u2026","rel":"","context":"Article similaire","block_context":{"text":"Article similaire","link":""},"img":{"alt_text":"Online Courses For Finance","src":"https:\/\/i0.wp.com\/kyzen-finance.com\/wp-content\/uploads\/2020\/07\/business-man-1031755_1920.jpg?fit=1200%2C806&ssl=1&resize=350%2C200","width":350,"height":200,"srcset":"https:\/\/i0.wp.com\/kyzen-finance.com\/wp-content\/uploads\/2020\/07\/business-man-1031755_1920.jpg?fit=1200%2C806&ssl=1&resize=350%2C200 1x, https:\/\/i0.wp.com\/kyzen-finance.com\/wp-content\/uploads\/2020\/07\/business-man-1031755_1920.jpg?fit=1200%2C806&ssl=1&resize=525%2C300 1.5x, https:\/\/i0.wp.com\/kyzen-finance.com\/wp-content\/uploads\/2020\/07\/business-man-1031755_1920.jpg?fit=1200%2C806&ssl=1&resize=700%2C400 2x, https:\/\/i0.wp.com\/kyzen-finance.com\/wp-content\/uploads\/2020\/07\/business-man-1031755_1920.jpg?fit=1200%2C806&ssl=1&resize=1050%2C600 3x"},"classes":[]},{"id":10824,"url":"https:\/\/kyzen-finance.com\/fr\/product\/strategies-d-investissement\/","url_meta":{"origin":2724,"position":1},"title":"\ud83d\udcca Fondements de l\u2019investissement : de la valeur temps \u00e0 l\u2019\u00e9valuation des actions","author":"Cheikh NIANG, PhD, CFA","date":"","format":false,"excerpt":"Ce cours est con\u00e7u pour tous ceux qui souhaitent construire une base solide en finance et en investissement. Il couvre les concepts essentiels de la valeur temporelle de l\u2019argent, de l\u2019\u00e9valuation de base des actions et des principaux outils de prise de d\u00e9cision dans l\u2019analyse des investissements. Que vous soyez\u2026","rel":"","context":"Article similaire","block_context":{"text":"Article similaire","link":""},"img":{"alt_text":"Online Finance Courses","src":"https:\/\/i0.wp.com\/kyzen-finance.com\/wp-content\/uploads\/2020\/07\/blur-1853262_1920.jpg?fit=1200%2C900&ssl=1&resize=350%2C200","width":350,"height":200,"srcset":"https:\/\/i0.wp.com\/kyzen-finance.com\/wp-content\/uploads\/2020\/07\/blur-1853262_1920.jpg?fit=1200%2C900&ssl=1&resize=350%2C200 1x, https:\/\/i0.wp.com\/kyzen-finance.com\/wp-content\/uploads\/2020\/07\/blur-1853262_1920.jpg?fit=1200%2C900&ssl=1&resize=525%2C300 1.5x, https:\/\/i0.wp.com\/kyzen-finance.com\/wp-content\/uploads\/2020\/07\/blur-1853262_1920.jpg?fit=1200%2C900&ssl=1&resize=700%2C400 2x, https:\/\/i0.wp.com\/kyzen-finance.com\/wp-content\/uploads\/2020\/07\/blur-1853262_1920.jpg?fit=1200%2C900&ssl=1&resize=1050%2C600 3x"},"classes":[]},{"id":3119,"url":"https:\/\/kyzen-finance.com\/fr\/product\/le-modele-eva\/","url_meta":{"origin":2724,"position":2},"title":"Le Mod\u00e8le EVA","author":"Charles Patrick, CFA","date":"","format":false,"excerpt":"Conditions pr\u00e9alables: - Comprendre les \u00e9tats financiers - La valeur temps de l'argent - Valorisation des flux de tr\u00e9sorerie actualis\u00e9s - Mesurer le co\u00fbt du capital - Outils de d\u00e9cision d'investissement Niveau du cours: Expert Concepts cl\u00e9s: - Profit \u00e9conomique - Revenu \u00e9conomique - NOPAT - Dollar WACC - La\u2026","rel":"","context":"Article similaire","block_context":{"text":"Article similaire","link":""},"img":{"alt_text":"","src":"https:\/\/i0.wp.com\/kyzen-finance.com\/wp-content\/uploads\/2020\/07\/financial-2860753_1920.jpg?fit=1200%2C794&ssl=1&resize=350%2C200","width":350,"height":200,"srcset":"https:\/\/i0.wp.com\/kyzen-finance.com\/wp-content\/uploads\/2020\/07\/financial-2860753_1920.jpg?fit=1200%2C794&ssl=1&resize=350%2C200 1x, https:\/\/i0.wp.com\/kyzen-finance.com\/wp-content\/uploads\/2020\/07\/financial-2860753_1920.jpg?fit=1200%2C794&ssl=1&resize=525%2C300 1.5x, https:\/\/i0.wp.com\/kyzen-finance.com\/wp-content\/uploads\/2020\/07\/financial-2860753_1920.jpg?fit=1200%2C794&ssl=1&resize=700%2C400 2x, https:\/\/i0.wp.com\/kyzen-finance.com\/wp-content\/uploads\/2020\/07\/financial-2860753_1920.jpg?fit=1200%2C794&ssl=1&resize=1050%2C600 3x"},"classes":[]},{"id":3281,"url":"https:\/\/kyzen-finance.com\/fr\/product\/valorisation-des-options-reelles\/","url_meta":{"origin":2724,"position":3},"title":"Valorisation des options r\u00e9elles","author":"Charles Patrick, CFA","date":"","format":false,"excerpt":"Connaissances pr\u00e9alables: - Outils de d\u00e9cision d'investissement - La valeur temps de l'argent Niveau du cours: Expert Concepts cl\u00e9s: - Probabilit\u00e9 neutre au risque - Arbre binomial - Mouvement brownien - Calcul stochastique - Induction arri\u00e8re - Options de flexibilit\u00e9 - Options d'abandon - Options de prix Ce cours comprend:\u2026","rel":"","context":"Article similaire","block_context":{"text":"Article similaire","link":""},"img":{"alt_text":"Popular Finance Courses","src":"https:\/\/i0.wp.com\/kyzen-finance.com\/wp-content\/uploads\/2020\/07\/open-pit-mining-1327116_1920.jpg?fit=1200%2C662&ssl=1&resize=350%2C200","width":350,"height":200,"srcset":"https:\/\/i0.wp.com\/kyzen-finance.com\/wp-content\/uploads\/2020\/07\/open-pit-mining-1327116_1920.jpg?fit=1200%2C662&ssl=1&resize=350%2C200 1x, https:\/\/i0.wp.com\/kyzen-finance.com\/wp-content\/uploads\/2020\/07\/open-pit-mining-1327116_1920.jpg?fit=1200%2C662&ssl=1&resize=525%2C300 1.5x, https:\/\/i0.wp.com\/kyzen-finance.com\/wp-content\/uploads\/2020\/07\/open-pit-mining-1327116_1920.jpg?fit=1200%2C662&ssl=1&resize=700%2C400 2x, https:\/\/i0.wp.com\/kyzen-finance.com\/wp-content\/uploads\/2020\/07\/open-pit-mining-1327116_1920.jpg?fit=1200%2C662&ssl=1&resize=1050%2C600 3x"},"classes":[]},{"id":7792,"url":"https:\/\/kyzen-finance.com\/fr\/product\/fondamentaux-des-obligations\/","url_meta":{"origin":2724,"position":4},"title":"Fondamentaux des obligations","author":"Cheikh NIANG, PhD, CFA","date":"","format":false,"excerpt":"Langue d'enseignement: AnglaisSujets abord\u00e9s : Introduction aux obligations : Familiarisez-vous avec les principes de base des titres \u00e0 revenu fixe, leur raison d\u2019\u00eatre et leur importance sur les march\u00e9s financiers. Types de titres \u00e0 revenu fixe : Explorez une gamme vari\u00e9e d\u2019instruments \u00e0 revenu fixe, des obligations du Tr\u00e9sor aux\u2026","rel":"","context":"Article similaire","block_context":{"text":"Article similaire","link":""},"img":{"alt_text":"","src":"","width":0,"height":0},"classes":[]},{"id":2738,"url":"https:\/\/kyzen-finance.com\/fr\/product\/actualisation-des-cash-flows\/","url_meta":{"origin":2724,"position":5},"title":"M\u00e9thodes de valorisation par l&rsquo;actualisation des flux de tr\u00e9sorerie","author":"Cheikh NIANG, PhD, CFA","date":"","format":false,"excerpt":"Pr\u00e9-requis - Valeur temps de l'argent - Le co\u00fbt du capital - Calcul des free cash flow Niveau du cours Avanc\u00e9 Concepts cl\u00e9s - Free cash flow - Actualisation des cash flow - Valeur terminale - Le co\u00fbt du capital Ce cours inclut: - Vid\u00e9os de cours \u00e0 la demande\u2026","rel":"","context":"Article similaire","block_context":{"text":"Article similaire","link":""},"img":{"alt_text":"Valorisation d\u2019entreprises par la m\u00e9thode des flux de tr\u00e9sorerie actualis\u00e9s","src":"https:\/\/i0.wp.com\/kyzen-finance.com\/wp-content\/uploads\/2020\/07\/people-2568603_1920.jpg?fit=1200%2C801&ssl=1&resize=350%2C200","width":350,"height":200,"srcset":"https:\/\/i0.wp.com\/kyzen-finance.com\/wp-content\/uploads\/2020\/07\/people-2568603_1920.jpg?fit=1200%2C801&ssl=1&resize=350%2C200 1x, https:\/\/i0.wp.com\/kyzen-finance.com\/wp-content\/uploads\/2020\/07\/people-2568603_1920.jpg?fit=1200%2C801&ssl=1&resize=525%2C300 1.5x, https:\/\/i0.wp.com\/kyzen-finance.com\/wp-content\/uploads\/2020\/07\/people-2568603_1920.jpg?fit=1200%2C801&ssl=1&resize=700%2C400 2x, https:\/\/i0.wp.com\/kyzen-finance.com\/wp-content\/uploads\/2020\/07\/people-2568603_1920.jpg?fit=1200%2C801&ssl=1&resize=1050%2C600 3x"},"classes":[]}],"jetpack_sharing_enabled":true,"_links":{"self":[{"href":"https:\/\/kyzen-finance.com\/fr\/wp-json\/wp\/v2\/product\/2724","targetHints":{"allow":["GET"]}}],"collection":[{"href":"https:\/\/kyzen-finance.com\/fr\/wp-json\/wp\/v2\/product"}],"about":[{"href":"https:\/\/kyzen-finance.com\/fr\/wp-json\/wp\/v2\/types\/product"}],"version-history":[{"count":1,"href":"https:\/\/kyzen-finance.com\/fr\/wp-json\/wp\/v2\/product\/2724\/revisions"}],"predecessor-version":[{"id":2893,"href":"https:\/\/kyzen-finance.com\/fr\/wp-json\/wp\/v2\/product\/2724\/revisions\/2893"}],"wp:featuredmedia":[{"embeddable":true,"href":"https:\/\/kyzen-finance.com\/fr\/wp-json\/wp\/v2\/media\/839"}],"wp:attachment":[{"href":"https:\/\/kyzen-finance.com\/fr\/wp-json\/wp\/v2\/media?parent=2724"}],"wp:term":[{"taxonomy":"product_brand","embeddable":true,"href":"https:\/\/kyzen-finance.com\/fr\/wp-json\/wp\/v2\/product_brand?post=2724"},{"taxonomy":"product_cat","embeddable":true,"href":"https:\/\/kyzen-finance.com\/fr\/wp-json\/wp\/v2\/product_cat?post=2724"},{"taxonomy":"product_tag","embeddable":true,"href":"https:\/\/kyzen-finance.com\/fr\/wp-json\/wp\/v2\/product_tag?post=2724"}],"curies":[{"name":"wp","href":"https:\/\/api.w.org\/{rel}","templated":true}]}}