{"id":2721,"date":"2020-10-18T13:45:10","date_gmt":"2020-10-30T22:24:06","guid":{"rendered":"https:\/\/kyzen-finance.com\/product\/la-planification-financiere\/"},"modified":"2020-11-24T17:07:55","modified_gmt":"2020-11-24T17:07:55","slug":"planification-financiere","status":"publish","type":"product","link":"https:\/\/kyzen-finance.com\/fr\/product\/planification-financiere\/","title":{"rendered":"La Planification Financi\u00e8re"},"content":{"rendered":"<p><strong>Pr\u00e9-requis<\/strong><\/p>\n<p>&#8211; Outils de Prise de D\u00e9cisions d&rsquo; Investissement<\/p>\n<p><strong>Niveau du cours<\/strong><\/p>\n<p>Avanc\u00e9<\/p>\n<p><strong>Objectifs d&rsquo; apprentissage<\/strong><\/p>\n<p>&#8211; D\u00e9finition de la planification financi\u00e8re<\/p>\n<p>&#8211; Identifier les principes fondamentaux de la planification financi\u00e8re<\/p>\n<p>&#8211; Identifier la typologie des projets d&rsquo;investissement<\/p>\n<p>&#8211; Identifier la typologie des flux de tr\u00e9sorerie des projets<\/p>\n<p>&#8211; Comparer des projets avec diff\u00e9rents horizons d&rsquo;investissement<\/p>\n<p>&#8211; Calculer les flux de tr\u00e9sorerie li\u00e9s \u00e0 un projet<\/p>\n<p>&#8211; Decider de la poursuite ou de l&rsquo;abandon d&rsquo;un projet<\/p>\n<p>&#8211; Identifier les erreurs \u00e0 ne pas commettre en planification financi\u00e8re<\/p>\n<p>&#8211; Conduire le suivi de projet<\/p>\n<p><strong>Concepts cl\u00e9s<\/strong><\/p>\n<p>&#8211; Les fondamentaux de la planification financi\u00e8re<\/p>\n<p>&#8211; D\u00e9finition et process de la planification financi\u00e8re<\/p>\n<p>&#8211; Les projets d&rsquo;expansion<\/p>\n<p>&#8211; Les projets de remplacement<\/p>\n<p>&#8211; Evaluation de projets ayant des horizons diff\u00e9rents<\/p>\n<p>&#8211; Le co\u00fbt du capital<\/p>\n<p>&#8211; M\u00e9thodes de calcul du co\u00fbt des fonds propres<\/p>\n<p>&#8211; La m\u00e9thode Pure Play<\/p>\n<p>&#8211; Le Mod\u00e8le d&rsquo; Evaluation des Actifs Financiers ( CAPM)<\/p>\n<p><strong>Ce cours inclu:<\/strong><\/p>\n<p>&#8211; Vid\u00e9os de cours \u00e0 la demande<\/p>\n<p>&#8211; Supports de cours t\u00e9l\u00e9chargeables<\/p>\n<p>&#8211; Exercices d&rsquo;application<\/p>\n<p>&#8211; Cas pratiques<\/p>\n<p>&#8211; Quiz final<\/p>\n<p>&#8211; Certificat de validation des comp\u00e9tences<\/p>\n","protected":false},"excerpt":{"rendered":"<p>Pr\u00e9-requis &#8211; Outils de Prise de D\u00e9cisions d&rsquo; Investissement Niveau du cours Avanc\u00e9 Objectifs d&rsquo; apprentissage &#8211; D\u00e9finition de la &hellip;<\/p>\n","protected":false},"featured_media":825,"template":"","meta":{"_vibebp_attr":"","_vibebp_dimensions":"","_vibebp_responsive_height":"","_vibebp_accordion_ie_support":"","_joinchat":[]},"product_brand":[],"product_cat":[15],"product_tag":[],"class_list":{"0":"post-2721","1":"product","2":"type-product","3":"status-publish","4":"has-post-thumbnail","6":"product_cat-uncategorized","8":"first","9":"instock","10":"downloadable","11":"virtual","12":"sold-individually","13":"purchasable","14":"product-type-simple"},"aioseo_notices":[],"jetpack-related-posts":[{"id":2725,"url":"https:\/\/kyzen-finance.com\/fr\/product\/cout-du-capital\/","url_meta":{"origin":2721,"position":0},"title":"\ud83d\udcca Ma\u00eetrise de la finance d\u2019entreprise : de la structure du capital aux fusions-acquisitions","author":"Cheikh NIANG, PhD, CFA","date":"","format":false,"excerpt":"Ce cours avanc\u00e9 couvre les d\u00e9cisions cl\u00e9s en mati\u00e8re de financement d\u2019entreprise, de l\u2019optimisation de la structure du capital \u00e0 la politique de dividende et aux fusions et acquisitions. S\u2019appuyant sur les concepts d\u2019analyse financi\u00e8re et de reporting de niveau 2 du CFA, ce programme explore \u00e9galement les options r\u00e9elles\u2026","rel":"","context":"Article similaire","block_context":{"text":"Article similaire","link":""},"img":{"alt_text":"Practice Book \u2013 Cost of Capital & Leverage | Finance eBook","src":"https:\/\/i0.wp.com\/kyzen-finance.com\/wp-content\/uploads\/2020\/07\/startup-849805_1920.jpg?fit=1200%2C800&ssl=1&resize=350%2C200","width":350,"height":200,"srcset":"https:\/\/i0.wp.com\/kyzen-finance.com\/wp-content\/uploads\/2020\/07\/startup-849805_1920.jpg?fit=1200%2C800&ssl=1&resize=350%2C200 1x, https:\/\/i0.wp.com\/kyzen-finance.com\/wp-content\/uploads\/2020\/07\/startup-849805_1920.jpg?fit=1200%2C800&ssl=1&resize=525%2C300 1.5x, https:\/\/i0.wp.com\/kyzen-finance.com\/wp-content\/uploads\/2020\/07\/startup-849805_1920.jpg?fit=1200%2C800&ssl=1&resize=700%2C400 2x, https:\/\/i0.wp.com\/kyzen-finance.com\/wp-content\/uploads\/2020\/07\/startup-849805_1920.jpg?fit=1200%2C800&ssl=1&resize=1050%2C600 3x"},"classes":[]},{"id":3535,"url":"https:\/\/kyzen-finance.com\/fr\/product\/techniques-danalyse-financiere\/","url_meta":{"origin":2721,"position":1},"title":"Techniques d&rsquo;analyse financi\u00e8re","author":"Charles Patrick, CFA","date":"","format":false,"excerpt":"Connaissances pr\u00e9alables: - Comprendre les \u00e9tats financiers Niveau du cours: Interm\u00e9diaire Concepts cl\u00e9s: - Ratios de liquidit\u00e9 - Ratios de solvabilit\u00e9 - Ratios de rentabilit\u00e9 - Ratios d'activit\u00e9 - Etats financiers pro-forma - Analyse de Dupont - Tableau des flux de tr\u00e9sorerie - Bilan - Compte de r\u00e9sultat Ce cours\u2026","rel":"","context":"Article similaire","block_context":{"text":"Article similaire","link":""},"img":{"alt_text":"","src":"https:\/\/i0.wp.com\/kyzen-finance.com\/wp-content\/uploads\/2020\/07\/startup-849804_1920.jpg?fit=1200%2C857&ssl=1&resize=350%2C200","width":350,"height":200,"srcset":"https:\/\/i0.wp.com\/kyzen-finance.com\/wp-content\/uploads\/2020\/07\/startup-849804_1920.jpg?fit=1200%2C857&ssl=1&resize=350%2C200 1x, https:\/\/i0.wp.com\/kyzen-finance.com\/wp-content\/uploads\/2020\/07\/startup-849804_1920.jpg?fit=1200%2C857&ssl=1&resize=525%2C300 1.5x, https:\/\/i0.wp.com\/kyzen-finance.com\/wp-content\/uploads\/2020\/07\/startup-849804_1920.jpg?fit=1200%2C857&ssl=1&resize=700%2C400 2x, https:\/\/i0.wp.com\/kyzen-finance.com\/wp-content\/uploads\/2020\/07\/startup-849804_1920.jpg?fit=1200%2C857&ssl=1&resize=1050%2C600 3x"},"classes":[]},{"id":3010,"url":"https:\/\/kyzen-finance.com\/fr\/product\/decisions-dinvestissement-et-de-financement\/","url_meta":{"origin":2721,"position":2},"title":"D\u00e9cisions d&rsquo;investissement et de financement","author":"Charles Patrick, CFA","date":"","format":false,"excerpt":"Objectifs d'apprentissage du cours: - Utiliser les outils de d\u00e9cision d'investissement - D\u00e9finir et mettre en \u0153uvre un budget d'investissement - Calculer le co\u00fbt du capital \u00e0 l'aide de diff\u00e9rentes m\u00e9thodes - Effectuer une analyse de sc\u00e9nario - Effectuer une analyse de sensibilit\u00e9 - D\u00e9finir une strat\u00e9gie de financement pour\u2026","rel":"","context":"Article similaire","block_context":{"text":"Article similaire","link":""},"img":{"alt_text":"office","src":"https:\/\/i0.wp.com\/kyzen-finance.com\/wp-content\/uploads\/2020\/07\/laptop-3196481_1920.jpg?fit=1200%2C800&ssl=1&resize=350%2C200","width":350,"height":200,"srcset":"https:\/\/i0.wp.com\/kyzen-finance.com\/wp-content\/uploads\/2020\/07\/laptop-3196481_1920.jpg?fit=1200%2C800&ssl=1&resize=350%2C200 1x, https:\/\/i0.wp.com\/kyzen-finance.com\/wp-content\/uploads\/2020\/07\/laptop-3196481_1920.jpg?fit=1200%2C800&ssl=1&resize=525%2C300 1.5x, https:\/\/i0.wp.com\/kyzen-finance.com\/wp-content\/uploads\/2020\/07\/laptop-3196481_1920.jpg?fit=1200%2C800&ssl=1&resize=700%2C400 2x, https:\/\/i0.wp.com\/kyzen-finance.com\/wp-content\/uploads\/2020\/07\/laptop-3196481_1920.jpg?fit=1200%2C800&ssl=1&resize=1050%2C600 3x"},"classes":[]},{"id":10824,"url":"https:\/\/kyzen-finance.com\/fr\/product\/strategies-d-investissement\/","url_meta":{"origin":2721,"position":3},"title":"\ud83d\udcca Fondements de l\u2019investissement : de la valeur temps \u00e0 l\u2019\u00e9valuation des actions","author":"Cheikh NIANG, PhD, CFA","date":"","format":false,"excerpt":"Ce cours est con\u00e7u pour tous ceux qui souhaitent construire une base solide en finance et en investissement. Il couvre les concepts essentiels de la valeur temporelle de l\u2019argent, de l\u2019\u00e9valuation de base des actions et des principaux outils de prise de d\u00e9cision dans l\u2019analyse des investissements. Que vous soyez\u2026","rel":"","context":"Article similaire","block_context":{"text":"Article similaire","link":""},"img":{"alt_text":"Online Finance Courses","src":"https:\/\/i0.wp.com\/kyzen-finance.com\/wp-content\/uploads\/2020\/07\/blur-1853262_1920.jpg?fit=1200%2C900&ssl=1&resize=350%2C200","width":350,"height":200,"srcset":"https:\/\/i0.wp.com\/kyzen-finance.com\/wp-content\/uploads\/2020\/07\/blur-1853262_1920.jpg?fit=1200%2C900&ssl=1&resize=350%2C200 1x, https:\/\/i0.wp.com\/kyzen-finance.com\/wp-content\/uploads\/2020\/07\/blur-1853262_1920.jpg?fit=1200%2C900&ssl=1&resize=525%2C300 1.5x, https:\/\/i0.wp.com\/kyzen-finance.com\/wp-content\/uploads\/2020\/07\/blur-1853262_1920.jpg?fit=1200%2C900&ssl=1&resize=700%2C400 2x, https:\/\/i0.wp.com\/kyzen-finance.com\/wp-content\/uploads\/2020\/07\/blur-1853262_1920.jpg?fit=1200%2C900&ssl=1&resize=1050%2C600 3x"},"classes":[]},{"id":3391,"url":"https:\/\/kyzen-finance.com\/fr\/product\/techniques-financieres-sur-les-marches-actions-2\/","url_meta":{"origin":2721,"position":4},"title":"Techniques financi\u00e8res sur les march\u00e9s actions","author":"Charles Patrick, CFA","date":"","format":false,"excerpt":"Conditions pr\u00e9alables: - Comprendre les \u00e9tats financiers - La valeur temps de l'argent Niveau du cours: Avanc\u00e9 Concepts cl\u00e9s: - Microstructure des march\u00e9s actions - Indice de march\u00e9s actions - Mod\u00e8les de valorisation des actions - Analyse technique Ce cours comprend: - Vid\u00e9os de cours \u00e0 la demande - Diapositives\u2026","rel":"","context":"Article similaire","block_context":{"text":"Article similaire","link":""},"img":{"alt_text":"Online Finance Courses","src":"https:\/\/i0.wp.com\/kyzen-finance.com\/wp-content\/uploads\/2020\/07\/skyscraper-3032786_1920.jpg?fit=1200%2C803&ssl=1&resize=350%2C200","width":350,"height":200,"srcset":"https:\/\/i0.wp.com\/kyzen-finance.com\/wp-content\/uploads\/2020\/07\/skyscraper-3032786_1920.jpg?fit=1200%2C803&ssl=1&resize=350%2C200 1x, https:\/\/i0.wp.com\/kyzen-finance.com\/wp-content\/uploads\/2020\/07\/skyscraper-3032786_1920.jpg?fit=1200%2C803&ssl=1&resize=525%2C300 1.5x, https:\/\/i0.wp.com\/kyzen-finance.com\/wp-content\/uploads\/2020\/07\/skyscraper-3032786_1920.jpg?fit=1200%2C803&ssl=1&resize=700%2C400 2x, https:\/\/i0.wp.com\/kyzen-finance.com\/wp-content\/uploads\/2020\/07\/skyscraper-3032786_1920.jpg?fit=1200%2C803&ssl=1&resize=1050%2C600 3x"},"classes":[]},{"id":3477,"url":"https:\/\/kyzen-finance.com\/fr\/product\/options-financieres\/","url_meta":{"origin":2721,"position":5},"title":"Options financi\u00e8res","author":"Charles Patrick, CFA","date":"","format":false,"excerpt":"Connaissances pr\u00e9alables: - La valeur temps de l'argent Niveau du cours: Interm\u00e9diaire Concepts cl\u00e9s: - Options d\u2019achat - Options de vente - Valeur d'une option - Parit\u00e9 put-call - Moneyness Ce cours comprend: - Vid\u00e9os de cours \u00e0 la demande - Diapositives de cours t\u00e9l\u00e9chargeables - Questions pratiques - \u00c9tudes\u2026","rel":"","context":"Article similaire","block_context":{"text":"Article similaire","link":""},"img":{"alt_text":"Practice Book \u2013 Capital Budgeting","src":"https:\/\/i0.wp.com\/kyzen-finance.com\/wp-content\/uploads\/2020\/07\/analysis-1841158_1920.jpg?fit=1200%2C800&ssl=1&resize=350%2C200","width":350,"height":200,"srcset":"https:\/\/i0.wp.com\/kyzen-finance.com\/wp-content\/uploads\/2020\/07\/analysis-1841158_1920.jpg?fit=1200%2C800&ssl=1&resize=350%2C200 1x, https:\/\/i0.wp.com\/kyzen-finance.com\/wp-content\/uploads\/2020\/07\/analysis-1841158_1920.jpg?fit=1200%2C800&ssl=1&resize=525%2C300 1.5x, https:\/\/i0.wp.com\/kyzen-finance.com\/wp-content\/uploads\/2020\/07\/analysis-1841158_1920.jpg?fit=1200%2C800&ssl=1&resize=700%2C400 2x, https:\/\/i0.wp.com\/kyzen-finance.com\/wp-content\/uploads\/2020\/07\/analysis-1841158_1920.jpg?fit=1200%2C800&ssl=1&resize=1050%2C600 3x"},"classes":[]}],"jetpack_sharing_enabled":true,"_links":{"self":[{"href":"https:\/\/kyzen-finance.com\/fr\/wp-json\/wp\/v2\/product\/2721","targetHints":{"allow":["GET"]}}],"collection":[{"href":"https:\/\/kyzen-finance.com\/fr\/wp-json\/wp\/v2\/product"}],"about":[{"href":"https:\/\/kyzen-finance.com\/fr\/wp-json\/wp\/v2\/types\/product"}],"version-history":[{"count":3,"href":"https:\/\/kyzen-finance.com\/fr\/wp-json\/wp\/v2\/product\/2721\/revisions"}],"predecessor-version":[{"id":2920,"href":"https:\/\/kyzen-finance.com\/fr\/wp-json\/wp\/v2\/product\/2721\/revisions\/2920"}],"wp:featuredmedia":[{"embeddable":true,"href":"https:\/\/kyzen-finance.com\/fr\/wp-json\/wp\/v2\/media\/825"}],"wp:attachment":[{"href":"https:\/\/kyzen-finance.com\/fr\/wp-json\/wp\/v2\/media?parent=2721"}],"wp:term":[{"taxonomy":"product_brand","embeddable":true,"href":"https:\/\/kyzen-finance.com\/fr\/wp-json\/wp\/v2\/product_brand?post=2721"},{"taxonomy":"product_cat","embeddable":true,"href":"https:\/\/kyzen-finance.com\/fr\/wp-json\/wp\/v2\/product_cat?post=2721"},{"taxonomy":"product_tag","embeddable":true,"href":"https:\/\/kyzen-finance.com\/fr\/wp-json\/wp\/v2\/product_tag?post=2721"}],"curies":[{"name":"wp","href":"https:\/\/api.w.org\/{rel}","templated":true}]}}