{"id":755,"date":"2025-01-21T13:50:35","date_gmt":"2025-01-21T13:50:35","guid":{"rendered":"https:\/\/kyzen-finance.com\/?page_id=755"},"modified":"2025-01-21T13:52:28","modified_gmt":"2025-01-21T13:52:28","slug":"confidentialite","status":"publish","type":"page","link":"https:\/\/kyzen-finance.com\/fr\/confidentialite\/","title":{"rendered":"Politique de confidentialit\u00e9"},"content":{"rendered":"\t\t<div data-elementor-type=\"wp-page\" data-elementor-id=\"755\" class=\"elementor elementor-755 elementor-3\" data-elementor-post-type=\"page\">\n\t\t\t\t<div class=\"elementor-element elementor-element-610f0c3a e-flex e-con-boxed e-con e-parent\" data-id=\"610f0c3a\" data-element_type=\"container\">\n\t\t\t\t\t<div class=\"e-con-inner\">\n\t\t\t\t<div class=\"elementor-element elementor-element-615845bf elementor-widget elementor-widget-text-editor\" data-id=\"615845bf\" data-element_type=\"widget\" data-widget_type=\"text-editor.default\">\n\t\t\t\t<div class=\"elementor-widget-container\">\n\t\t\t\t\t\t\t\t\tPolitique de confidentialit\u00e9\r\n\r\nCette politique de confidentialit\u00e9 d\u00e9crit nos politiques\r\net proc\u00e9dures sur la collecte, l&rsquo;utilisation et la divulgation de vos informations lorsque\r\nvous utilisez le Service et vous informe de vos droits en mati\u00e8re de confidentialit\u00e9 et de la mani\u00e8re dont la loi vous prot\u00e8ge.\r\n\r\nNous utilisons vos donn\u00e9es personnelles pour fournir et\r\nam\u00e9liorer le Service. En utilisant le Service, vous acceptez la collecte et l&rsquo;utilisation\r\ndes informations conform\u00e9ment \u00e0 la pr\u00e9sente politique de confidentialit\u00e9. Cette politique de confidentialit\u00e9 a\r\n\u00e9t\u00e9 cr\u00e9\u00e9e \u00e0 l&rsquo;aide du g\u00e9n\u00e9rateur de politique de confidentialit\u00e9.\r\n\r\nInterpr\u00e9tation et d\u00e9finitions\r\nInterpr\u00e9tation\r\n\r\nLes mots dont la lettre initiale est\r\nen majuscule ont des significations d\u00e9finies dans les conditions suivantes. Les\r\nd\u00e9finitions suivantes auront la m\u00eame signification, qu&rsquo;elles apparaissent au singulier ou au pluriel.\r\n\r\nD\u00e9finitions\r\n\r\nAux fins de la pr\u00e9sente politique de confidentialit\u00e9\u00a0:\r\n\r\nCompte d\u00e9signe un compte unique cr\u00e9\u00e9\r\npour vous permettre d&rsquo;acc\u00e9der \u00e0 notre Service ou \u00e0 certaines parties de notre Service.\r\n\r\nAffili\u00e9 d\u00e9signe une entit\u00e9 qui contr\u00f4le,\r\nest contr\u00f4l\u00e9e par ou est sous contr\u00f4le commun avec une partie, o\u00f9\r\n\u00ab contr\u00f4le \u00bb signifie la propri\u00e9t\u00e9 de 50 % ou plus des actions, des participations\r\nou d&rsquo;autres titres donnant droit de vote pour l&rsquo;\u00e9lection des administrateurs ou\r\nd&rsquo;autres autorit\u00e9s de gestion.\r\n\r\nLa soci\u00e9t\u00e9 (appel\u00e9e \u00ab la\r\nsoci\u00e9t\u00e9 \u00bb, \u00ab nous \u00bb, \u00ab notre \u00bb ou \u00ab nos \u00bb dans le pr\u00e9sent\r\naccord) d\u00e9signe LST International Services, 12 Constance Street London.\r\n\r\nLes cookies sont de petits fichiers qui sont plac\u00e9s\r\nsur votre ordinateur, appareil mobile ou tout autre appareil par un site Web, contenant\r\nles d\u00e9tails de votre historique de navigation sur ce site Web parmi ses nombreuses utilisations.\r\n\r\nLe pays fait r\u00e9f\u00e9rence \u00e0 : Royaume-Uni\r\n\r\nL&rsquo;appareil d\u00e9signe tout appareil pouvant acc\u00e9der\r\nau Service tel qu&rsquo;un ordinateur, un t\u00e9l\u00e9phone portable ou une tablette num\u00e9rique.\r\n\r\nLes donn\u00e9es personnelles sont toutes les informations qui\r\nse rapportent \u00e0 une personne identifi\u00e9e ou identifiable.\r\n\r\nLe service fait r\u00e9f\u00e9rence au site Web.\r\n\r\nLe prestataire de services d\u00e9signe toute personne physique ou\r\nmorale qui traite les donn\u00e9es pour le compte de la soci\u00e9t\u00e9. Il fait r\u00e9f\u00e9rence aux\r\nsoci\u00e9t\u00e9s tierces ou aux personnes employ\u00e9es par la Soci\u00e9t\u00e9 pour faciliter le\r\nService, pour fournir le Service au nom de la Soci\u00e9t\u00e9, pour ex\u00e9cuter des services\r\nli\u00e9s au Service ou pour aider la Soci\u00e9t\u00e9 \u00e0 analyser la mani\u00e8re dont le Service est utilis\u00e9.\r\n\r\nService de m\u00e9dias sociaux tiers fait r\u00e9f\u00e9rence\r\n\u00e0 tout site Web ou tout site Web de r\u00e9seau social via lequel un Utilisateur peut se connecter ou\r\ncr\u00e9er un compte pour utiliser le Service.\r\n\r\nDonn\u00e9es d&rsquo;utilisation fait r\u00e9f\u00e9rence aux donn\u00e9es collect\u00e9es\r\nautomatiquement, soit g\u00e9n\u00e9r\u00e9es par l&rsquo;utilisation du Service, soit par l&rsquo;infrastructure du Service\r\nelle-m\u00eame (par exemple, la dur\u00e9e d&rsquo;une visite de page).\r\n\r\nSite Web fait r\u00e9f\u00e9rence \u00e0 Kyzen Finance,\r\naccessible depuis https:\/\/kyzen-finance.com\/\r\n\r\nVous d\u00e9signe la personne qui acc\u00e8de ou\r\nutilise le Service, ou la soci\u00e9t\u00e9, ou toute autre entit\u00e9 juridique au nom de laquelle\r\ncette personne acc\u00e8de ou utilise le Service, selon le cas.\r\n\r\nCollecte et utilisation de vos donn\u00e9es personnelles\r\nTypes de donn\u00e9es collect\u00e9es\r\nDonn\u00e9es personnelles\r\n\r\nLorsque vous utilisez notre service, nous pouvons vous demander de\r\nnous fournir certaines informations personnellement identifiables qui peuvent \u00eatre utilis\u00e9es pour\r\nvous contacter ou vous identifier. Les informations personnelles identifiables peuvent inclure, sans s&rsquo;y limiter\u00a0:\r\n\r\nAdresse e-mail\r\n\r\nPr\u00e9nom et nom\r\n\r\nNum\u00e9ro de t\u00e9l\u00e9phone\r\n\r\nDonn\u00e9es d&rsquo;utilisation\r\n\r\nDonn\u00e9es d&rsquo;utilisation\r\n\r\nLes donn\u00e9es d&rsquo;utilisation sont collect\u00e9es automatiquement lorsque\r\nvous utilisez le Service.\r\n\r\nLes donn\u00e9es d&rsquo;utilisation peuvent inclure des informations telles que\r\nl&rsquo;adresse IP de votre appareil (par exemple, l&rsquo;adresse IP), le type de navigateur,\r\nla version du navigateur, les pages de notre Service que vous visitez, l&rsquo;heure et la date de\r\nvotre visite, le temps pass\u00e9 sur ces pages, les identifiants uniques de l&rsquo;appareil et\r\nd&rsquo;autres donn\u00e9es de diagnostic.\r\n\r\nLorsque vous acc\u00e9dez au Service par ou via un\r\nappareil mobile, nous pouvons collecter automatiquement certaines informations, y compris,\r\nmais sans s&rsquo;y limiter, le type d&rsquo;appareil mobile que vous utilisez, l&rsquo;identifiant\r\nunique de votre appareil mobile, l&rsquo;adresse IP de votre appareil mobile, votre syst\u00e8me d&rsquo;exploitation mobile, le\r\ntype de navigateur Internet mobile que vous utilisez, les identifiants uniques de l&rsquo;appareil et\r\nd&rsquo;autres donn\u00e9es de diagnostic.\r\n\r\nNous pouvons \u00e9galement collecter des informations que votre\r\nnavigateur envoie chaque fois que vous visitez notre Service ou lorsque vous acc\u00e9dez au Service par\r\nou via un appareil mobile.\r\n\r\nInformations provenant de services de m\u00e9dias sociaux tiers\r\n\r\nLa Soci\u00e9t\u00e9 vous permet de cr\u00e9er un compte\r\net de vous connecter pour utiliser le Service via les services de m\u00e9dias sociaux tiers\r\nsuivants\u00a0:\r\n\r\n\u00b7\r\nGoogle\r\n\r\n\u00b7\r\nFacebook\r\n\r\n\u00b7\r\nInstagram\r\n\r\n\u00b7\r\nTwitter\r\n\r\n\u00b7\r\nLinkedIn\r\n\r\nSi vous d\u00e9cidez de vous inscrire via ou\r\nde nous accorder l&rsquo;acc\u00e8s \u00e0 un service de m\u00e9dias sociaux tiers, nous pouvons collecter\r\ndes donn\u00e9es personnelles d\u00e9j\u00e0 associ\u00e9es \u00e0 votre compte de service de m\u00e9dias sociaux tiers, telles que votre nom, votre adresse e-mail, vos activit\u00e9s ou votre\r\nliste de contacts associ\u00e9e \u00e0 ce compte.\r\n\r\nVous pouvez \u00e9galement avoir la possibilit\u00e9 de partager\r\ndes informations suppl\u00e9mentaires avec la Soci\u00e9t\u00e9 via le compte de votre service de m\u00e9dias sociaux tiers. Si vous choisissez de fournir ces informations et donn\u00e9es personnelles,\r\nlors de l&rsquo;inscription ou autrement, vous autorisez la Soci\u00e9t\u00e9 \u00e0 les utiliser,\r\n\u00e0 les partager et \u00e0 les stocker d&rsquo;une mani\u00e8re conforme \u00e0 la pr\u00e9sente politique de confidentialit\u00e9.\r\n\r\nTechnologies de suivi et cookies\r\nNous utilisons des cookies et des technologies de suivi\r\nsimilaires pour suivre l&rsquo;activit\u00e9 sur notre service et stocker certaines\r\ninformations. Les technologies de suivi utilis\u00e9es sont des balises, des tags et des scripts\r\npour collecter et suivre des informations et pour am\u00e9liorer et analyser notre service. Les technologies\r\nque nous utilisons peuvent inclure\u00a0:\r\n\r\n\u00b7\r\nCookies ou cookies de navigateur. Un cookie est\r\nun petit fichier plac\u00e9 sur votre appareil. Vous pouvez demander \u00e0 votre navigateur de refuser tous les\r\ncookies ou d&rsquo;indiquer quand un cookie est envoy\u00e9. Cependant, si vous n&rsquo;acceptez pas les cookies, vous ne pourrez peut-\u00eatre pas utiliser certaines parties de notre service. \u00c0 moins que vous n&rsquo;ayez\r\nr\u00e9gl\u00e9 les param\u00e8tres de votre navigateur pour qu&rsquo;il refuse les cookies, notre\r\nservice peut utiliser des cookies.\r\n\r\n\u00b7\r\nBalises Web. Certaines sections de notre\r\nService et de nos e-mails peuvent contenir de petits fichiers \u00e9lectroniques appel\u00e9s balises Web\r\n(\u00e9galement appel\u00e9s gifs invisibles, balises pixel et gifs \u00e0 pixel unique) qui permettent\r\n\u00e0 la Soci\u00e9t\u00e9, par exemple, de compter les utilisateurs qui ont visit\u00e9 ces pages ou ouvert\r\nun e-mail et d&rsquo;autres statistiques de site Web connexes (par exemple, enregistrer la\r\npopularit\u00e9 d&rsquo;une certaine section et v\u00e9rifier l&rsquo;int\u00e9grit\u00e9 du syst\u00e8me et du serveur).\r\n\r\nLes cookies peuvent \u00eatre des cookies \u00ab\u00a0persistants\u00a0\u00bb ou \u00ab\u00a0de session\u00a0\u00bb. Les cookies persistants restent sur votre\r\nordinateur personnel ou appareil mobile lorsque vous vous d\u00e9connectez, tandis que les cookies de session sont\r\nsupprim\u00e9s d\u00e8s que vous fermez votre navigateur Web. Vous pouvez en savoir plus sur les cookies\r\nsur l&rsquo;article du site Web de TermsFeed.\r\n\r\nNous utilisons \u00e0 la fois des cookies de session et des cookies persistants\r\naux fins \u00e9nonc\u00e9es ci-dessous\u00a0:\r\n\r\nCookies n\u00e9cessaires\/essentiels\r\n\r\nType\u00a0: Cookies de session\r\n\r\nAdministr\u00e9s par\u00a0: Nous\r\n\r\nObjectif\u00a0: Ces cookies sont\r\nessentiels pour vous fournir les services disponibles sur le site Web et pour\r\nvous permettre d&rsquo;utiliser certaines de ses fonctionnalit\u00e9s. Ils aident \u00e0 authentifier les utilisateurs et \u00e0 emp\u00eacher l&rsquo;utilisation frauduleuse des comptes d&rsquo;utilisateurs. Sans ces cookies, les services\r\nque vous avez demand\u00e9s ne peuvent pas \u00eatre fournis, et nous n&rsquo;utilisons ces cookies que pour\r\nvous fournir ces services.\r\n\r\nPolitique de cookies \/ Avis Cookies Acceptation\r\n\r\nType\u00a0: Cookies persistants\r\n\r\nAdministr\u00e9s par\u00a0: Nous\r\n\r\nObjectif\u00a0: Ces cookies\r\nidentifient si les utilisateurs ont accept\u00e9 l&rsquo;utilisation de cookies sur le site Web.\r\n\r\nCookies de fonctionnalit\u00e9\r\n\r\nType\u00a0: Cookies persistants\r\n\r\nAdministr\u00e9s par\u00a0: Nous\r\n\r\nObjectif\u00a0: Ces cookies\r\nnous permettent de m\u00e9moriser les choix que vous faites lorsque vous utilisez le site Web, tels que la m\u00e9morisation de\r\nvos informations de connexion ou de votre pr\u00e9f\u00e9rence linguistique. Le but de ces cookies est de\r\nvous offrir une exp\u00e9rience plus personnelle et de vous \u00e9viter d&rsquo;avoir \u00e0 ressaisir\r\nvos pr\u00e9f\u00e9rences \u00e0 chaque fois que vous utilisez le site Web.\r\n\r\nPour plus d&rsquo;informations sur les cookies que nous\r\nutilisons et vos choix concernant les cookies, veuillez consulter notre politique relative aux cookies ou la\r\nsection Cookies de notre politique de confidentialit\u00e9.\r\n\r\nUtilisation de vos donn\u00e9es personnelles\r\nLa Soci\u00e9t\u00e9 peut utiliser les Donn\u00e9es personnelles aux\r\nfins suivantes\u00a0:\r\n\r\nFournir et maintenir notre Service,\r\nnotamment pour surveiller l&rsquo;utilisation de notre Service.\r\n\r\nG\u00e9rer votre compte\u00a0: pour g\u00e9rer votre\r\ninscription en tant qu&rsquo;utilisateur du Service. Les Donn\u00e9es personnelles que vous fournissez peuvent\r\nvous donner acc\u00e8s \u00e0 diff\u00e9rentes fonctionnalit\u00e9s du Service qui sont \u00e0 votre disposition\r\nen tant qu&rsquo;utilisateur enregistr\u00e9.\r\n\r\nPour l&rsquo;ex\u00e9cution d&rsquo;un contrat\u00a0: le\r\nd\u00e9veloppement, le respect et la r\u00e9alisation du contrat d&rsquo;achat des\r\nproduits, articles ou services que vous avez achet\u00e9s ou de tout autre contrat avec nous\r\npar l&rsquo;interm\u00e9diaire du Service.\r\n\r\nPour vous contacter\u00a0: pour vous contacter par e-mail,\r\nappels t\u00e9l\u00e9phoniques, SMS ou autres formes \u00e9quivalentes de communication \u00e9lectronique,\r\ntelles que les notifications push d&rsquo;une application mobile concernant les mises \u00e0 jour ou\r\nles communications informatives li\u00e9es aux fonctionnalit\u00e9s, produits ou\r\nservices contractuels, y compris les mises \u00e0 jour de s\u00e9curit\u00e9, lorsque cela est n\u00e9cessaire ou\r\nraisonnable pour leur mise en \u0153uvre.\r\n\r\nPour vous fournir des actualit\u00e9s, des offres sp\u00e9ciales\r\net des informations g\u00e9n\u00e9rales sur d&rsquo;autres biens, services et \u00e9v\u00e9nements que nous proposons\r\nqui sont similaires \u00e0 ceux que vous avez d\u00e9j\u00e0 achet\u00e9s ou sur lesquels vous avez demand\u00e9 des renseignements\r\nsauf si vous avez choisi de ne pas recevoir ces informations.\r\n\r\nPour g\u00e9rer vos demandes\u00a0: pour assister et\r\ng\u00e9rer vos demandes aupr\u00e8s de nous.\r\n\r\nPour les transferts d&rsquo;entreprise\u00a0: nous pouvons utiliser vos\r\ninformations pour \u00e9valuer ou mener une fusion, une cession, une\r\nrestructuration, une r\u00e9organisation, une dissolution ou une autre vente ou transfert de tout ou partie de nos\r\nactifs, que ce soit dans le cadre d&rsquo;une entreprise en activit\u00e9 ou d&rsquo;une faillite, d&rsquo;une\r\nliquidation ou d&rsquo;une proc\u00e9dure similaire, dans laquelle les donn\u00e9es personnelles que nous d\u00e9tenons sur les utilisateurs de nos\r\nservices font partie des actifs transf\u00e9r\u00e9s.\r\n\r\n\u00c0 d&rsquo;autres fins\u00a0: nous pouvons utiliser vos\r\ninformations \u00e0 d&rsquo;autres fins, telles que l&rsquo;analyse des donn\u00e9es, l&rsquo;identification des\r\ntendances d&rsquo;utilisation, la d\u00e9termination de l&rsquo;efficacit\u00e9 de nos campagnes promotionnelles et pour\r\n\u00e9valuer et am\u00e9liorer notre Service, nos produits, nos services, notre marketing et votre\r\nexp\u00e9rience.\r\n\r\nNous pouvons partager vos informations personnelles dans\r\nles situations suivantes\u00a0:\r\n\r\n\u00b7\r\nAvec des prestataires de services\u00a0: nous pouvons partager\r\nvos informations personnelles avec des prestataires de services pour surveiller et analyser l&rsquo;utilisation\r\nde notre service, pour vous contacter.\r\n\r\n\u00b7\r\nPour les transferts d&rsquo;entreprise\u00a0: nous pouvons partager ou\r\ntransf\u00e9rer vos informations personnelles dans le cadre de, ou pendant les n\u00e9gociations de, toute fusion, vente d&rsquo;actifs de la Soci\u00e9t\u00e9,\r\n\r\nNous vous informerons\r\navant que vos donn\u00e9es personnelles ne soient transf\u00e9r\u00e9es et ne soient soumises\r\n\u00e0 une politique de confidentialit\u00e9 diff\u00e9rente.\r\n\r\nApplication de la loi\r\nDans certaines circonstances, la Soci\u00e9t\u00e9\r\npeut \u00eatre tenue de divulguer vos donn\u00e9es personnelles si la loi l&rsquo;exige ou\r\nen r\u00e9ponse \u00e0 des demandes valables des autorit\u00e9s publiques (par exemple, un tribunal ou une\r\nagence gouvernementale).\r\n\r\nAutres exigences l\u00e9gales\r\nLa Soci\u00e9t\u00e9 peut divulguer vos donn\u00e9es personnelles\r\nen croyant de bonne foi qu&rsquo;une telle action est n\u00e9cessaire pour\u00a0:\r\n\r\n\u00b7\r\nRespecter une obligation l\u00e9gale\r\n\r\n\u00b7\r\nProt\u00e9ger et d\u00e9fendre les droits\r\nou la propri\u00e9t\u00e9 de la Soci\u00e9t\u00e9\r\n\r\n\u00b7\r\nPr\u00e9venir ou enqu\u00eater sur d&rsquo;\u00e9ventuels\r\nactes r\u00e9pr\u00e9hensibles en relation avec le Service\r\n\r\n\u00b7\r\nProt\u00e9ger la s\u00e9curit\u00e9 personnelle des\r\nUtilisateurs du Service ou du public\r\n\r\n\u00b7\r\nProt\u00e9ger contre la responsabilit\u00e9 l\u00e9gale\r\n\r\nS\u00e9curit\u00e9 de vos donn\u00e9es personnelles\r\nLa s\u00e9curit\u00e9 de vos donn\u00e9es personnelles est\r\nimportante pour nous, mais n&rsquo;oubliez pas qu&rsquo;aucune m\u00e9thode de transmission sur Internet,\r\nou m\u00e9thode de stockage \u00e9lectronique n&rsquo;est s\u00fbre \u00e0 100\u00a0%. Bien que nous nous efforcions d&rsquo;utiliser des moyens commercialement acceptables pour prot\u00e9ger vos donn\u00e9es personnelles, nous ne pouvons pas garantir leur s\u00e9curit\u00e9 absolue.\r\n\r\nConfidentialit\u00e9 des enfants\r\nNotre service ne s&rsquo;adresse pas aux personnes de moins de 13 ans. Nous ne collectons pas sciemment d&rsquo;informations personnelles\r\nidentifiables aupr\u00e8s de personnes de moins de 13 ans. Si vous \u00eates un parent ou un tuteur et que vous savez que votre enfant nous a fourni des donn\u00e9es personnelles, veuillez nous contacter. Si nous apprenons que nous avons collect\u00e9 des donn\u00e9es personnelles aupr\u00e8s d&rsquo;une personne de moins de 13 ans sans v\u00e9rification du consentement parental, nous prenons des mesures pour supprimer ces informations de nos serveurs.\r\n\r\nSi nous devons nous appuyer sur le consentement comme base juridique pour le traitement de vos informations et que votre pays exige le consentement d&rsquo;un parent, nous pouvons exiger le consentement de vos parents avant de collecter et d&rsquo;utiliser ces informations.\r\n\r\nLiens vers d&rsquo;autres sites Web\r\nNotre service peut contenir des liens vers d&rsquo;autres sites Web qui ne sont pas exploit\u00e9s par nous. Si vous cliquez sur un lien tiers, vous serez redirig\u00e9 vers le site de ce tiers. Nous vous conseillons vivement de consulter\r\nla politique de confidentialit\u00e9 de chaque site que vous visitez.\r\n\r\nNous n&rsquo;avons aucun contr\u00f4le sur et n&rsquo;assumons aucune\r\nresponsabilit\u00e9 pour le contenu, les politiques de confidentialit\u00e9 ou les pratiques de tout site ou service tiers.\r\n\r\nModifications de cette politique de confidentialit\u00e9\r\nNous pouvons mettre \u00e0 jour notre politique de confidentialit\u00e9 de temps \u00e0 autre. Nous vous informerons de tout changement en publiant la nouvelle politique de confidentialit\u00e9 sur\r\ncette page.\r\n\r\nNous vous informerons par e-mail et\/ou par un avis\r\nbien visible sur notre service, avant que le changement ne prenne effet et mettrons \u00e0 jour la date de \u00ab\u00a0Derni\u00e8re mise \u00e0 jour\u00a0\u00bb en haut de cette politique de confidentialit\u00e9.\r\n\r\nIl vous est conseill\u00e9 de consulter r\u00e9guli\u00e8rement cette politique de confidentialit\u00e9 pour tout changement. Les modifications apport\u00e9es \u00e0 cette politique de confidentialit\u00e9 sont\r\neffectives lorsqu&rsquo;elles sont publi\u00e9es sur cette page.\r\n\r\nNous contacter\r\nSi vous avez des questions sur cette politique de confidentialit\u00e9, vous pouvez nous contacter\u00a0:\r\n\r\n\u00b7\r\nPar e-mail\u00a0: info@kyzen-finance.com\t\t\t\t\t\t\t\t<\/div>\n\t\t\t\t<\/div>\n\t\t\t\t\t<\/div>\n\t\t\t\t<\/div>\n\t\t\t\t<\/div>\n\t\t","protected":false},"excerpt":{"rendered":"<p>Politique de confidentialit\u00e9 Cette politique de confidentialit\u00e9 d\u00e9crit nos politiques et proc\u00e9dures sur la collecte, l&rsquo;utilisation et la divulgation de &hellip;<\/p>\n","protected":false},"author":1,"featured_media":0,"parent":0,"menu_order":0,"comment_status":"closed","ping_status":"closed","template":"","meta":{"_vibebp_attr":"","_vibebp_dimensions":"","_vibebp_responsive_height":"","_vibebp_accordion_ie_support":"","_joinchat":[],"footnotes":""},"class_list":["post-755","page","type-page","status-publish","hentry"],"aioseo_notices":[],"jetpack-related-posts":[{"id":9783,"url":"https:\/\/kyzen-finance.com\/fr\/programmes-de-formation-finance-sur-mesure\/","url_meta":{"origin":755,"position":0},"title":"Programmes de formation en finance sur mesure","author":"Professor","date":"","format":false,"excerpt":"Programmes de formation en finance sur mesure | Kyzen Finance Dans le paysage financier en \u00e9volution rapide d\u2019aujourd\u2019hui, il est crucial pour les entreprises de maintenir leurs \u00e9quipes \u00e0 jour avec les connaissances et les comp\u00e9tences les plus r\u00e9centes. Chez Kyzen Finance, nous nous sp\u00e9cialisons dans la cr\u00e9ation de programmes\u2026","rel":"","context":"Article similaire","block_context":{"text":"Article similaire","link":""},"img":{"alt_text":"","src":"https:\/\/i0.wp.com\/kyzen-finance.com\/wp-content\/uploads\/2020\/07\/phone-4060860_1920.jpg?resize=350%2C200&ssl=1","width":350,"height":200,"srcset":"https:\/\/i0.wp.com\/kyzen-finance.com\/wp-content\/uploads\/2020\/07\/phone-4060860_1920.jpg?resize=350%2C200&ssl=1 1x, https:\/\/i0.wp.com\/kyzen-finance.com\/wp-content\/uploads\/2020\/07\/phone-4060860_1920.jpg?resize=525%2C300&ssl=1 1.5x, https:\/\/i0.wp.com\/kyzen-finance.com\/wp-content\/uploads\/2020\/07\/phone-4060860_1920.jpg?resize=700%2C400&ssl=1 2x, https:\/\/i0.wp.com\/kyzen-finance.com\/wp-content\/uploads\/2020\/07\/phone-4060860_1920.jpg?resize=1050%2C600&ssl=1 3x, https:\/\/i0.wp.com\/kyzen-finance.com\/wp-content\/uploads\/2020\/07\/phone-4060860_1920.jpg?resize=1400%2C800&ssl=1 4x"},"classes":[]},{"id":7323,"url":"https:\/\/kyzen-finance.com\/fr\/","url_meta":{"origin":755,"position":1},"title":"Formation en finance","author":"Charles Patrick, CFA","date":"","format":false,"excerpt":"Nous sommes une \u00e9quipe de professeurs passionn\u00e9s par la finance. Notre objectif est de fournir la meilleure exp\u00e9rience d'apprentissage qui soit. Chez Kyzen Finance, nous prendrons en compte vos besoins uniques et adapterons un programme d\u2019apprentissage qui vous permettra d\u2019atteindre vos objectifs \u00e9ducatifs. Contactez nos experts d\u00e8s aujourd'hui et pr\u00e9parez-vous\u2026","rel":"","context":"Article similaire","block_context":{"text":"Article similaire","link":""},"img":{"alt_text":"","src":"https:\/\/i0.wp.com\/kyzen-finance.com\/wp-content\/uploads\/2024\/09\/indoor__1446-1024x683.jpg?resize=350%2C200","width":350,"height":200,"srcset":"https:\/\/i0.wp.com\/kyzen-finance.com\/wp-content\/uploads\/2024\/09\/indoor__1446-1024x683.jpg?resize=350%2C200 1x, https:\/\/i0.wp.com\/kyzen-finance.com\/wp-content\/uploads\/2024\/09\/indoor__1446-1024x683.jpg?resize=525%2C300 1.5x, https:\/\/i0.wp.com\/kyzen-finance.com\/wp-content\/uploads\/2024\/09\/indoor__1446-1024x683.jpg?resize=700%2C400 2x"},"classes":[]},{"id":9789,"url":"https:\/\/kyzen-finance.com\/fr\/cfaformation\/","url_meta":{"origin":755,"position":2},"title":"Chartered Financial Analyst (CFA)","author":"Cheikh NIANG, PhD, CFA","date":"","format":false,"excerpt":"Pr\u00e9paration au CFA\u00ae | Programmes de formation Kyzen Finance Vous cherchez \u00e0 r\u00e9ussir l\u2019examen CFA\u00ae et \u00e0 faire progresser votre carri\u00e8re dans la finance ? Chez Kyzen Finance, nous proposons des programmes complets et de haute qualit\u00e9 de pr\u00e9paration \u00e0 l\u2019examen CFA, con\u00e7us pour aider les \u00e9tudiants et les professionnels\u2026","rel":"","context":"Article similaire","block_context":{"text":"Article similaire","link":""},"img":{"alt_text":"office","src":"https:\/\/i0.wp.com\/kyzen-finance.com\/wp-content\/uploads\/2020\/07\/student-849822_1920-1.jpg?resize=350%2C200","width":350,"height":200,"srcset":"https:\/\/i0.wp.com\/kyzen-finance.com\/wp-content\/uploads\/2020\/07\/student-849822_1920-1.jpg?resize=350%2C200 1x, https:\/\/i0.wp.com\/kyzen-finance.com\/wp-content\/uploads\/2020\/07\/student-849822_1920-1.jpg?resize=525%2C300 1.5x, https:\/\/i0.wp.com\/kyzen-finance.com\/wp-content\/uploads\/2020\/07\/student-849822_1920-1.jpg?resize=700%2C400 2x, https:\/\/i0.wp.com\/kyzen-finance.com\/wp-content\/uploads\/2020\/07\/student-849822_1920-1.jpg?resize=1050%2C600 3x, https:\/\/i0.wp.com\/kyzen-finance.com\/wp-content\/uploads\/2020\/07\/student-849822_1920-1.jpg?resize=1400%2C800 4x"},"classes":[]},{"id":6267,"url":"https:\/\/kyzen-finance.com\/fr\/nous-contacter-2\/","url_meta":{"origin":755,"position":3},"title":"Nous Contacter","author":"support","date":"","format":false,"excerpt":"Nous Contacter Besoin d'aide? Avez-vous des questions? Notre \u00e9quipe d'assistance est pr\u00eate \u00e0 vous aider. Connectez-vous avec nous maintenant Facebook Twitter Linkedin","rel":"","context":"Article similaire","block_context":{"text":"Article similaire","link":""},"img":{"alt_text":"","src":"","width":0,"height":0},"classes":[]},{"id":733,"url":"https:\/\/kyzen-finance.com\/fr\/tous-les-professeurs\/","url_meta":{"origin":755,"position":4},"title":"Tous les Professeurs","author":"Cheikh NIANG, PhD, CFA","date":"","format":false,"excerpt":"","rel":"","context":"Article similaire","block_context":{"text":"Article similaire","link":""},"img":{"alt_text":"","src":"","width":0,"height":0},"classes":[]},{"id":740,"url":"https:\/\/kyzen-finance.com\/fr\/etat-du-cours\/","url_meta":{"origin":755,"position":5},"title":"Etat du Cours","author":"Cheikh NIANG, PhD, CFA","date":"","format":false,"excerpt":"Instructions du coursnnVeuillez saisir les instructions du cours dans la page \u00c9tat du cours. Pour modifier ce contenu, suivez simplement les \u00e9tapes ci-dessous: n","rel":"","context":"Article similaire","block_context":{"text":"Article similaire","link":""},"img":{"alt_text":"","src":"","width":0,"height":0},"classes":[]}],"jetpack_sharing_enabled":true,"_links":{"self":[{"href":"https:\/\/kyzen-finance.com\/fr\/wp-json\/wp\/v2\/pages\/755","targetHints":{"allow":["GET"]}}],"collection":[{"href":"https:\/\/kyzen-finance.com\/fr\/wp-json\/wp\/v2\/pages"}],"about":[{"href":"https:\/\/kyzen-finance.com\/fr\/wp-json\/wp\/v2\/types\/page"}],"author":[{"embeddable":true,"href":"https:\/\/kyzen-finance.com\/fr\/wp-json\/wp\/v2\/users\/1"}],"replies":[{"embeddable":true,"href":"https:\/\/kyzen-finance.com\/fr\/wp-json\/wp\/v2\/comments?post=755"}],"version-history":[{"count":5,"href":"https:\/\/kyzen-finance.com\/fr\/wp-json\/wp\/v2\/pages\/755\/revisions"}],"predecessor-version":[{"id":10434,"href":"https:\/\/kyzen-finance.com\/fr\/wp-json\/wp\/v2\/pages\/755\/revisions\/10434"}],"wp:attachment":[{"href":"https:\/\/kyzen-finance.com\/fr\/wp-json\/wp\/v2\/media?parent=755"}],"curies":[{"name":"wp","href":"https:\/\/api.w.org\/{rel}","templated":true}]}}