{"id":7792,"date":"2023-10-24T13:51:13","date_gmt":"2023-10-24T13:51:13","guid":{"rendered":"https:\/\/kyzen-finance.com\/product\/fondamentaux-des-obligations\/"},"modified":"2023-10-24T13:51:13","modified_gmt":"2023-10-24T13:51:13","slug":"fondamentaux-des-obligations","status":"publish","type":"product","link":"http:\/\/kyzen-finance.com\/fr\/product\/fondamentaux-des-obligations\/","title":{"rendered":"Fondamentaux des obligations"},"content":{"rendered":"<div class=\"vibe_editor_rich_text\">\n<p style=\"\"><strong>Langue d&rsquo;enseignement: Anglais<\/strong><\/p>\n<\/div>\n<div class=\"vibe_editor_rich_text\">\n<p style=\"\">Sujets abord\u00e9s :<\/p>\n<p style=\"\">Introduction aux obligations : Familiarisez-vous avec les principes de base des titres \u00e0 revenu fixe, leur raison d\u2019\u00eatre et leur importance sur les march\u00e9s financiers.<\/p>\n<p style=\"\">Types de titres \u00e0 revenu fixe : Explorez une gamme vari\u00e9e d\u2019instruments \u00e0 revenu fixe, des obligations du Tr\u00e9sor aux titres adoss\u00e9s \u00e0 des cr\u00e9ances hypoth\u00e9caires, et d\u00e9couvrez comment chacun s\u2019int\u00e8gre dans l\u2019\u00e9cosyst\u00e8me financier plus large.<\/p>\n<p style=\"\">\u00c9valuation des obligations : Explorez les m\u00e9thodes utilis\u00e9es pour \u00e9valuer les titres \u00e0 revenu fixe, y compris l\u2019analyse des flux de tr\u00e9sorerie actualis\u00e9s et les calculs de rendement, ce qui vous permettra d\u2019acqu\u00e9rir les comp\u00e9tences n\u00e9cessaires pour \u00e9valuer leur juste valeur marchande.<\/p>\n<p style=\"\">Analyse des taux et de la courbe des taux : Comprendre les concepts de rendement et de courbes de rendement, ainsi que leurs implications pour les investisseurs et la conjoncture \u00e9conomique.<\/p>\n<p style=\"\">\u00c0 la fin de ce cours, vous aurez non seulement une solide compr\u00e9hension des fondamentaux des titres \u00e0 revenu fixe, mais aussi la capacit\u00e9 de prendre des d\u00e9cisions de placement \u00e9clair\u00e9es dans un environnement financier dynamique. Que vous soyez un professionnel chevronn\u00e9 de la finance ou un nouveau venu dans le monde des placements, Principes fondamentaux des titres \u00e0 revenu fixe vous permettra d\u2019acqu\u00e9rir les connaissances et les comp\u00e9tences n\u00e9cessaires pour naviguer et prosp\u00e9rer sur le march\u00e9 des titres \u00e0 revenu fixe.<\/p>\n<\/div>\n","protected":false},"excerpt":{"rendered":"<p>Langue d&rsquo;enseignement: Anglais Sujets abord\u00e9s : Introduction aux obligations : Familiarisez-vous avec les principes de base des titres \u00e0 revenu &hellip;<\/p>\n","protected":false},"featured_media":0,"template":"","meta":{"_vibebp_attr":"","_vibebp_dimensions":"","_vibebp_responsive_height":"","_vibebp_accordion_ie_support":"","_joinchat":[]},"product_brand":[],"product_cat":[],"product_tag":[],"class_list":{"0":"post-7792","1":"product","2":"type-product","3":"status-publish","6":"first","7":"instock","8":"downloadable","9":"virtual","10":"sold-individually","11":"purchasable","12":"product-type-simple"},"aioseo_notices":[],"jetpack-related-posts":[{"id":10821,"url":"http:\/\/kyzen-finance.com\/fr\/product\/fixed-income-fundamentals-2\/","url_meta":{"origin":7792,"position":0},"title":"\ud83d\udcc9 Ma\u00eetriser les titres \u00e0 revenu fixe : des fondamentaux aux strat\u00e9gies de portefeuille","author":"Cheikh NIANG, PhD, CFA","date":"","format":false,"excerpt":"Ce programme avanc\u00e9 couvre les instruments \u00e0 revenu fixe, des principes fondamentaux aux strat\u00e9gies de gestion de portefeuille. En mettant l\u2019accent sur les concepts de niveau 2 et 3 du CFA, ce cours vous apprendra \u00e0 \u00e9valuer les obligations, \u00e0 g\u00e9rer le risque de taux d\u2019int\u00e9r\u00eat et \u00e0 construire des\u2026","rel":"","context":"Article similaire","block_context":{"text":"Article similaire","link":""},"img":{"alt_text":"","src":"","width":0,"height":0},"classes":[]},{"id":10824,"url":"http:\/\/kyzen-finance.com\/fr\/product\/strategies-d-investissement\/","url_meta":{"origin":7792,"position":1},"title":"\ud83d\udcca Fondements de l\u2019investissement : de la valeur temps \u00e0 l\u2019\u00e9valuation des actions","author":"Cheikh NIANG, PhD, CFA","date":"","format":false,"excerpt":"Ce cours est con\u00e7u pour tous ceux qui souhaitent construire une base solide en finance et en investissement. Il couvre les concepts essentiels de la valeur temporelle de l\u2019argent, de l\u2019\u00e9valuation de base des actions et des principaux outils de prise de d\u00e9cision dans l\u2019analyse des investissements. Que vous soyez\u2026","rel":"","context":"Article similaire","block_context":{"text":"Article similaire","link":""},"img":{"alt_text":"Online Finance Courses","src":"https:\/\/i0.wp.com\/kyzen-finance.com\/wp-content\/uploads\/2020\/07\/blur-1853262_1920.jpg?fit=1200%2C900&resize=350%2C200","width":350,"height":200,"srcset":"https:\/\/i0.wp.com\/kyzen-finance.com\/wp-content\/uploads\/2020\/07\/blur-1853262_1920.jpg?fit=1200%2C900&resize=350%2C200 1x, https:\/\/i0.wp.com\/kyzen-finance.com\/wp-content\/uploads\/2020\/07\/blur-1853262_1920.jpg?fit=1200%2C900&resize=525%2C300 1.5x, https:\/\/i0.wp.com\/kyzen-finance.com\/wp-content\/uploads\/2020\/07\/blur-1853262_1920.jpg?fit=1200%2C900&resize=700%2C400 2x, https:\/\/i0.wp.com\/kyzen-finance.com\/wp-content\/uploads\/2020\/07\/blur-1853262_1920.jpg?fit=1200%2C900&resize=1050%2C600 3x"},"classes":[]},{"id":10822,"url":"http:\/\/kyzen-finance.com\/fr\/product\/assessing-equity-investment-risk-return\/","url_meta":{"origin":7792,"position":2},"title":"\u26a1 Ma\u00eetriser le risque et les produits d\u00e9riv\u00e9s : de l\u2019\u00e9valuation des risques aux strat\u00e9gies d\u2019options","author":"Charles Patrick, CFA","date":"","format":false,"excerpt":"Description: Ce cours avanc\u00e9 fournit une compr\u00e9hension approfondie de l\u2019\u00e9valuation des risques, des rendements des investissements, des produits financiers d\u00e9riv\u00e9s et des strat\u00e9gies de trading d\u2019options. Couvrant les principaux sujets des CFA de niveau 2 et 3, ce programme explore comment utiliser les produits d\u00e9riv\u00e9s pour la couverture, la sp\u00e9culation\u2026","rel":"","context":"Article similaire","block_context":{"text":"Article similaire","link":""},"img":{"alt_text":"Practice Book \u2013 Financial Risk Management","src":"https:\/\/i0.wp.com\/kyzen-finance.com\/wp-content\/uploads\/2020\/07\/city-1150026_1280.jpg?fit=1200%2C800&resize=350%2C200","width":350,"height":200,"srcset":"https:\/\/i0.wp.com\/kyzen-finance.com\/wp-content\/uploads\/2020\/07\/city-1150026_1280.jpg?fit=1200%2C800&resize=350%2C200 1x, https:\/\/i0.wp.com\/kyzen-finance.com\/wp-content\/uploads\/2020\/07\/city-1150026_1280.jpg?fit=1200%2C800&resize=525%2C300 1.5x, https:\/\/i0.wp.com\/kyzen-finance.com\/wp-content\/uploads\/2020\/07\/city-1150026_1280.jpg?fit=1200%2C800&resize=700%2C400 2x, https:\/\/i0.wp.com\/kyzen-finance.com\/wp-content\/uploads\/2020\/07\/city-1150026_1280.jpg?fit=1200%2C800&resize=1050%2C600 3x"},"classes":[]},{"id":3048,"url":"http:\/\/kyzen-finance.com\/fr\/product\/evaluation-du-risque-et-du-rendement-des-investissements-2\/","url_meta":{"origin":7792,"position":3},"title":"Evaluation du risque et du rendement des investissements","author":"Charles Patrick, CFA","date":"","format":false,"excerpt":"Objectifs d'apprentissage du cours: - Comment mesurer le risque d'investissement. - Comment mesurer le retour sur investissement. - Comment mettre en relation risque et rendement pour r\u00e9partir vos fonds entre diff\u00e9rents actifs et classes d'actifs. Concepts cl\u00e9s: - Variance - \u00c9cart-type - Esp\u00e9rance - Erreur de suivi - Strat\u00e9gies d'investissement\u2026","rel":"","context":"Article similaire","block_context":{"text":"Article similaire","link":""},"img":{"alt_text":"Practice Book \u2013 Financial Risk Management","src":"https:\/\/i0.wp.com\/kyzen-finance.com\/wp-content\/uploads\/2020\/07\/city-1150026_1280.jpg?fit=1200%2C800&resize=350%2C200","width":350,"height":200,"srcset":"https:\/\/i0.wp.com\/kyzen-finance.com\/wp-content\/uploads\/2020\/07\/city-1150026_1280.jpg?fit=1200%2C800&resize=350%2C200 1x, https:\/\/i0.wp.com\/kyzen-finance.com\/wp-content\/uploads\/2020\/07\/city-1150026_1280.jpg?fit=1200%2C800&resize=525%2C300 1.5x, https:\/\/i0.wp.com\/kyzen-finance.com\/wp-content\/uploads\/2020\/07\/city-1150026_1280.jpg?fit=1200%2C800&resize=700%2C400 2x, https:\/\/i0.wp.com\/kyzen-finance.com\/wp-content\/uploads\/2020\/07\/city-1150026_1280.jpg?fit=1200%2C800&resize=1050%2C600 3x"},"classes":[]},{"id":2724,"url":"http:\/\/kyzen-finance.com\/fr\/product\/outils-de-decision-d-investissement\/","url_meta":{"origin":7792,"position":4},"title":"Outils de prise de d\u00e9cision d&rsquo;investissement","author":"Cheikh NIANG, PhD, CFA","date":"","format":false,"excerpt":"Pr\u00e9-requis - Valeur temps de l'argent Niveau du cours D\u00e9butant Objectifs d' apprentissage - Calculer et interpr\u00e9ter la Valeur Actuelle Nette (VAN) - Calculer et interpr\u00e9ter le Taux de Rendement Interne (TRI) - Calculer et interpr\u00e9ter le d\u00e9lai de r\u00e9cup\u00e9ration - Calculer et interpr\u00e9ter le d\u00e9lai de r\u00e9cup\u00e9ration actualis\u00e9 -\u2026","rel":"","context":"Article similaire","block_context":{"text":"Article similaire","link":""},"img":{"alt_text":"Online Courses For Finance","src":"https:\/\/i0.wp.com\/kyzen-finance.com\/wp-content\/uploads\/2020\/07\/business-man-1031755_1920.jpg?fit=1200%2C806&resize=350%2C200","width":350,"height":200,"srcset":"https:\/\/i0.wp.com\/kyzen-finance.com\/wp-content\/uploads\/2020\/07\/business-man-1031755_1920.jpg?fit=1200%2C806&resize=350%2C200 1x, https:\/\/i0.wp.com\/kyzen-finance.com\/wp-content\/uploads\/2020\/07\/business-man-1031755_1920.jpg?fit=1200%2C806&resize=525%2C300 1.5x, https:\/\/i0.wp.com\/kyzen-finance.com\/wp-content\/uploads\/2020\/07\/business-man-1031755_1920.jpg?fit=1200%2C806&resize=700%2C400 2x, https:\/\/i0.wp.com\/kyzen-finance.com\/wp-content\/uploads\/2020\/07\/business-man-1031755_1920.jpg?fit=1200%2C806&resize=1050%2C600 3x"},"classes":[]},{"id":3073,"url":"http:\/\/kyzen-finance.com\/fr\/product\/gestion-de-portefeuilles-action\/","url_meta":{"origin":7792,"position":5},"title":"Gestion de portefeuilles action","author":"Charles Patrick, CFA","date":"","format":false,"excerpt":"Conditions pr\u00e9alables: - La valeur temps de l'argent - Connaissances avanc\u00e9es des march\u00e9s actions - Mod\u00e8le d'\u00e9valuation des actifs financiers Objectifs d'apprentissage du cours: - Comprendre la th\u00e9orie du portefeuille - Comprendre les strat\u00e9gies d'investissement - Mesure du risque et du rendement - \u00c9valuation de la performance du portefeuille -\u2026","rel":"","context":"Article similaire","block_context":{"text":"Article similaire","link":""},"img":{"alt_text":"","src":"https:\/\/i0.wp.com\/kyzen-finance.com\/wp-content\/uploads\/2020\/07\/business-4677631_1920.jpg?fit=1200%2C800&resize=350%2C200","width":350,"height":200,"srcset":"https:\/\/i0.wp.com\/kyzen-finance.com\/wp-content\/uploads\/2020\/07\/business-4677631_1920.jpg?fit=1200%2C800&resize=350%2C200 1x, https:\/\/i0.wp.com\/kyzen-finance.com\/wp-content\/uploads\/2020\/07\/business-4677631_1920.jpg?fit=1200%2C800&resize=525%2C300 1.5x, https:\/\/i0.wp.com\/kyzen-finance.com\/wp-content\/uploads\/2020\/07\/business-4677631_1920.jpg?fit=1200%2C800&resize=700%2C400 2x, https:\/\/i0.wp.com\/kyzen-finance.com\/wp-content\/uploads\/2020\/07\/business-4677631_1920.jpg?fit=1200%2C800&resize=1050%2C600 3x"},"classes":[]}],"jetpack_sharing_enabled":true,"_links":{"self":[{"href":"http:\/\/kyzen-finance.com\/fr\/wp-json\/wp\/v2\/product\/7792","targetHints":{"allow":["GET"]}}],"collection":[{"href":"http:\/\/kyzen-finance.com\/fr\/wp-json\/wp\/v2\/product"}],"about":[{"href":"http:\/\/kyzen-finance.com\/fr\/wp-json\/wp\/v2\/types\/product"}],"version-history":[{"count":0,"href":"http:\/\/kyzen-finance.com\/fr\/wp-json\/wp\/v2\/product\/7792\/revisions"}],"wp:attachment":[{"href":"http:\/\/kyzen-finance.com\/fr\/wp-json\/wp\/v2\/media?parent=7792"}],"wp:term":[{"taxonomy":"product_brand","embeddable":true,"href":"http:\/\/kyzen-finance.com\/fr\/wp-json\/wp\/v2\/product_brand?post=7792"},{"taxonomy":"product_cat","embeddable":true,"href":"http:\/\/kyzen-finance.com\/fr\/wp-json\/wp\/v2\/product_cat?post=7792"},{"taxonomy":"product_tag","embeddable":true,"href":"http:\/\/kyzen-finance.com\/fr\/wp-json\/wp\/v2\/product_tag?post=7792"}],"curies":[{"name":"wp","href":"https:\/\/api.w.org\/{rel}","templated":true}]}}