{"id":7790,"date":"2023-10-24T13:49:40","date_gmt":"2023-10-24T13:49:40","guid":{"rendered":"https:\/\/kyzen-finance.com\/product\/dynamiques-sur-les-marches-obligataires\/"},"modified":"2023-10-24T13:49:40","modified_gmt":"2023-10-24T13:49:40","slug":"dynamiques-sur-les-marches-obligataires","status":"publish","type":"product","link":"http:\/\/kyzen-finance.com\/fr\/product\/dynamiques-sur-les-marches-obligataires\/","title":{"rendered":"Dynamiques sur les march\u00e9s obligataires"},"content":{"rendered":"","protected":false},"excerpt":{"rendered":"","protected":false},"featured_media":1651,"template":"","meta":{"_vibebp_attr":"","_vibebp_dimensions":"","_vibebp_responsive_height":"","_vibebp_accordion_ie_support":"","_joinchat":[]},"product_brand":[],"product_cat":[],"product_tag":[],"class_list":{"0":"post-7790","1":"product","2":"type-product","3":"status-publish","4":"has-post-thumbnail","7":"first","8":"instock","9":"downloadable","10":"virtual","11":"sold-individually","12":"purchasable","13":"product-type-simple"},"aioseo_notices":[],"jetpack-related-posts":[{"id":10821,"url":"http:\/\/kyzen-finance.com\/fr\/product\/fixed-income-fundamentals-2\/","url_meta":{"origin":7790,"position":0},"title":"\ud83d\udcc9 Ma\u00eetriser les titres \u00e0 revenu fixe : des fondamentaux aux strat\u00e9gies de portefeuille","author":"Cheikh NIANG, PhD, CFA","date":"","format":false,"excerpt":"Ce programme avanc\u00e9 couvre les instruments \u00e0 revenu fixe, des principes fondamentaux aux strat\u00e9gies de gestion de portefeuille. En mettant l\u2019accent sur les concepts de niveau 2 et 3 du CFA, ce cours vous apprendra \u00e0 \u00e9valuer les obligations, \u00e0 g\u00e9rer le risque de taux d\u2019int\u00e9r\u00eat et \u00e0 construire des\u2026","rel":"","context":"Article similaire","block_context":{"text":"Article similaire","link":""},"img":{"alt_text":"","src":"","width":0,"height":0},"classes":[]},{"id":3073,"url":"http:\/\/kyzen-finance.com\/fr\/product\/gestion-de-portefeuilles-action\/","url_meta":{"origin":7790,"position":1},"title":"Gestion de portefeuilles action","author":"Charles Patrick, CFA","date":"","format":false,"excerpt":"Conditions pr\u00e9alables: - La valeur temps de l'argent - Connaissances avanc\u00e9es des march\u00e9s actions - Mod\u00e8le d'\u00e9valuation des actifs financiers Objectifs d'apprentissage du cours: - Comprendre la th\u00e9orie du portefeuille - Comprendre les strat\u00e9gies d'investissement - Mesure du risque et du rendement - \u00c9valuation de la performance du portefeuille -\u2026","rel":"","context":"Article similaire","block_context":{"text":"Article similaire","link":""},"img":{"alt_text":"","src":"https:\/\/i0.wp.com\/kyzen-finance.com\/wp-content\/uploads\/2020\/07\/business-4677631_1920.jpg?fit=1200%2C800&resize=350%2C200","width":350,"height":200,"srcset":"https:\/\/i0.wp.com\/kyzen-finance.com\/wp-content\/uploads\/2020\/07\/business-4677631_1920.jpg?fit=1200%2C800&resize=350%2C200 1x, https:\/\/i0.wp.com\/kyzen-finance.com\/wp-content\/uploads\/2020\/07\/business-4677631_1920.jpg?fit=1200%2C800&resize=525%2C300 1.5x, https:\/\/i0.wp.com\/kyzen-finance.com\/wp-content\/uploads\/2020\/07\/business-4677631_1920.jpg?fit=1200%2C800&resize=700%2C400 2x, https:\/\/i0.wp.com\/kyzen-finance.com\/wp-content\/uploads\/2020\/07\/business-4677631_1920.jpg?fit=1200%2C800&resize=1050%2C600 3x"},"classes":[]},{"id":7792,"url":"http:\/\/kyzen-finance.com\/fr\/product\/fondamentaux-des-obligations\/","url_meta":{"origin":7790,"position":2},"title":"Fondamentaux des obligations","author":"Cheikh NIANG, PhD, CFA","date":"","format":false,"excerpt":"Langue d'enseignement: AnglaisSujets abord\u00e9s : Introduction aux obligations : Familiarisez-vous avec les principes de base des titres \u00e0 revenu fixe, leur raison d\u2019\u00eatre et leur importance sur les march\u00e9s financiers. Types de titres \u00e0 revenu fixe : Explorez une gamme vari\u00e9e d\u2019instruments \u00e0 revenu fixe, des obligations du Tr\u00e9sor aux\u2026","rel":"","context":"Article similaire","block_context":{"text":"Article similaire","link":""},"img":{"alt_text":"","src":"","width":0,"height":0},"classes":[]},{"id":3391,"url":"http:\/\/kyzen-finance.com\/fr\/product\/techniques-financieres-sur-les-marches-actions-2\/","url_meta":{"origin":7790,"position":3},"title":"Techniques financi\u00e8res sur les march\u00e9s actions","author":"Charles Patrick, CFA","date":"","format":false,"excerpt":"Conditions pr\u00e9alables: - Comprendre les \u00e9tats financiers - La valeur temps de l'argent Niveau du cours: Avanc\u00e9 Concepts cl\u00e9s: - Microstructure des march\u00e9s actions - Indice de march\u00e9s actions - Mod\u00e8les de valorisation des actions - Analyse technique Ce cours comprend: - Vid\u00e9os de cours \u00e0 la demande - Diapositives\u2026","rel":"","context":"Article similaire","block_context":{"text":"Article similaire","link":""},"img":{"alt_text":"Online Finance Courses","src":"https:\/\/i0.wp.com\/kyzen-finance.com\/wp-content\/uploads\/2020\/07\/skyscraper-3032786_1920.jpg?fit=1200%2C803&resize=350%2C200","width":350,"height":200,"srcset":"https:\/\/i0.wp.com\/kyzen-finance.com\/wp-content\/uploads\/2020\/07\/skyscraper-3032786_1920.jpg?fit=1200%2C803&resize=350%2C200 1x, https:\/\/i0.wp.com\/kyzen-finance.com\/wp-content\/uploads\/2020\/07\/skyscraper-3032786_1920.jpg?fit=1200%2C803&resize=525%2C300 1.5x, https:\/\/i0.wp.com\/kyzen-finance.com\/wp-content\/uploads\/2020\/07\/skyscraper-3032786_1920.jpg?fit=1200%2C803&resize=700%2C400 2x, https:\/\/i0.wp.com\/kyzen-finance.com\/wp-content\/uploads\/2020\/07\/skyscraper-3032786_1920.jpg?fit=1200%2C803&resize=1050%2C600 3x"},"classes":[]},{"id":10824,"url":"http:\/\/kyzen-finance.com\/fr\/product\/strategies-d-investissement\/","url_meta":{"origin":7790,"position":4},"title":"\ud83d\udcca Fondements de l\u2019investissement : de la valeur temps \u00e0 l\u2019\u00e9valuation des actions","author":"Cheikh NIANG, PhD, CFA","date":"","format":false,"excerpt":"Ce cours est con\u00e7u pour tous ceux qui souhaitent construire une base solide en finance et en investissement. Il couvre les concepts essentiels de la valeur temporelle de l\u2019argent, de l\u2019\u00e9valuation de base des actions et des principaux outils de prise de d\u00e9cision dans l\u2019analyse des investissements. Que vous soyez\u2026","rel":"","context":"Article similaire","block_context":{"text":"Article similaire","link":""},"img":{"alt_text":"Online Finance Courses","src":"https:\/\/i0.wp.com\/kyzen-finance.com\/wp-content\/uploads\/2020\/07\/blur-1853262_1920.jpg?fit=1200%2C900&resize=350%2C200","width":350,"height":200,"srcset":"https:\/\/i0.wp.com\/kyzen-finance.com\/wp-content\/uploads\/2020\/07\/blur-1853262_1920.jpg?fit=1200%2C900&resize=350%2C200 1x, https:\/\/i0.wp.com\/kyzen-finance.com\/wp-content\/uploads\/2020\/07\/blur-1853262_1920.jpg?fit=1200%2C900&resize=525%2C300 1.5x, https:\/\/i0.wp.com\/kyzen-finance.com\/wp-content\/uploads\/2020\/07\/blur-1853262_1920.jpg?fit=1200%2C900&resize=700%2C400 2x, https:\/\/i0.wp.com\/kyzen-finance.com\/wp-content\/uploads\/2020\/07\/blur-1853262_1920.jpg?fit=1200%2C900&resize=1050%2C600 3x"},"classes":[]},{"id":2725,"url":"http:\/\/kyzen-finance.com\/fr\/product\/cout-du-capital\/","url_meta":{"origin":7790,"position":5},"title":"\ud83d\udcca Ma\u00eetrise de la finance d\u2019entreprise : de la structure du capital aux fusions-acquisitions","author":"Cheikh NIANG, PhD, CFA","date":"","format":false,"excerpt":"Ce cours avanc\u00e9 couvre les d\u00e9cisions cl\u00e9s en mati\u00e8re de financement d\u2019entreprise, de l\u2019optimisation de la structure du capital \u00e0 la politique de dividende et aux fusions et acquisitions. S\u2019appuyant sur les concepts d\u2019analyse financi\u00e8re et de reporting de niveau 2 du CFA, ce programme explore \u00e9galement les options r\u00e9elles\u2026","rel":"","context":"Article similaire","block_context":{"text":"Article similaire","link":""},"img":{"alt_text":"Practice Book \u2013 Cost of Capital & Leverage | Finance eBook","src":"https:\/\/i0.wp.com\/kyzen-finance.com\/wp-content\/uploads\/2020\/07\/startup-849805_1920.jpg?fit=1200%2C800&resize=350%2C200","width":350,"height":200,"srcset":"https:\/\/i0.wp.com\/kyzen-finance.com\/wp-content\/uploads\/2020\/07\/startup-849805_1920.jpg?fit=1200%2C800&resize=350%2C200 1x, https:\/\/i0.wp.com\/kyzen-finance.com\/wp-content\/uploads\/2020\/07\/startup-849805_1920.jpg?fit=1200%2C800&resize=525%2C300 1.5x, https:\/\/i0.wp.com\/kyzen-finance.com\/wp-content\/uploads\/2020\/07\/startup-849805_1920.jpg?fit=1200%2C800&resize=700%2C400 2x, https:\/\/i0.wp.com\/kyzen-finance.com\/wp-content\/uploads\/2020\/07\/startup-849805_1920.jpg?fit=1200%2C800&resize=1050%2C600 3x"},"classes":[]}],"jetpack_sharing_enabled":true,"_links":{"self":[{"href":"http:\/\/kyzen-finance.com\/fr\/wp-json\/wp\/v2\/product\/7790","targetHints":{"allow":["GET"]}}],"collection":[{"href":"http:\/\/kyzen-finance.com\/fr\/wp-json\/wp\/v2\/product"}],"about":[{"href":"http:\/\/kyzen-finance.com\/fr\/wp-json\/wp\/v2\/types\/product"}],"version-history":[{"count":0,"href":"http:\/\/kyzen-finance.com\/fr\/wp-json\/wp\/v2\/product\/7790\/revisions"}],"wp:featuredmedia":[{"embeddable":true,"href":"http:\/\/kyzen-finance.com\/fr\/wp-json\/wp\/v2\/media\/1651"}],"wp:attachment":[{"href":"http:\/\/kyzen-finance.com\/fr\/wp-json\/wp\/v2\/media?parent=7790"}],"wp:term":[{"taxonomy":"product_brand","embeddable":true,"href":"http:\/\/kyzen-finance.com\/fr\/wp-json\/wp\/v2\/product_brand?post=7790"},{"taxonomy":"product_cat","embeddable":true,"href":"http:\/\/kyzen-finance.com\/fr\/wp-json\/wp\/v2\/product_cat?post=7790"},{"taxonomy":"product_tag","embeddable":true,"href":"http:\/\/kyzen-finance.com\/fr\/wp-json\/wp\/v2\/product_tag?post=7790"}],"curies":[{"name":"wp","href":"https:\/\/api.w.org\/{rel}","templated":true}]}}