{"id":3243,"date":"2020-12-24T16:43:44","date_gmt":"2020-12-24T16:43:44","guid":{"rendered":"https:\/\/kyzen-finance.com\/product\/strategies-dinvestissement\/"},"modified":"2020-12-24T16:43:44","modified_gmt":"2020-12-24T16:43:44","slug":"strategies-dinvestissement","status":"publish","type":"product","link":"http:\/\/kyzen-finance.com\/fr\/product\/strategies-dinvestissement\/","title":{"rendered":"Strat\u00e9gies d&rsquo;investissement"},"content":{"rendered":"<p><strong>Connaissances pr\u00e9alables:<\/strong><\/p>\n<p>Fondamentaux des produits d\u00e9riv\u00e9s<\/p>\n<p><strong>Niveau du cours:<\/strong><\/p>\n<p>Avanc\u00e9<\/p>\n<p><strong>Concepts cl\u00e9s:<\/strong><\/p>\n<p>&#8211; Am\u00e9lioration du rendement<\/p>\n<p>&#8211; Strat\u00e9gies de gestion de portefeuille<\/p>\n<p>&#8211; Croissance<\/p>\n<p>&#8211; Valeur<\/p>\n<p>&#8211; Strat\u00e9gies d\u00e9riv\u00e9es<\/p>\n<p>&#8211; Erreur de suivi<\/p>\n<p><strong>Ce cours comprend:<\/strong><\/p>\n<p>&#8211; Vid\u00e9os de cours \u00e0 la demande<\/p>\n<p>&#8211; Diapositives de cours t\u00e9l\u00e9chargeables<\/p>\n<p>&#8211; Questions pratiques<\/p>\n<p>&#8211; \u00c9tudes de cas<\/p>\n<p>&#8211; Quiz final<\/p>\n<p>&#8211; Certificat de cours<\/p>\n","protected":false},"excerpt":{"rendered":"<p>Connaissances pr\u00e9alables: Fondamentaux des produits d\u00e9riv\u00e9s Niveau du cours: Avanc\u00e9 Concepts cl\u00e9s: &#8211; Am\u00e9lioration du rendement &#8211; Strat\u00e9gies de gestion &hellip;<\/p>\n","protected":false},"featured_media":827,"template":"","meta":{"_vibebp_attr":"","_vibebp_dimensions":"","_vibebp_responsive_height":"","_vibebp_accordion_ie_support":"","_joinchat":[]},"product_brand":[],"product_cat":[],"product_tag":[],"class_list":{"0":"post-3243","1":"product","2":"type-product","3":"status-publish","4":"has-post-thumbnail","7":"first","8":"instock","9":"downloadable","10":"virtual","11":"sold-individually","12":"purchasable","13":"product-type-simple"},"aioseo_notices":[],"jetpack-related-posts":[{"id":3500,"url":"http:\/\/kyzen-finance.com\/fr\/product\/couverture-du-risque-financier-avec-des-strategies-derivees\/","url_meta":{"origin":3243,"position":0},"title":"Couverture du risque financier avec des strat\u00e9gies d\u00e9riv\u00e9es","author":"Charles Patrick, CFA","date":"","format":false,"excerpt":"Connaissances pr\u00e9alables: - Fondamentaux des options - Forwards & Futures Niveau du cours: Avanc\u00e9 Concepts cl\u00e9s: - Parit\u00e9 put-call - Papillon - Collars - Straddle - Strangle - Modification du b\u00eata Ce cours comprend: - Vid\u00e9os de cours \u00e0 la demande - Diapositives de cours t\u00e9l\u00e9chargeables - Questions pratiques -\u2026","rel":"","context":"Article similaire","block_context":{"text":"Article similaire","link":""},"img":{"alt_text":"","src":"https:\/\/i0.wp.com\/kyzen-finance.com\/wp-content\/uploads\/2020\/07\/financial-2860753_1920.jpg?fit=1200%2C794&resize=350%2C200","width":350,"height":200,"srcset":"https:\/\/i0.wp.com\/kyzen-finance.com\/wp-content\/uploads\/2020\/07\/financial-2860753_1920.jpg?fit=1200%2C794&resize=350%2C200 1x, https:\/\/i0.wp.com\/kyzen-finance.com\/wp-content\/uploads\/2020\/07\/financial-2860753_1920.jpg?fit=1200%2C794&resize=525%2C300 1.5x, https:\/\/i0.wp.com\/kyzen-finance.com\/wp-content\/uploads\/2020\/07\/financial-2860753_1920.jpg?fit=1200%2C794&resize=700%2C400 2x, https:\/\/i0.wp.com\/kyzen-finance.com\/wp-content\/uploads\/2020\/07\/financial-2860753_1920.jpg?fit=1200%2C794&resize=1050%2C600 3x"},"classes":[]},{"id":3073,"url":"http:\/\/kyzen-finance.com\/fr\/product\/gestion-de-portefeuilles-action\/","url_meta":{"origin":3243,"position":1},"title":"Gestion de portefeuilles action","author":"Charles Patrick, CFA","date":"","format":false,"excerpt":"Conditions pr\u00e9alables: - La valeur temps de l'argent - Connaissances avanc\u00e9es des march\u00e9s actions - Mod\u00e8le d'\u00e9valuation des actifs financiers Objectifs d'apprentissage du cours: - Comprendre la th\u00e9orie du portefeuille - Comprendre les strat\u00e9gies d'investissement - Mesure du risque et du rendement - \u00c9valuation de la performance du portefeuille -\u2026","rel":"","context":"Article similaire","block_context":{"text":"Article similaire","link":""},"img":{"alt_text":"","src":"https:\/\/i0.wp.com\/kyzen-finance.com\/wp-content\/uploads\/2020\/07\/business-4677631_1920.jpg?fit=1200%2C800&resize=350%2C200","width":350,"height":200,"srcset":"https:\/\/i0.wp.com\/kyzen-finance.com\/wp-content\/uploads\/2020\/07\/business-4677631_1920.jpg?fit=1200%2C800&resize=350%2C200 1x, https:\/\/i0.wp.com\/kyzen-finance.com\/wp-content\/uploads\/2020\/07\/business-4677631_1920.jpg?fit=1200%2C800&resize=525%2C300 1.5x, https:\/\/i0.wp.com\/kyzen-finance.com\/wp-content\/uploads\/2020\/07\/business-4677631_1920.jpg?fit=1200%2C800&resize=700%2C400 2x, https:\/\/i0.wp.com\/kyzen-finance.com\/wp-content\/uploads\/2020\/07\/business-4677631_1920.jpg?fit=1200%2C800&resize=1050%2C600 3x"},"classes":[]},{"id":3048,"url":"http:\/\/kyzen-finance.com\/fr\/product\/evaluation-du-risque-et-du-rendement-des-investissements-2\/","url_meta":{"origin":3243,"position":2},"title":"Evaluation du risque et du rendement des investissements","author":"Charles Patrick, CFA","date":"","format":false,"excerpt":"Objectifs d'apprentissage du cours: - Comment mesurer le risque d'investissement. - Comment mesurer le retour sur investissement. - Comment mettre en relation risque et rendement pour r\u00e9partir vos fonds entre diff\u00e9rents actifs et classes d'actifs. Concepts cl\u00e9s: - Variance - \u00c9cart-type - Esp\u00e9rance - Erreur de suivi - Strat\u00e9gies d'investissement\u2026","rel":"","context":"Article similaire","block_context":{"text":"Article similaire","link":""},"img":{"alt_text":"Practice Book \u2013 Financial Risk Management","src":"https:\/\/i0.wp.com\/kyzen-finance.com\/wp-content\/uploads\/2020\/07\/city-1150026_1280.jpg?fit=1200%2C800&resize=350%2C200","width":350,"height":200,"srcset":"https:\/\/i0.wp.com\/kyzen-finance.com\/wp-content\/uploads\/2020\/07\/city-1150026_1280.jpg?fit=1200%2C800&resize=350%2C200 1x, https:\/\/i0.wp.com\/kyzen-finance.com\/wp-content\/uploads\/2020\/07\/city-1150026_1280.jpg?fit=1200%2C800&resize=525%2C300 1.5x, https:\/\/i0.wp.com\/kyzen-finance.com\/wp-content\/uploads\/2020\/07\/city-1150026_1280.jpg?fit=1200%2C800&resize=700%2C400 2x, https:\/\/i0.wp.com\/kyzen-finance.com\/wp-content\/uploads\/2020\/07\/city-1150026_1280.jpg?fit=1200%2C800&resize=1050%2C600 3x"},"classes":[]},{"id":3010,"url":"http:\/\/kyzen-finance.com\/fr\/product\/decisions-dinvestissement-et-de-financement\/","url_meta":{"origin":3243,"position":3},"title":"D\u00e9cisions d&rsquo;investissement et de financement","author":"Charles Patrick, CFA","date":"","format":false,"excerpt":"Objectifs d'apprentissage du cours: - Utiliser les outils de d\u00e9cision d'investissement - D\u00e9finir et mettre en \u0153uvre un budget d'investissement - Calculer le co\u00fbt du capital \u00e0 l'aide de diff\u00e9rentes m\u00e9thodes - Effectuer une analyse de sc\u00e9nario - Effectuer une analyse de sensibilit\u00e9 - D\u00e9finir une strat\u00e9gie de financement pour\u2026","rel":"","context":"Article similaire","block_context":{"text":"Article similaire","link":""},"img":{"alt_text":"office","src":"https:\/\/i0.wp.com\/kyzen-finance.com\/wp-content\/uploads\/2020\/07\/laptop-3196481_1920.jpg?fit=1200%2C800&resize=350%2C200","width":350,"height":200,"srcset":"https:\/\/i0.wp.com\/kyzen-finance.com\/wp-content\/uploads\/2020\/07\/laptop-3196481_1920.jpg?fit=1200%2C800&resize=350%2C200 1x, https:\/\/i0.wp.com\/kyzen-finance.com\/wp-content\/uploads\/2020\/07\/laptop-3196481_1920.jpg?fit=1200%2C800&resize=525%2C300 1.5x, https:\/\/i0.wp.com\/kyzen-finance.com\/wp-content\/uploads\/2020\/07\/laptop-3196481_1920.jpg?fit=1200%2C800&resize=700%2C400 2x, https:\/\/i0.wp.com\/kyzen-finance.com\/wp-content\/uploads\/2020\/07\/laptop-3196481_1920.jpg?fit=1200%2C800&resize=1050%2C600 3x"},"classes":[]},{"id":2990,"url":"http:\/\/kyzen-finance.com\/fr\/product\/analyse-technique-3\/","url_meta":{"origin":3243,"position":4},"title":"Analyse Technique","author":"Charles Patrick, CFA","date":"","format":false,"excerpt":"Objectifs d'apprentissage du cours: - D\u00e9finir de l'analyse technique -Comprendre les strat\u00e9gies d'investissement bas\u00e9es sur l'analyse technique - Identifier les limites th\u00e9oriques de l'analyse technique Concepts cl\u00e9s: - Analyse technique - Mod\u00e8les de consolidation - Mod\u00e8les d'inversion - Head & Shoulders - Reverse head & shoulders - Diamant - Niveau\u2026","rel":"","context":"Article similaire","block_context":{"text":"Article similaire","link":""},"img":{"alt_text":"Analyse Technique | Finance Courses","src":"https:\/\/i0.wp.com\/kyzen-finance.com\/wp-content\/uploads\/2020\/07\/stock-exchange-3087396_1920.jpg?fit=1200%2C500&resize=350%2C200","width":350,"height":200,"srcset":"https:\/\/i0.wp.com\/kyzen-finance.com\/wp-content\/uploads\/2020\/07\/stock-exchange-3087396_1920.jpg?fit=1200%2C500&resize=350%2C200 1x, https:\/\/i0.wp.com\/kyzen-finance.com\/wp-content\/uploads\/2020\/07\/stock-exchange-3087396_1920.jpg?fit=1200%2C500&resize=525%2C300 1.5x, https:\/\/i0.wp.com\/kyzen-finance.com\/wp-content\/uploads\/2020\/07\/stock-exchange-3087396_1920.jpg?fit=1200%2C500&resize=700%2C400 2x, https:\/\/i0.wp.com\/kyzen-finance.com\/wp-content\/uploads\/2020\/07\/stock-exchange-3087396_1920.jpg?fit=1200%2C500&resize=1050%2C600 3x"},"classes":[]},{"id":3177,"url":"http:\/\/kyzen-finance.com\/fr\/product\/optimisation-de-la-structure-capitalistique\/","url_meta":{"origin":3243,"position":5},"title":"Optimisation de la Structure Capitalistique","author":"Charles Patrick, CFA","date":"","format":false,"excerpt":"Conditions pr\u00e9alables: Comprendre les \u00e9tats financiers Niveau du cours: Interm\u00e9diaire Concepts cl\u00e9s: - Structure optimale du capital - Structure cible du capital - \u00c9valuation de la structure du capital - Th\u00e9ories de la structure du capital - Co\u00fbt du capital Ce cours comprend: - Vid\u00e9os de cours \u00e0 la demande\u2026","rel":"","context":"Article similaire","block_context":{"text":"Article similaire","link":""},"img":{"alt_text":"","src":"https:\/\/i0.wp.com\/kyzen-finance.com\/wp-content\/uploads\/2020\/07\/digital-marketing-1725340_1920.jpg?fit=1200%2C799&resize=350%2C200","width":350,"height":200,"srcset":"https:\/\/i0.wp.com\/kyzen-finance.com\/wp-content\/uploads\/2020\/07\/digital-marketing-1725340_1920.jpg?fit=1200%2C799&resize=350%2C200 1x, https:\/\/i0.wp.com\/kyzen-finance.com\/wp-content\/uploads\/2020\/07\/digital-marketing-1725340_1920.jpg?fit=1200%2C799&resize=525%2C300 1.5x, https:\/\/i0.wp.com\/kyzen-finance.com\/wp-content\/uploads\/2020\/07\/digital-marketing-1725340_1920.jpg?fit=1200%2C799&resize=700%2C400 2x, https:\/\/i0.wp.com\/kyzen-finance.com\/wp-content\/uploads\/2020\/07\/digital-marketing-1725340_1920.jpg?fit=1200%2C799&resize=1050%2C600 3x"},"classes":[]}],"jetpack_sharing_enabled":true,"_links":{"self":[{"href":"http:\/\/kyzen-finance.com\/fr\/wp-json\/wp\/v2\/product\/3243","targetHints":{"allow":["GET"]}}],"collection":[{"href":"http:\/\/kyzen-finance.com\/fr\/wp-json\/wp\/v2\/product"}],"about":[{"href":"http:\/\/kyzen-finance.com\/fr\/wp-json\/wp\/v2\/types\/product"}],"version-history":[{"count":0,"href":"http:\/\/kyzen-finance.com\/fr\/wp-json\/wp\/v2\/product\/3243\/revisions"}],"wp:featuredmedia":[{"embeddable":true,"href":"http:\/\/kyzen-finance.com\/fr\/wp-json\/wp\/v2\/media\/827"}],"wp:attachment":[{"href":"http:\/\/kyzen-finance.com\/fr\/wp-json\/wp\/v2\/media?parent=3243"}],"wp:term":[{"taxonomy":"product_brand","embeddable":true,"href":"http:\/\/kyzen-finance.com\/fr\/wp-json\/wp\/v2\/product_brand?post=3243"},{"taxonomy":"product_cat","embeddable":true,"href":"http:\/\/kyzen-finance.com\/fr\/wp-json\/wp\/v2\/product_cat?post=3243"},{"taxonomy":"product_tag","embeddable":true,"href":"http:\/\/kyzen-finance.com\/fr\/wp-json\/wp\/v2\/product_tag?post=3243"}],"curies":[{"name":"wp","href":"https:\/\/api.w.org\/{rel}","templated":true}]}}